{"id":9588,"date":"2021-01-12T09:38:16","date_gmt":"2021-01-12T06:38:16","guid":{"rendered":"https:\/\/tytan.com\/tr\/?page_id=9588"},"modified":"2025-03-11T18:25:55","modified_gmt":"2025-03-11T15:25:55","slug":"katalog","status":"publish","type":"page","link":"https:\/\/tytan.com\/tr\/katalog\/","title":{"rendered":"Dijital Katalog"},"content":{"rendered":"\t\t<section id=\"bfae7b99e6bb457e80e66c7e65aef702\" class=\"catalogs block catalogs alignwide \">\n\t\t\t<div class=\"container\">\n\t\t\t\t<div class=\"row\">\n\t\t\t\t\t<div class=\"col-12\">\n\t\t\t\t\t\t<div class=\"catalogs-list\">\n\t\t\t\t\t\t\t<div class=\"catalogs-list__row\">\n\t\t\t\t\t\t\t\t\t\t\t\t\t\t\t\t\t\t<div class=\"catalogs-list__col \">\n\t\t\t\t\t\t\t\t\t\t\t<div class=\"catalogs-list__item\">\n\t\t\t\t\t\t\t\t\t\t\t\t<div class=\"catalogs-list__iframe\">\n\t\t\t\t\t\t\t\t\t\t\t\t\t<iframe loading=\"lazy\" src=\"https:\/\/player.flipsnack.com?hash=RkNERERDQzhCN0EraDUydDY0Mmlsdw==\" width=\"100%\" height=\"600\" seamless=\"seamless\" scrolling=\"no\" frameBorder=\"0\" allowFullScreen allow=\"autoplay; clipboard-read; clipboard-write\"><\/iframe>\t\t\t\t\t\t\t\t\t\t\t\t<\/div>\n\t\t\t\t\t\t\t\t\t\t\t\t<div class=\"catalogs-list__btm\">\n\t\t\t\t\t\t\t\t\t\t\t\t\t<div class=\"catalogs-list__desc\">\n\t\t\t\t\t\t\t\t\t\t\t\t\t\t\t\t\t\t\t\t\t\t\t\t\t\t\t\t<p class=\"catalogs-list__mtitle\">\u00dcR\u00dcN KATALO\u011eU<\/p>\n\t\t\t\t\t\t\t\t\t\t\t\t\t\t\n\t\t\t\t\t\t\t\t\t\t\t\t\t\t\t\t\t\t\t\t\t\t\t\t\t\t\t\t<h2 class=\"catalogs-list__title\">TYTAN PROFESSIONAL<\/h2>\n\t\t\t\t\t\t\t\t\t\t\t\t\t\t\n\t\t\t\t\t\t\t\t\t\t\t\t\t\t\t\t\t\t\t\t\t\t\t\t\t\t\t\t<h3 class=\"catalogs-list__stitle\">PROFESYONEL YAPI \u00dcR\u00dcNLER\u0130<\/h3>\n\t\t\t\t\t\t\t\t\t\t\t\t\t\t\t\t\t\t\t\t\t\t\t\t\t\t\t<\/div>\n\t\t\t\t\t\t\t\t\t\t\t\t\t<div class=\"catalogs-list__btns\">\n\t\t\t\t\t\t\t\t\t\t\t\t\t\t\t\t\t\t\t\t\t\t\t\t\t\t\t\t<a class=\"catalogs-list__btn catalogs-list__btn--download\" href=\"https:\/\/www.flipsnack.com\/selenagroup\/tytan-professional-turkiye-katalogu\/download-pdf.html\">\n\t\t\t\t\t\t\t\t\t\t\t\t\t\t<svg width=\"24\" height=\"24\" viewBox=\"0 0 24 24\" fill=\"none\" xmlns=\"http:\/\/www.w3.org\/2000\/svg\">\n\t\t\t\t\t\t\t\t\t\t\t\t\t\t\t<path d=\"M21 15v4a2 2 0 01-2 2H5a2 2 0 01-2-2v-4m4-5l5 5 5-5m-5 5V3\" stroke=\"#D71920\" stroke-width=\"2\" stroke-linecap=\"round\" stroke-linejoin=\"round\"\/>\n\t\t\t\t\t\t\t\t\t\t\t\t\t\t<\/svg> \u0130ndir\t\t\t\t\t\t\t\t\t\t\t\t\t\t<\/a>\n\t\t\t\t\t\t\t\t\t\t\t\t\t\t\n\t\t\t\t\t\t\t\t\t\t\t\t\t\t<button type=\"button\" class=\"catalogs-list__btn catalogs-list__btn--modal\" data-toggle=\"modal\" data-target=\"#catalog-modal-0\">G\u00f6r\u00fcnt\u00fcle<\/button>\n\t\t\t\t\t\t\t\t\t\t\t\t\t<\/div>\n\t\t\t\t\t\t\t\t\t\t\t\t<\/div>\n\t\t\t\t\t\t\t\t\t\t\t<\/div>\n\t\t\t\t\t\t\t\t\t\t<\/div>\n\t\t\t\t\t\t\t\t\t\t\t\t\t\t\t\t\t<\/div>\n\t\t\t\t\t\t<\/div>\n\t\t\t\t\t<\/div>\n\t\t\t\t<\/div>\n\t\t\t<\/div>\n\t\t<\/section>\n\n\t\t\t\t\t\t<dialog class=\"catalog-modal\" id=\"catalog-modal-0\" tabindex=\"-1\" role=\"dialog\" aria-labelledby=\"exampleModalLabel\" aria-hidden=\"true\">\n\t\t\t\t\t<div class=\"catalog-modal__wrapper\" role=\"document\">\n\t\t\t\t\t\t<div class=\"catalog-modal__modal-body\">\n\n\t\t\t\t\t\t\t<div class=\"catalog-modal__header\">\n\t\t\t\t\t\t\t\t<div>\n\t\t\t\t\t\t\t\t\t\t\t\t\t\t\t\t\t\t<span>\u00dcR\u00dcN KATALO\u011eU<\/span>\n\t\t\t\t\t\t\t\t\t\t\t\t\t\t\t\t\t\t\n\t\t\t\t\t\t\t\t\t\t\t\t\t\t\t\t\t\t<span>TYTAN PROFESSIONAL<\/span>\n\t\t\t\t\t\t\t\t\t\t\t\t\t\t\t\t\t<\/div>\n\t\t\t\t\t\t\t\t\t\n\t\t\t\t\t\t\t\t<button type=\"button\" class=\"close catalog-modal__close-button\" data-dismiss=\"modal\" aria-label=\"Close\">\n\t\t\t\t\t\t\t\t\t<span>\u00c7\u0131k\u0131\u015f<\/span>\n\t\t\t\t\t\t\t\t<\/button>\n\t\t\t\t\t\t\t<\/div>\n\t\t\t\t\t\t\t\t\t\n\t\t\t\t\t\t\t<div class=\"catalog-modal__iframe\">\n\t\t\t\t\t\t\t\t<iframe loading=\"lazy\" src=\"https:\/\/player.flipsnack.com?hash=RkNERERDQzhCN0EraDUydDY0Mmlsdw==\" width=\"100%\" height=\"600\" seamless=\"seamless\" scrolling=\"no\" frameBorder=\"0\" allowFullScreen allow=\"autoplay; clipboard-read; clipboard-write\"><\/iframe>\t\t\t\t\t\t\t<\/div>\n\t\t\t\t\t\t<\/div>\n\t\t\t\t\t<\/div>\n\t\t\t\t<\/dialog>\n\t\t\t\t","protected":false},"excerpt":{"rendered":"","protected":false},"author":29,"featured_media":0,"parent":0,"menu_order":0,"comment_status":"closed","ping_status":"closed","template":"page-gutenberg-page.php","meta":{"_acf_changed":false,"footnotes":""},"class_list":["post-9588","page","type-page","status-publish","hentry"],"acf":[],"yoast_head":"<!-- This site is optimized with the Yoast SEO Premium plugin v27.2 (Yoast SEO v27.2) - https:\/\/yoast.com\/product\/yoast-seo-premium-wordpress\/ -->\n<title>Dijital Katalog - Tytan Professional T\u00fcrkiye<\/title>\n<meta name=\"description\" content=\"Tytan Professional&#039;dan y\u00fczlerce in\u015faat kimyas\u0131 \u00fcr\u00fcn\u00fc hakk\u0131nda bilgi edinmek i\u00e7in katalo\u011fu indirin.\" \/>\n<meta name=\"robots\" content=\"index, follow, max-snippet:-1, max-image-preview:large, max-video-preview:-1\" \/>\n<link rel=\"canonical\" href=\"https:\/\/tytan.com\/tr\/katalog\/\" \/>\n<meta property=\"og:locale\" content=\"tr_TR\" \/>\n<meta property=\"og:type\" content=\"article\" \/>\n<meta property=\"og:title\" content=\"Dijital Katalog\" \/>\n<meta property=\"og:description\" content=\"Tytan Professional&#039;dan y\u00fczlerce in\u015faat kimyas\u0131 \u00fcr\u00fcn\u00fc hakk\u0131nda bilgi edinmek i\u00e7in katalo\u011fu indirin.\" \/>\n<meta property=\"og:url\" content=\"https:\/\/tytan.com\/tr\/katalog\/\" \/>\n<meta property=\"og:site_name\" content=\"Tytan Professional T\u00fcrkiye\" \/>\n<meta property=\"article:publisher\" content=\"https:\/\/www.facebook.com\/tytanturkiye\/\" \/>\n<meta property=\"article:modified_time\" content=\"2025-03-11T15:25:55+00:00\" \/>\n<meta property=\"og:image\" content=\"https:\/\/tytan-cdn.tytan.com\/uploads\/sites\/25\/2022\/03\/Tytan-Professional-building-chemistry.png\" \/>\n\t<meta property=\"og:image:width\" content=\"1200\" \/>\n\t<meta property=\"og:image:height\" content=\"600\" \/>\n\t<meta property=\"og:image:type\" content=\"image\/png\" \/>\n<meta name=\"twitter:card\" content=\"summary_large_image\" \/>\n<meta name=\"twitter:site\" content=\"@tytanturkiye\" \/>\n<meta name=\"twitter:label1\" content=\"Est. reading time\" \/>\n\t<meta name=\"twitter:data1\" content=\"1 minute\" \/>\n<script type=\"application\/ld+json\" class=\"yoast-schema-graph\">{\"@context\":\"https:\/\/schema.org\",\"@graph\":[{\"@type\":\"WebPage\",\"@id\":\"https:\/\/tytan.com\/tr\/katalog\/\",\"url\":\"https:\/\/tytan.com\/tr\/katalog\/\",\"name\":\"Dijital Katalog - Tytan Professional T\u00fcrkiye\",\"isPartOf\":{\"@id\":\"https:\/\/tytan.com\/tr\/#website\"},\"datePublished\":\"2021-01-12T06:38:16+00:00\",\"dateModified\":\"2025-03-11T15:25:55+00:00\",\"description\":\"Tytan Professional'dan y\u00fczlerce in\u015faat kimyas\u0131 \u00fcr\u00fcn\u00fc hakk\u0131nda bilgi edinmek i\u00e7in katalo\u011fu indirin.\",\"breadcrumb\":{\"@id\":\"https:\/\/tytan.com\/tr\/katalog\/#breadcrumb\"},\"inLanguage\":\"tr-TR\",\"potentialAction\":[{\"@type\":\"ReadAction\",\"target\":[\"https:\/\/tytan.com\/tr\/katalog\/\"]}]},{\"@type\":\"BreadcrumbList\",\"@id\":\"https:\/\/tytan.com\/tr\/katalog\/#breadcrumb\",\"itemListElement\":[{\"@type\":\"ListItem\",\"position\":1,\"name\":\"Home\",\"item\":\"https:\/\/tytan.com\/tr\/\"},{\"@type\":\"ListItem\",\"position\":2,\"name\":\"Dijital Katalog\"}]},{\"@type\":\"WebSite\",\"@id\":\"https:\/\/tytan.com\/tr\/#website\",\"url\":\"https:\/\/tytan.com\/tr\/\",\"name\":\"Tytan Professional T\u00fcrkiye\",\"description\":\"Tytan Professional ile g\u00fcvenle in\u015fa edin! \u0130n\u015faat ve bitirme i\u015fleri i\u00e7in geni\u015f bir \u00fcr\u00fcn yelpazesine bak\u0131n: k\u00f6p\u00fck yap\u0131\u015ft\u0131r\u0131c\u0131lar, s\u0131zd\u0131rmazl\u0131k \u00fcr\u00fcnleri, montaj yap\u0131\u015ft\u0131r\u0131c\u0131lar\u0131, su yal\u0131t\u0131m bile\u015fikleri, ETICS sistemleri ve daha fazlas\u0131!\",\"potentialAction\":[{\"@type\":\"SearchAction\",\"target\":{\"@type\":\"EntryPoint\",\"urlTemplate\":\"https:\/\/tytan.com\/tr\/?s={search_term_string}\"},\"query-input\":{\"@type\":\"PropertyValueSpecification\",\"valueRequired\":true,\"valueName\":\"search_term_string\"}}],\"inLanguage\":\"tr-TR\"}]}<\/script>\n<!-- \/ Yoast SEO Premium plugin. -->","yoast_head_json":{"title":"Dijital Katalog - Tytan Professional T\u00fcrkiye","description":"Tytan Professional'dan y\u00fczlerce in\u015faat kimyas\u0131 \u00fcr\u00fcn\u00fc hakk\u0131nda bilgi edinmek i\u00e7in katalo\u011fu indirin.","robots":{"index":"index","follow":"follow","max-snippet":"max-snippet:-1","max-image-preview":"max-image-preview:large","max-video-preview":"max-video-preview:-1"},"canonical":"https:\/\/tytan.com\/tr\/katalog\/","og_locale":"tr_TR","og_type":"article","og_title":"Dijital Katalog","og_description":"Tytan Professional'dan y\u00fczlerce in\u015faat kimyas\u0131 \u00fcr\u00fcn\u00fc hakk\u0131nda bilgi edinmek i\u00e7in katalo\u011fu indirin.","og_url":"https:\/\/tytan.com\/tr\/katalog\/","og_site_name":"Tytan Professional T\u00fcrkiye","article_publisher":"https:\/\/www.facebook.com\/tytanturkiye\/","article_modified_time":"2025-03-11T15:25:55+00:00","og_image":[{"width":1200,"height":600,"url":"https:\/\/tytan-cdn.tytan.com\/uploads\/sites\/25\/2022\/03\/Tytan-Professional-building-chemistry.png","type":"image\/png"}],"twitter_card":"summary_large_image","twitter_site":"@tytanturkiye","twitter_misc":{"Est. reading time":"1 minute"},"schema":{"@context":"https:\/\/schema.org","@graph":[{"@type":"WebPage","@id":"https:\/\/tytan.com\/tr\/katalog\/","url":"https:\/\/tytan.com\/tr\/katalog\/","name":"Dijital Katalog - Tytan Professional T\u00fcrkiye","isPartOf":{"@id":"https:\/\/tytan.com\/tr\/#website"},"datePublished":"2021-01-12T06:38:16+00:00","dateModified":"2025-03-11T15:25:55+00:00","description":"Tytan Professional'dan y\u00fczlerce in\u015faat kimyas\u0131 \u00fcr\u00fcn\u00fc hakk\u0131nda bilgi edinmek i\u00e7in katalo\u011fu indirin.","breadcrumb":{"@id":"https:\/\/tytan.com\/tr\/katalog\/#breadcrumb"},"inLanguage":"tr-TR","potentialAction":[{"@type":"ReadAction","target":["https:\/\/tytan.com\/tr\/katalog\/"]}]},{"@type":"BreadcrumbList","@id":"https:\/\/tytan.com\/tr\/katalog\/#breadcrumb","itemListElement":[{"@type":"ListItem","position":1,"name":"Home","item":"https:\/\/tytan.com\/tr\/"},{"@type":"ListItem","position":2,"name":"Dijital Katalog"}]},{"@type":"WebSite","@id":"https:\/\/tytan.com\/tr\/#website","url":"https:\/\/tytan.com\/tr\/","name":"Tytan Professional T\u00fcrkiye","description":"Tytan Professional ile g\u00fcvenle in\u015fa edin! \u0130n\u015faat ve bitirme i\u015fleri i\u00e7in geni\u015f bir \u00fcr\u00fcn yelpazesine bak\u0131n: k\u00f6p\u00fck yap\u0131\u015ft\u0131r\u0131c\u0131lar, s\u0131zd\u0131rmazl\u0131k \u00fcr\u00fcnleri, montaj yap\u0131\u015ft\u0131r\u0131c\u0131lar\u0131, su yal\u0131t\u0131m bile\u015fikleri, ETICS sistemleri ve daha fazlas\u0131!","potentialAction":[{"@type":"SearchAction","target":{"@type":"EntryPoint","urlTemplate":"https:\/\/tytan.com\/tr\/?s={search_term_string}"},"query-input":{"@type":"PropertyValueSpecification","valueRequired":true,"valueName":"search_term_string"}}],"inLanguage":"tr-TR"}]}},"_links":{"self":[{"href":"https:\/\/tytan.com\/tr\/wp-json\/wp\/v2\/pages\/9588","targetHints":{"allow":["GET"]}}],"collection":[{"href":"https:\/\/tytan.com\/tr\/wp-json\/wp\/v2\/pages"}],"about":[{"href":"https:\/\/tytan.com\/tr\/wp-json\/wp\/v2\/types\/page"}],"author":[{"embeddable":true,"href":"https:\/\/tytan.com\/tr\/wp-json\/wp\/v2\/users\/29"}],"replies":[{"embeddable":true,"href":"https:\/\/tytan.com\/tr\/wp-json\/wp\/v2\/comments?post=9588"}],"version-history":[{"count":46,"href":"https:\/\/tytan.com\/tr\/wp-json\/wp\/v2\/pages\/9588\/revisions"}],"predecessor-version":[{"id":151482,"href":"https:\/\/tytan.com\/tr\/wp-json\/wp\/v2\/pages\/9588\/revisions\/151482"}],"wp:attachment":[{"href":"https:\/\/tytan.com\/tr\/wp-json\/wp\/v2\/media?parent=9588"}],"curies":[{"name":"wp","href":"https:\/\/api.w.org\/{rel}","templated":true}]}}