{"id":6420,"date":"2020-01-04T12:08:22","date_gmt":"2020-01-04T09:08:22","guid":{"rendered":"http:\/\/wordpress-selena-lb.eu-central-1.elasticbeanstalk.com\/?page_id=32"},"modified":"2025-01-27T13:20:35","modified_gmt":"2025-01-27T10:20:35","slug":"hakkimizda","status":"publish","type":"page","link":"https:\/\/tytan.com\/tr\/hakkimizda\/","title":{"rendered":"Hakk\u0131m\u0131zda"},"content":{"rendered":"","protected":false},"excerpt":{"rendered":"","protected":false},"author":29,"featured_media":0,"parent":0,"menu_order":0,"comment_status":"closed","ping_status":"closed","template":"page-full-no-heading.php","meta":{"_acf_changed":false,"footnotes":""},"class_list":["post-6420","page","type-page","status-publish","hentry"],"acf":[],"yoast_head":"<!-- This site is optimized with the Yoast SEO Premium plugin v27.2 (Yoast SEO v27.2) - https:\/\/yoast.com\/product\/yoast-seo-premium-wordpress\/ -->\n<title>Hakk\u0131m\u0131zda - Tytan Professional T\u00fcrkiye<\/title>\n<meta name=\"description\" content=\"Tytan Professional, in\u015faat ve renovasyonun her a\u015famas\u0131 i\u00e7in tasarlanm\u0131\u015f in\u015faat ve ince i\u015fler i\u00e7in \u00fcr\u00fcnler yarat\u0131r. Selena Group&#039;un bir par\u00e7as\u0131y\u0131z.\" \/>\n<meta name=\"robots\" content=\"index, follow, max-snippet:-1, max-image-preview:large, max-video-preview:-1\" \/>\n<link rel=\"canonical\" href=\"https:\/\/tytan.com\/tr\/hakkimizda\/\" \/>\n<meta property=\"og:locale\" content=\"tr_TR\" \/>\n<meta property=\"og:type\" content=\"article\" \/>\n<meta property=\"og:title\" content=\"Hakk\u0131m\u0131zda\" \/>\n<meta property=\"og:description\" content=\"Tytan Professional, in\u015faat ve renovasyonun her a\u015famas\u0131 i\u00e7in tasarlanm\u0131\u015f in\u015faat ve ince i\u015fler i\u00e7in \u00fcr\u00fcnler yarat\u0131r. Selena Group&#039;un bir par\u00e7as\u0131y\u0131z.\" \/>\n<meta property=\"og:url\" content=\"https:\/\/tytan.com\/tr\/hakkimizda\/\" \/>\n<meta property=\"og:site_name\" content=\"Tytan Professional T\u00fcrkiye\" \/>\n<meta property=\"article:publisher\" content=\"https:\/\/www.facebook.com\/tytanturkiye\/\" \/>\n<meta property=\"article:modified_time\" content=\"2025-01-27T10:20:35+00:00\" \/>\n<meta property=\"og:image\" content=\"https:\/\/tytan-cdn.tytan.com\/uploads\/sites\/25\/2022\/03\/Tytan-Professional-building-chemistry.png\" \/>\n\t<meta property=\"og:image:width\" content=\"1200\" \/>\n\t<meta property=\"og:image:height\" content=\"600\" \/>\n\t<meta property=\"og:image:type\" content=\"image\/png\" \/>\n<meta name=\"twitter:card\" content=\"summary_large_image\" \/>\n<meta name=\"twitter:site\" content=\"@tytanturkiye\" \/>\n<meta name=\"twitter:label1\" content=\"Est. reading time\" \/>\n\t<meta name=\"twitter:data1\" content=\"13 minutes\" \/>\n<script type=\"application\/ld+json\" class=\"yoast-schema-graph\">{\"@context\":\"https:\/\/schema.org\",\"@graph\":[{\"@type\":\"WebPage\",\"@id\":\"https:\/\/tytan.com\/tr\/hakkimizda\/\",\"url\":\"https:\/\/tytan.com\/tr\/hakkimizda\/\",\"name\":\"Hakk\u0131m\u0131zda - Tytan Professional T\u00fcrkiye\",\"isPartOf\":{\"@id\":\"https:\/\/tytan.com\/tr\/#website\"},\"datePublished\":\"2020-01-04T09:08:22+00:00\",\"dateModified\":\"2025-01-27T10:20:35+00:00\",\"description\":\"Tytan Professional, in\u015faat ve renovasyonun her a\u015famas\u0131 i\u00e7in tasarlanm\u0131\u015f in\u015faat ve ince i\u015fler i\u00e7in \u00fcr\u00fcnler yarat\u0131r. Selena Group'un bir par\u00e7as\u0131y\u0131z.\",\"breadcrumb\":{\"@id\":\"https:\/\/tytan.com\/tr\/hakkimizda\/#breadcrumb\"},\"inLanguage\":\"tr-TR\",\"potentialAction\":[{\"@type\":\"ReadAction\",\"target\":[\"https:\/\/tytan.com\/tr\/hakkimizda\/\"]}]},{\"@type\":\"BreadcrumbList\",\"@id\":\"https:\/\/tytan.com\/tr\/hakkimizda\/#breadcrumb\",\"itemListElement\":[{\"@type\":\"ListItem\",\"position\":1,\"name\":\"Home\",\"item\":\"https:\/\/tytan.com\/tr\/\"},{\"@type\":\"ListItem\",\"position\":2,\"name\":\"Hakk\u0131m\u0131zda\"}]},{\"@type\":\"WebSite\",\"@id\":\"https:\/\/tytan.com\/tr\/#website\",\"url\":\"https:\/\/tytan.com\/tr\/\",\"name\":\"Tytan Professional T\u00fcrkiye\",\"description\":\"Tytan Professional ile g\u00fcvenle in\u015fa edin! \u0130n\u015faat ve bitirme i\u015fleri i\u00e7in geni\u015f bir \u00fcr\u00fcn yelpazesine bak\u0131n: k\u00f6p\u00fck yap\u0131\u015ft\u0131r\u0131c\u0131lar, s\u0131zd\u0131rmazl\u0131k \u00fcr\u00fcnleri, montaj yap\u0131\u015ft\u0131r\u0131c\u0131lar\u0131, su yal\u0131t\u0131m bile\u015fikleri, ETICS sistemleri ve daha fazlas\u0131!\",\"potentialAction\":[{\"@type\":\"SearchAction\",\"target\":{\"@type\":\"EntryPoint\",\"urlTemplate\":\"https:\/\/tytan.com\/tr\/?s={search_term_string}\"},\"query-input\":{\"@type\":\"PropertyValueSpecification\",\"valueRequired\":true,\"valueName\":\"search_term_string\"}}],\"inLanguage\":\"tr-TR\"}]}<\/script>\n<!-- \/ Yoast SEO Premium plugin. -->","yoast_head_json":{"title":"Hakk\u0131m\u0131zda - Tytan Professional T\u00fcrkiye","description":"Tytan Professional, in\u015faat ve renovasyonun her a\u015famas\u0131 i\u00e7in tasarlanm\u0131\u015f in\u015faat ve ince i\u015fler i\u00e7in \u00fcr\u00fcnler yarat\u0131r. Selena Group'un bir par\u00e7as\u0131y\u0131z.","robots":{"index":"index","follow":"follow","max-snippet":"max-snippet:-1","max-image-preview":"max-image-preview:large","max-video-preview":"max-video-preview:-1"},"canonical":"https:\/\/tytan.com\/tr\/hakkimizda\/","og_locale":"tr_TR","og_type":"article","og_title":"Hakk\u0131m\u0131zda","og_description":"Tytan Professional, in\u015faat ve renovasyonun her a\u015famas\u0131 i\u00e7in tasarlanm\u0131\u015f in\u015faat ve ince i\u015fler i\u00e7in \u00fcr\u00fcnler yarat\u0131r. Selena Group'un bir par\u00e7as\u0131y\u0131z.","og_url":"https:\/\/tytan.com\/tr\/hakkimizda\/","og_site_name":"Tytan Professional T\u00fcrkiye","article_publisher":"https:\/\/www.facebook.com\/tytanturkiye\/","article_modified_time":"2025-01-27T10:20:35+00:00","og_image":[{"width":1200,"height":600,"url":"https:\/\/tytan-cdn.tytan.com\/uploads\/sites\/25\/2022\/03\/Tytan-Professional-building-chemistry.png","type":"image\/png"}],"twitter_card":"summary_large_image","twitter_site":"@tytanturkiye","twitter_misc":{"Est. reading time":"13 minutes"},"schema":{"@context":"https:\/\/schema.org","@graph":[{"@type":"WebPage","@id":"https:\/\/tytan.com\/tr\/hakkimizda\/","url":"https:\/\/tytan.com\/tr\/hakkimizda\/","name":"Hakk\u0131m\u0131zda - Tytan Professional T\u00fcrkiye","isPartOf":{"@id":"https:\/\/tytan.com\/tr\/#website"},"datePublished":"2020-01-04T09:08:22+00:00","dateModified":"2025-01-27T10:20:35+00:00","description":"Tytan Professional, in\u015faat ve renovasyonun her a\u015famas\u0131 i\u00e7in tasarlanm\u0131\u015f in\u015faat ve ince i\u015fler i\u00e7in \u00fcr\u00fcnler yarat\u0131r. Selena Group'un bir par\u00e7as\u0131y\u0131z.","breadcrumb":{"@id":"https:\/\/tytan.com\/tr\/hakkimizda\/#breadcrumb"},"inLanguage":"tr-TR","potentialAction":[{"@type":"ReadAction","target":["https:\/\/tytan.com\/tr\/hakkimizda\/"]}]},{"@type":"BreadcrumbList","@id":"https:\/\/tytan.com\/tr\/hakkimizda\/#breadcrumb","itemListElement":[{"@type":"ListItem","position":1,"name":"Home","item":"https:\/\/tytan.com\/tr\/"},{"@type":"ListItem","position":2,"name":"Hakk\u0131m\u0131zda"}]},{"@type":"WebSite","@id":"https:\/\/tytan.com\/tr\/#website","url":"https:\/\/tytan.com\/tr\/","name":"Tytan Professional T\u00fcrkiye","description":"Tytan Professional ile g\u00fcvenle in\u015fa edin! \u0130n\u015faat ve bitirme i\u015fleri i\u00e7in geni\u015f bir \u00fcr\u00fcn yelpazesine bak\u0131n: k\u00f6p\u00fck yap\u0131\u015ft\u0131r\u0131c\u0131lar, s\u0131zd\u0131rmazl\u0131k \u00fcr\u00fcnleri, montaj yap\u0131\u015ft\u0131r\u0131c\u0131lar\u0131, su yal\u0131t\u0131m bile\u015fikleri, ETICS sistemleri ve daha fazlas\u0131!","potentialAction":[{"@type":"SearchAction","target":{"@type":"EntryPoint","urlTemplate":"https:\/\/tytan.com\/tr\/?s={search_term_string}"},"query-input":{"@type":"PropertyValueSpecification","valueRequired":true,"valueName":"search_term_string"}}],"inLanguage":"tr-TR"}]}},"_links":{"self":[{"href":"https:\/\/tytan.com\/tr\/wp-json\/wp\/v2\/pages\/6420","targetHints":{"allow":["GET"]}}],"collection":[{"href":"https:\/\/tytan.com\/tr\/wp-json\/wp\/v2\/pages"}],"about":[{"href":"https:\/\/tytan.com\/tr\/wp-json\/wp\/v2\/types\/page"}],"author":[{"embeddable":true,"href":"https:\/\/tytan.com\/tr\/wp-json\/wp\/v2\/users\/29"}],"replies":[{"embeddable":true,"href":"https:\/\/tytan.com\/tr\/wp-json\/wp\/v2\/comments?post=6420"}],"version-history":[{"count":28,"href":"https:\/\/tytan.com\/tr\/wp-json\/wp\/v2\/pages\/6420\/revisions"}],"predecessor-version":[{"id":151471,"href":"https:\/\/tytan.com\/tr\/wp-json\/wp\/v2\/pages\/6420\/revisions\/151471"}],"wp:attachment":[{"href":"https:\/\/tytan.com\/tr\/wp-json\/wp\/v2\/media?parent=6420"}],"curies":[{"name":"wp","href":"https:\/\/api.w.org\/{rel}","templated":true}]}}