{"id":9588,"date":"2021-01-12T09:38:16","date_gmt":"2021-01-12T06:38:16","guid":{"rendered":"https:\/\/tytan.com\/sk\/?page_id=9588"},"modified":"2026-03-13T14:32:27","modified_gmt":"2026-03-13T13:32:27","slug":"katalog","status":"publish","type":"page","link":"https:\/\/tytan.com\/sk\/katalog\/","title":{"rendered":"Katal\u00f3g"},"content":{"rendered":"\t\t<section id=\"8f189200978e13857d5ba53cd409b01f\" class=\"catalogs block catalogs alignwide \">\n\t\t\t<div class=\"container\">\n\t\t\t\t<div class=\"row\">\n\t\t\t\t\t<div class=\"col-12\">\n\t\t\t\t\t\t<div class=\"catalogs-list\">\n\t\t\t\t\t\t\t<div class=\"catalogs-list__row\">\n\t\t\t\t\t\t\t\t\t\t\t\t\t\t\t\t\t\t<div class=\"catalogs-list__col \">\n\t\t\t\t\t\t\t\t\t\t\t<div class=\"catalogs-list__item\">\n\t\t\t\t\t\t\t\t\t\t\t\t<div class=\"catalogs-list__iframe\">\n\t\t\t\t\t\t\t\t\t\t\t\t\t<iframe loading=\"lazy\" src=\"https:\/\/player.flipsnack.com?hash=RkNERERDQzhCN0EreDlhYmxpbmQxag==\" width=\"100%\" height=\"600\" seamless=\"seamless\" scrolling=\"no\" frameBorder=\"0\" allowFullScreen allow=\"autoplay; clipboard-read; clipboard-write\"><\/iframe>\t\t\t\t\t\t\t\t\t\t\t\t<\/div>\n\t\t\t\t\t\t\t\t\t\t\t\t<div class=\"catalogs-list__btm\">\n\t\t\t\t\t\t\t\t\t\t\t\t\t<div class=\"catalogs-list__desc\">\n\t\t\t\t\t\t\t\t\t\t\t\t\t\t\t\t\t\t\t\t\t\t\t\t\t\t\t\t<p class=\"catalogs-list__mtitle\">KATAL\u00d3G PRODUKTOV<\/p>\n\t\t\t\t\t\t\t\t\t\t\t\t\t\t\n\t\t\t\t\t\t\t\t\t\t\t\t\t\t\t\t\t\t\t\t\t\t\t\t\t\t\t\t<h2 class=\"catalogs-list__title\">TYTAN PROFESSIONAL<\/h2>\n\t\t\t\t\t\t\t\t\t\t\t\t\t\t\n\t\t\t\t\t\t\t\t\t\t\t\t\t\t\t\t\t\t\t\t\t\t\t\t\t\t\t\t<h3 class=\"catalogs-list__stitle\">PROFESION\u00c1LNE STAVEBN\u00c9 RIE\u0160ENIA<\/h3>\n\t\t\t\t\t\t\t\t\t\t\t\t\t\t\t\t\t\t\t\t\t\t\t\t\t\t\t<\/div>\n\t\t\t\t\t\t\t\t\t\t\t\t\t<div class=\"catalogs-list__btns\">\n\t\t\t\t\t\t\t\t\t\t\t\t\t\t\t\t\t\t\t\t\t\t\t\t\t\t\t\t<a class=\"catalogs-list__btn catalogs-list__btn--download\" href=\"https:\/\/www.flipsnack.com\/selenagroup\/selena-group-product-catalogue\/download-pdf.html\">\n\t\t\t\t\t\t\t\t\t\t\t\t\t\t<svg width=\"24\" height=\"24\" viewBox=\"0 0 24 24\" fill=\"none\" xmlns=\"http:\/\/www.w3.org\/2000\/svg\">\n\t\t\t\t\t\t\t\t\t\t\t\t\t\t\t<path d=\"M21 15v4a2 2 0 01-2 2H5a2 2 0 01-2-2v-4m4-5l5 5 5-5m-5 5V3\" stroke=\"#D71920\" stroke-width=\"2\" stroke-linecap=\"round\" stroke-linejoin=\"round\"\/>\n\t\t\t\t\t\t\t\t\t\t\t\t\t\t<\/svg> Stiahnu\u0165\t\t\t\t\t\t\t\t\t\t\t\t\t\t<\/a>\n\t\t\t\t\t\t\t\t\t\t\t\t\t\t\n\t\t\t\t\t\t\t\t\t\t\t\t\t\t<button type=\"button\" class=\"catalogs-list__btn catalogs-list__btn--modal\" data-toggle=\"modal\" data-target=\"#catalog-modal-0\">Zobrazi\u0165<\/button>\n\t\t\t\t\t\t\t\t\t\t\t\t\t<\/div>\n\t\t\t\t\t\t\t\t\t\t\t\t<\/div>\n\t\t\t\t\t\t\t\t\t\t\t<\/div>\n\t\t\t\t\t\t\t\t\t\t<\/div>\n\t\t\t\t\t\t\t\t\t\t\t\t\t\t\t\t\t<\/div>\n\t\t\t\t\t\t<\/div>\n\t\t\t\t\t<\/div>\n\t\t\t\t<\/div>\n\t\t\t<\/div>\n\t\t<\/section>\n\n\t\t\t\t\t\t<dialog class=\"catalog-modal\" id=\"catalog-modal-0\" tabindex=\"-1\" role=\"dialog\" aria-labelledby=\"exampleModalLabel\" aria-hidden=\"true\">\n\t\t\t\t\t<div class=\"catalog-modal__wrapper\" role=\"document\">\n\t\t\t\t\t\t<div class=\"catalog-modal__modal-body\">\n\n\t\t\t\t\t\t\t<div class=\"catalog-modal__header\">\n\t\t\t\t\t\t\t\t<div>\n\t\t\t\t\t\t\t\t\t\t\t\t\t\t\t\t\t\t<span>KATAL\u00d3G PRODUKTOV<\/span>\n\t\t\t\t\t\t\t\t\t\t\t\t\t\t\t\t\t\t\n\t\t\t\t\t\t\t\t\t\t\t\t\t\t\t\t\t\t<span>TYTAN PROFESSIONAL<\/span>\n\t\t\t\t\t\t\t\t\t\t\t\t\t\t\t\t\t<\/div>\n\t\t\t\t\t\t\t\t\t\n\t\t\t\t\t\t\t\t<button type=\"button\" class=\"close catalog-modal__close-button\" data-dismiss=\"modal\" aria-label=\"Close\">\n\t\t\t\t\t\t\t\t\t<span>Zatvori\u0165<\/span>\n\t\t\t\t\t\t\t\t<\/button>\n\t\t\t\t\t\t\t<\/div>\n\t\t\t\t\t\t\t\t\t\n\t\t\t\t\t\t\t<div class=\"catalog-modal__iframe\">\n\t\t\t\t\t\t\t\t<iframe loading=\"lazy\" src=\"https:\/\/player.flipsnack.com?hash=RkNERERDQzhCN0EreDlhYmxpbmQxag==\" width=\"100%\" height=\"600\" seamless=\"seamless\" scrolling=\"no\" frameBorder=\"0\" allowFullScreen allow=\"autoplay; clipboard-read; clipboard-write\"><\/iframe>\t\t\t\t\t\t\t<\/div>\n\t\t\t\t\t\t<\/div>\n\t\t\t\t\t<\/div>\n\t\t\t\t<\/dialog>\n\t\t\t\t","protected":false},"excerpt":{"rendered":"","protected":false},"author":11,"featured_media":0,"parent":0,"menu_order":0,"comment_status":"closed","ping_status":"closed","template":"page-gutenberg-page.php","meta":{"_acf_changed":false,"footnotes":""},"class_list":["post-9588","page","type-page","status-publish","hentry"],"acf":[],"yoast_head":"<!-- This site is optimized with the Yoast SEO Premium plugin v27.2 (Yoast SEO v27.2) - https:\/\/yoast.com\/product\/yoast-seo-premium-wordpress\/ -->\n<title>Katal\u00f3g - Tytan Professional Slovensko<\/title>\n<meta name=\"description\" content=\"Download the catalogue to learn about hundreds of construction chemistry products from Tytan Professional.\" \/>\n<meta name=\"robots\" content=\"index, follow, max-snippet:-1, max-image-preview:large, max-video-preview:-1\" \/>\n<link rel=\"canonical\" href=\"https:\/\/tytan.com\/sk\/katalog\/\" \/>\n<meta property=\"og:locale\" content=\"sk_SK\" \/>\n<meta property=\"og:type\" content=\"article\" \/>\n<meta property=\"og:title\" content=\"Katal\u00f3g\" \/>\n<meta property=\"og:description\" content=\"Download the catalogue to learn about hundreds of construction chemistry products from Tytan Professional.\" \/>\n<meta property=\"og:url\" content=\"https:\/\/tytan.com\/sk\/katalog\/\" \/>\n<meta property=\"og:site_name\" content=\"Tytan Professional Slovensko\" \/>\n<meta property=\"article:publisher\" content=\"https:\/\/www.facebook.com\/TytanProfessionalPolska\/\" \/>\n<meta property=\"article:modified_time\" content=\"2026-03-13T13:32:27+00:00\" \/>\n<meta property=\"og:image\" content=\"https:\/\/tytan-cdn.tytan.com\/uploads\/sites\/61\/2024\/06\/Tytan-Professional-Job-Well-Done-KV_Some_F_1200x675px.jpg\" \/>\n\t<meta property=\"og:image:width\" content=\"1200\" \/>\n\t<meta property=\"og:image:height\" content=\"675\" \/>\n\t<meta property=\"og:image:type\" content=\"image\/jpeg\" \/>\n<meta name=\"twitter:card\" content=\"summary_large_image\" \/>\n<meta name=\"twitter:label1\" content=\"Est. reading time\" \/>\n\t<meta name=\"twitter:data1\" content=\"1 minute\" \/>\n<script type=\"application\/ld+json\" class=\"yoast-schema-graph\">{\"@context\":\"https:\/\/schema.org\",\"@graph\":[{\"@type\":\"WebPage\",\"@id\":\"https:\/\/tytan.com\/sk\/katalog\/\",\"url\":\"https:\/\/tytan.com\/sk\/katalog\/\",\"name\":\"Katal\u00f3g - Tytan Professional Slovensko\",\"isPartOf\":{\"@id\":\"https:\/\/tytan.com\/sk\/#website\"},\"datePublished\":\"2021-01-12T06:38:16+00:00\",\"dateModified\":\"2026-03-13T13:32:27+00:00\",\"description\":\"Download the catalogue to learn about hundreds of construction chemistry products from Tytan Professional.\",\"breadcrumb\":{\"@id\":\"https:\/\/tytan.com\/sk\/katalog\/#breadcrumb\"},\"inLanguage\":\"sk-SK\",\"potentialAction\":[{\"@type\":\"ReadAction\",\"target\":[\"https:\/\/tytan.com\/sk\/katalog\/\"]}]},{\"@type\":\"BreadcrumbList\",\"@id\":\"https:\/\/tytan.com\/sk\/katalog\/#breadcrumb\",\"itemListElement\":[{\"@type\":\"ListItem\",\"position\":1,\"name\":\"Home\",\"item\":\"https:\/\/tytan.com\/sk\/\"},{\"@type\":\"ListItem\",\"position\":2,\"name\":\"Katal\u00f3g\"}]},{\"@type\":\"WebSite\",\"@id\":\"https:\/\/tytan.com\/sk\/#website\",\"url\":\"https:\/\/tytan.com\/sk\/\",\"name\":\"Tytan Professional Slovensko\",\"description\":\"Stavajte s istotou s Tytan Professional! Pozrite si \u0161irok\u00fa \u0161k\u00e1lu produktov pre stavebn\u00e9 a dokon\u010dovacie pr\u00e1ce: penov\u00e9 lepidl\u00e1, tmely, mont\u00e1\u017ene lepidl\u00e1, hydroizola\u010dn\u00e9 hmoty, syst\u00e9my ETICS a mnoho \u010fal\u0161ieho!\",\"potentialAction\":[{\"@type\":\"SearchAction\",\"target\":{\"@type\":\"EntryPoint\",\"urlTemplate\":\"https:\/\/tytan.com\/sk\/?s={search_term_string}\"},\"query-input\":{\"@type\":\"PropertyValueSpecification\",\"valueRequired\":true,\"valueName\":\"search_term_string\"}}],\"inLanguage\":\"sk-SK\"}]}<\/script>\n<!-- \/ Yoast SEO Premium plugin. -->","yoast_head_json":{"title":"Katal\u00f3g - Tytan Professional Slovensko","description":"Download the catalogue to learn about hundreds of construction chemistry products from Tytan Professional.","robots":{"index":"index","follow":"follow","max-snippet":"max-snippet:-1","max-image-preview":"max-image-preview:large","max-video-preview":"max-video-preview:-1"},"canonical":"https:\/\/tytan.com\/sk\/katalog\/","og_locale":"sk_SK","og_type":"article","og_title":"Katal\u00f3g","og_description":"Download the catalogue to learn about hundreds of construction chemistry products from Tytan Professional.","og_url":"https:\/\/tytan.com\/sk\/katalog\/","og_site_name":"Tytan Professional Slovensko","article_publisher":"https:\/\/www.facebook.com\/TytanProfessionalPolska\/","article_modified_time":"2026-03-13T13:32:27+00:00","og_image":[{"width":1200,"height":675,"url":"https:\/\/tytan-cdn.tytan.com\/uploads\/sites\/61\/2024\/06\/Tytan-Professional-Job-Well-Done-KV_Some_F_1200x675px.jpg","type":"image\/jpeg"}],"twitter_card":"summary_large_image","twitter_misc":{"Est. reading time":"1 minute"},"schema":{"@context":"https:\/\/schema.org","@graph":[{"@type":"WebPage","@id":"https:\/\/tytan.com\/sk\/katalog\/","url":"https:\/\/tytan.com\/sk\/katalog\/","name":"Katal\u00f3g - Tytan Professional Slovensko","isPartOf":{"@id":"https:\/\/tytan.com\/sk\/#website"},"datePublished":"2021-01-12T06:38:16+00:00","dateModified":"2026-03-13T13:32:27+00:00","description":"Download the catalogue to learn about hundreds of construction chemistry products from Tytan Professional.","breadcrumb":{"@id":"https:\/\/tytan.com\/sk\/katalog\/#breadcrumb"},"inLanguage":"sk-SK","potentialAction":[{"@type":"ReadAction","target":["https:\/\/tytan.com\/sk\/katalog\/"]}]},{"@type":"BreadcrumbList","@id":"https:\/\/tytan.com\/sk\/katalog\/#breadcrumb","itemListElement":[{"@type":"ListItem","position":1,"name":"Home","item":"https:\/\/tytan.com\/sk\/"},{"@type":"ListItem","position":2,"name":"Katal\u00f3g"}]},{"@type":"WebSite","@id":"https:\/\/tytan.com\/sk\/#website","url":"https:\/\/tytan.com\/sk\/","name":"Tytan Professional Slovensko","description":"Stavajte s istotou s Tytan Professional! Pozrite si \u0161irok\u00fa \u0161k\u00e1lu produktov pre stavebn\u00e9 a dokon\u010dovacie pr\u00e1ce: penov\u00e9 lepidl\u00e1, tmely, mont\u00e1\u017ene lepidl\u00e1, hydroizola\u010dn\u00e9 hmoty, syst\u00e9my ETICS a mnoho \u010fal\u0161ieho!","potentialAction":[{"@type":"SearchAction","target":{"@type":"EntryPoint","urlTemplate":"https:\/\/tytan.com\/sk\/?s={search_term_string}"},"query-input":{"@type":"PropertyValueSpecification","valueRequired":true,"valueName":"search_term_string"}}],"inLanguage":"sk-SK"}]}},"_links":{"self":[{"href":"https:\/\/tytan.com\/sk\/wp-json\/wp\/v2\/pages\/9588","targetHints":{"allow":["GET"]}}],"collection":[{"href":"https:\/\/tytan.com\/sk\/wp-json\/wp\/v2\/pages"}],"about":[{"href":"https:\/\/tytan.com\/sk\/wp-json\/wp\/v2\/types\/page"}],"author":[{"embeddable":true,"href":"https:\/\/tytan.com\/sk\/wp-json\/wp\/v2\/users\/11"}],"replies":[{"embeddable":true,"href":"https:\/\/tytan.com\/sk\/wp-json\/wp\/v2\/comments?post=9588"}],"version-history":[{"count":40,"href":"https:\/\/tytan.com\/sk\/wp-json\/wp\/v2\/pages\/9588\/revisions"}],"predecessor-version":[{"id":165558,"href":"https:\/\/tytan.com\/sk\/wp-json\/wp\/v2\/pages\/9588\/revisions\/165558"}],"wp:attachment":[{"href":"https:\/\/tytan.com\/sk\/wp-json\/wp\/v2\/media?parent=9588"}],"curies":[{"name":"wp","href":"https:\/\/api.w.org\/{rel}","templated":true}]}}