{"id":6421,"date":"2020-01-04T12:08:53","date_gmt":"2020-01-04T12:08:53","guid":{"rendered":"http:\/\/wordpress-selena-lb.eu-central-1.elasticbeanstalk.com\/?page_id=36"},"modified":"2026-03-20T14:13:18","modified_gmt":"2026-03-20T13:13:18","slug":"kontakt","status":"publish","type":"page","link":"https:\/\/tytan.com\/sk\/kontakt\/","title":{"rendered":"Kontakt"},"content":{"rendered":"","protected":false},"excerpt":{"rendered":"","protected":false},"author":29,"featured_media":0,"parent":0,"menu_order":0,"comment_status":"closed","ping_status":"closed","template":"page-contact.php","meta":{"_acf_changed":false,"footnotes":""},"class_list":["post-6421","page","type-page","status-publish","hentry"],"acf":[],"yoast_head":"<!-- This site is optimized with the Yoast SEO Premium plugin v27.2 (Yoast SEO v27.2) - https:\/\/yoast.com\/product\/yoast-seo-premium-wordpress\/ -->\n<title>Kontakt - Tytan Professional Slovensko<\/title>\n<meta name=\"description\" content=\"M\u00e1te ot\u00e1zky t\u00fdkaj\u00face sa rie\u0161en\u00ed Tytan Professional? Ak potrebujete podporu, zavolajte na \u010d\u00edslo +48 696 425 523.\" \/>\n<meta name=\"robots\" content=\"index, follow, max-snippet:-1, max-image-preview:large, max-video-preview:-1\" \/>\n<link rel=\"canonical\" href=\"https:\/\/tytan.com\/sk\/kontakt\/\" \/>\n<meta property=\"og:locale\" content=\"sk_SK\" \/>\n<meta property=\"og:type\" content=\"article\" \/>\n<meta property=\"og:title\" content=\"Kontakt\" \/>\n<meta property=\"og:description\" content=\"M\u00e1te ot\u00e1zky t\u00fdkaj\u00face sa rie\u0161en\u00ed Tytan Professional? Ak potrebujete podporu, zavolajte na \u010d\u00edslo +48 696 425 523.\" \/>\n<meta property=\"og:url\" content=\"https:\/\/tytan.com\/sk\/kontakt\/\" \/>\n<meta property=\"og:site_name\" content=\"Tytan Professional Slovensko\" \/>\n<meta property=\"article:publisher\" content=\"https:\/\/www.facebook.com\/TytanProfessionalPolska\/\" \/>\n<meta property=\"article:modified_time\" content=\"2026-03-20T13:13:18+00:00\" \/>\n<meta property=\"og:image\" content=\"https:\/\/tytan-cdn.tytan.com\/uploads\/sites\/61\/2024\/06\/Tytan-Professional-Job-Well-Done-KV_Some_F_1200x675px.jpg\" \/>\n\t<meta property=\"og:image:width\" content=\"1200\" \/>\n\t<meta property=\"og:image:height\" content=\"675\" \/>\n\t<meta property=\"og:image:type\" content=\"image\/jpeg\" \/>\n<meta name=\"twitter:card\" content=\"summary_large_image\" \/>\n<meta name=\"twitter:label1\" content=\"Est. reading time\" \/>\n\t<meta name=\"twitter:data1\" content=\"2 minutes\" \/>\n<script type=\"application\/ld+json\" class=\"yoast-schema-graph\">{\"@context\":\"https:\/\/schema.org\",\"@graph\":[{\"@type\":\"WebPage\",\"@id\":\"https:\/\/tytan.com\/sk\/kontakt\/\",\"url\":\"https:\/\/tytan.com\/sk\/kontakt\/\",\"name\":\"Kontakt - Tytan Professional Slovensko\",\"isPartOf\":{\"@id\":\"https:\/\/tytan.com\/sk\/#website\"},\"datePublished\":\"2020-01-04T12:08:53+00:00\",\"dateModified\":\"2026-03-20T13:13:18+00:00\",\"description\":\"M\u00e1te ot\u00e1zky t\u00fdkaj\u00face sa rie\u0161en\u00ed Tytan Professional? Ak potrebujete podporu, zavolajte na \u010d\u00edslo +48 696 425 523.\",\"breadcrumb\":{\"@id\":\"https:\/\/tytan.com\/sk\/kontakt\/#breadcrumb\"},\"inLanguage\":\"sk-SK\",\"potentialAction\":[{\"@type\":\"ReadAction\",\"target\":[\"https:\/\/tytan.com\/sk\/kontakt\/\"]}]},{\"@type\":\"BreadcrumbList\",\"@id\":\"https:\/\/tytan.com\/sk\/kontakt\/#breadcrumb\",\"itemListElement\":[{\"@type\":\"ListItem\",\"position\":1,\"name\":\"Home\",\"item\":\"https:\/\/tytan.com\/sk\/\"},{\"@type\":\"ListItem\",\"position\":2,\"name\":\"Kontakt\"}]},{\"@type\":\"WebSite\",\"@id\":\"https:\/\/tytan.com\/sk\/#website\",\"url\":\"https:\/\/tytan.com\/sk\/\",\"name\":\"Tytan Professional Slovensko\",\"description\":\"Stavajte s istotou s Tytan Professional! Pozrite si \u0161irok\u00fa \u0161k\u00e1lu produktov pre stavebn\u00e9 a dokon\u010dovacie pr\u00e1ce: penov\u00e9 lepidl\u00e1, tmely, mont\u00e1\u017ene lepidl\u00e1, hydroizola\u010dn\u00e9 hmoty, syst\u00e9my ETICS a mnoho \u010fal\u0161ieho!\",\"potentialAction\":[{\"@type\":\"SearchAction\",\"target\":{\"@type\":\"EntryPoint\",\"urlTemplate\":\"https:\/\/tytan.com\/sk\/?s={search_term_string}\"},\"query-input\":{\"@type\":\"PropertyValueSpecification\",\"valueRequired\":true,\"valueName\":\"search_term_string\"}}],\"inLanguage\":\"sk-SK\"}]}<\/script>\n<!-- \/ Yoast SEO Premium plugin. -->","yoast_head_json":{"title":"Kontakt - Tytan Professional Slovensko","description":"M\u00e1te ot\u00e1zky t\u00fdkaj\u00face sa rie\u0161en\u00ed Tytan Professional? Ak potrebujete podporu, zavolajte na \u010d\u00edslo +48 696 425 523.","robots":{"index":"index","follow":"follow","max-snippet":"max-snippet:-1","max-image-preview":"max-image-preview:large","max-video-preview":"max-video-preview:-1"},"canonical":"https:\/\/tytan.com\/sk\/kontakt\/","og_locale":"sk_SK","og_type":"article","og_title":"Kontakt","og_description":"M\u00e1te ot\u00e1zky t\u00fdkaj\u00face sa rie\u0161en\u00ed Tytan Professional? Ak potrebujete podporu, zavolajte na \u010d\u00edslo +48 696 425 523.","og_url":"https:\/\/tytan.com\/sk\/kontakt\/","og_site_name":"Tytan Professional Slovensko","article_publisher":"https:\/\/www.facebook.com\/TytanProfessionalPolska\/","article_modified_time":"2026-03-20T13:13:18+00:00","og_image":[{"width":1200,"height":675,"url":"https:\/\/tytan-cdn.tytan.com\/uploads\/sites\/61\/2024\/06\/Tytan-Professional-Job-Well-Done-KV_Some_F_1200x675px.jpg","type":"image\/jpeg"}],"twitter_card":"summary_large_image","twitter_misc":{"Est. reading time":"2 minutes"},"schema":{"@context":"https:\/\/schema.org","@graph":[{"@type":"WebPage","@id":"https:\/\/tytan.com\/sk\/kontakt\/","url":"https:\/\/tytan.com\/sk\/kontakt\/","name":"Kontakt - Tytan Professional Slovensko","isPartOf":{"@id":"https:\/\/tytan.com\/sk\/#website"},"datePublished":"2020-01-04T12:08:53+00:00","dateModified":"2026-03-20T13:13:18+00:00","description":"M\u00e1te ot\u00e1zky t\u00fdkaj\u00face sa rie\u0161en\u00ed Tytan Professional? Ak potrebujete podporu, zavolajte na \u010d\u00edslo +48 696 425 523.","breadcrumb":{"@id":"https:\/\/tytan.com\/sk\/kontakt\/#breadcrumb"},"inLanguage":"sk-SK","potentialAction":[{"@type":"ReadAction","target":["https:\/\/tytan.com\/sk\/kontakt\/"]}]},{"@type":"BreadcrumbList","@id":"https:\/\/tytan.com\/sk\/kontakt\/#breadcrumb","itemListElement":[{"@type":"ListItem","position":1,"name":"Home","item":"https:\/\/tytan.com\/sk\/"},{"@type":"ListItem","position":2,"name":"Kontakt"}]},{"@type":"WebSite","@id":"https:\/\/tytan.com\/sk\/#website","url":"https:\/\/tytan.com\/sk\/","name":"Tytan Professional Slovensko","description":"Stavajte s istotou s Tytan Professional! Pozrite si \u0161irok\u00fa \u0161k\u00e1lu produktov pre stavebn\u00e9 a dokon\u010dovacie pr\u00e1ce: penov\u00e9 lepidl\u00e1, tmely, mont\u00e1\u017ene lepidl\u00e1, hydroizola\u010dn\u00e9 hmoty, syst\u00e9my ETICS a mnoho \u010fal\u0161ieho!","potentialAction":[{"@type":"SearchAction","target":{"@type":"EntryPoint","urlTemplate":"https:\/\/tytan.com\/sk\/?s={search_term_string}"},"query-input":{"@type":"PropertyValueSpecification","valueRequired":true,"valueName":"search_term_string"}}],"inLanguage":"sk-SK"}]}},"_links":{"self":[{"href":"https:\/\/tytan.com\/sk\/wp-json\/wp\/v2\/pages\/6421","targetHints":{"allow":["GET"]}}],"collection":[{"href":"https:\/\/tytan.com\/sk\/wp-json\/wp\/v2\/pages"}],"about":[{"href":"https:\/\/tytan.com\/sk\/wp-json\/wp\/v2\/types\/page"}],"author":[{"embeddable":true,"href":"https:\/\/tytan.com\/sk\/wp-json\/wp\/v2\/users\/29"}],"replies":[{"embeddable":true,"href":"https:\/\/tytan.com\/sk\/wp-json\/wp\/v2\/comments?post=6421"}],"version-history":[{"count":44,"href":"https:\/\/tytan.com\/sk\/wp-json\/wp\/v2\/pages\/6421\/revisions"}],"predecessor-version":[{"id":165863,"href":"https:\/\/tytan.com\/sk\/wp-json\/wp\/v2\/pages\/6421\/revisions\/165863"}],"wp:attachment":[{"href":"https:\/\/tytan.com\/sk\/wp-json\/wp\/v2\/media?parent=6421"}],"curies":[{"name":"wp","href":"https:\/\/api.w.org\/{rel}","templated":true}]}}