{"id":9588,"date":"2021-01-12T09:38:16","date_gmt":"2021-01-12T06:38:16","guid":{"rendered":"https:\/\/tytan.com\/se\/?page_id=9588"},"modified":"2024-07-16T16:59:10","modified_gmt":"2024-07-16T14:59:10","slug":"katalog","status":"publish","type":"page","link":"https:\/\/tytan.com\/se\/katalog\/","title":{"rendered":"Katalog"},"content":{"rendered":"","protected":false},"excerpt":{"rendered":"","protected":false},"author":11,"featured_media":0,"parent":0,"menu_order":0,"comment_status":"closed","ping_status":"closed","template":"page-catalog.php","meta":{"_acf_changed":false,"footnotes":""},"class_list":["post-9588","page","type-page","status-publish","hentry"],"acf":[],"yoast_head":"<!-- This site is optimized with the Yoast SEO Premium plugin v27.2 (Yoast SEO v27.2) - https:\/\/yoast.com\/product\/yoast-seo-premium-wordpress\/ -->\n<title>Katalog - Tytan Professional Sverige<\/title>\n<meta name=\"description\" content=\"Ladda ner katalogen f\u00f6r att l\u00e4ra dig mer om hundratals byggkemiska produkter fr\u00e5n Tytan Professional.\" \/>\n<meta name=\"robots\" content=\"index, follow, max-snippet:-1, max-image-preview:large, max-video-preview:-1\" \/>\n<link rel=\"canonical\" href=\"https:\/\/tytan.com\/se\/katalog\/\" \/>\n<meta property=\"og:locale\" content=\"sv_SE\" \/>\n<meta property=\"og:type\" content=\"article\" \/>\n<meta property=\"og:title\" content=\"Katalog\" \/>\n<meta property=\"og:description\" content=\"Ladda ner katalogen f\u00f6r att l\u00e4ra dig mer om hundratals byggkemiska produkter fr\u00e5n Tytan Professional.\" \/>\n<meta property=\"og:url\" content=\"https:\/\/tytan.com\/se\/katalog\/\" \/>\n<meta property=\"og:site_name\" content=\"Tytan Professional Sverige\" \/>\n<meta property=\"article:publisher\" content=\"https:\/\/www.facebook.com\/TytanProfessionalPolska\/\" \/>\n<meta property=\"article:modified_time\" content=\"2024-07-16T14:59:10+00:00\" \/>\n<meta property=\"og:image\" content=\"https:\/\/tytan-cdn.tytan.com\/uploads\/sites\/48\/2024\/06\/Tytan-Professional-Job-Well-Done-KV_Some_F_1200x675px.jpg\" \/>\n\t<meta property=\"og:image:width\" content=\"1200\" \/>\n\t<meta property=\"og:image:height\" content=\"675\" \/>\n\t<meta property=\"og:image:type\" content=\"image\/jpeg\" \/>\n<meta name=\"twitter:card\" content=\"summary_large_image\" \/>\n<meta name=\"twitter:label1\" content=\"Est. reading time\" \/>\n\t<meta name=\"twitter:data1\" content=\"1 minute\" \/>\n<script type=\"application\/ld+json\" class=\"yoast-schema-graph\">{\"@context\":\"https:\/\/schema.org\",\"@graph\":[{\"@type\":\"WebPage\",\"@id\":\"https:\/\/tytan.com\/se\/katalog\/\",\"url\":\"https:\/\/tytan.com\/se\/katalog\/\",\"name\":\"Katalog - Tytan Professional Sverige\",\"isPartOf\":{\"@id\":\"https:\/\/tytan.com\/se\/#website\"},\"datePublished\":\"2021-01-12T06:38:16+00:00\",\"dateModified\":\"2024-07-16T14:59:10+00:00\",\"description\":\"Ladda ner katalogen f\u00f6r att l\u00e4ra dig mer om hundratals byggkemiska produkter fr\u00e5n Tytan Professional.\",\"breadcrumb\":{\"@id\":\"https:\/\/tytan.com\/se\/katalog\/#breadcrumb\"},\"inLanguage\":\"sv-SE\",\"potentialAction\":[{\"@type\":\"ReadAction\",\"target\":[\"https:\/\/tytan.com\/se\/katalog\/\"]}]},{\"@type\":\"BreadcrumbList\",\"@id\":\"https:\/\/tytan.com\/se\/katalog\/#breadcrumb\",\"itemListElement\":[{\"@type\":\"ListItem\",\"position\":1,\"name\":\"Home\",\"item\":\"https:\/\/tytan.com\/se\/\"},{\"@type\":\"ListItem\",\"position\":2,\"name\":\"Katalog\"}]},{\"@type\":\"WebSite\",\"@id\":\"https:\/\/tytan.com\/se\/#website\",\"url\":\"https:\/\/tytan.com\/se\/\",\"name\":\"Tytan Professional Sverige\",\"description\":\"Bygg med sj\u00e4lvf\u00f6rtroende med Tytan Professional! Se ett brett utbud av produkter f\u00f6r bygg- och efterbehandlingsarbeten: skumlim, t\u00e4tningsmedel, monteringslim, vattent\u00e4tningsmassor, ETICS-system och mycket mer!\",\"publisher\":{\"@id\":\"https:\/\/tytan.com\/se\/#organization\"},\"potentialAction\":[{\"@type\":\"SearchAction\",\"target\":{\"@type\":\"EntryPoint\",\"urlTemplate\":\"https:\/\/tytan.com\/se\/?s={search_term_string}\"},\"query-input\":{\"@type\":\"PropertyValueSpecification\",\"valueRequired\":true,\"valueName\":\"search_term_string\"}}],\"inLanguage\":\"sv-SE\"},{\"@type\":\"Organization\",\"@id\":\"https:\/\/tytan.com\/se\/#organization\",\"name\":\"Tytan Professional\",\"url\":\"https:\/\/tytan.com\/se\/\",\"logo\":{\"@type\":\"ImageObject\",\"inLanguage\":\"sv-SE\",\"@id\":\"https:\/\/tytan.com\/se\/#\/schema\/logo\/image\/\",\"url\":\"https:\/\/tytan-cdn.tytan.com\/uploads\/sites\/18\/2021\/07\/logo-white.png\",\"contentUrl\":\"https:\/\/tytan-cdn.tytan.com\/uploads\/sites\/18\/2021\/07\/logo-white.png\",\"width\":474,\"height\":234,\"caption\":\"Tytan Professional\"},\"image\":{\"@id\":\"https:\/\/tytan.com\/se\/#\/schema\/logo\/image\/\"},\"sameAs\":[\"https:\/\/www.facebook.com\/TytanProfessionalPolska\/\",\"https:\/\/www.instagram.com\/tytan_professional_poland\/\",\"https:\/\/www.youtube.com\/user\/TYTANPROFESSIONAL\"]}]}<\/script>\n<!-- \/ Yoast SEO Premium plugin. -->","yoast_head_json":{"title":"Katalog - Tytan Professional Sverige","description":"Ladda ner katalogen f\u00f6r att l\u00e4ra dig mer om hundratals byggkemiska produkter fr\u00e5n Tytan Professional.","robots":{"index":"index","follow":"follow","max-snippet":"max-snippet:-1","max-image-preview":"max-image-preview:large","max-video-preview":"max-video-preview:-1"},"canonical":"https:\/\/tytan.com\/se\/katalog\/","og_locale":"sv_SE","og_type":"article","og_title":"Katalog","og_description":"Ladda ner katalogen f\u00f6r att l\u00e4ra dig mer om hundratals byggkemiska produkter fr\u00e5n Tytan Professional.","og_url":"https:\/\/tytan.com\/se\/katalog\/","og_site_name":"Tytan Professional Sverige","article_publisher":"https:\/\/www.facebook.com\/TytanProfessionalPolska\/","article_modified_time":"2024-07-16T14:59:10+00:00","og_image":[{"width":1200,"height":675,"url":"https:\/\/tytan-cdn.tytan.com\/uploads\/sites\/48\/2024\/06\/Tytan-Professional-Job-Well-Done-KV_Some_F_1200x675px.jpg","type":"image\/jpeg"}],"twitter_card":"summary_large_image","twitter_misc":{"Est. reading time":"1 minute"},"schema":{"@context":"https:\/\/schema.org","@graph":[{"@type":"WebPage","@id":"https:\/\/tytan.com\/se\/katalog\/","url":"https:\/\/tytan.com\/se\/katalog\/","name":"Katalog - Tytan Professional Sverige","isPartOf":{"@id":"https:\/\/tytan.com\/se\/#website"},"datePublished":"2021-01-12T06:38:16+00:00","dateModified":"2024-07-16T14:59:10+00:00","description":"Ladda ner katalogen f\u00f6r att l\u00e4ra dig mer om hundratals byggkemiska produkter fr\u00e5n Tytan Professional.","breadcrumb":{"@id":"https:\/\/tytan.com\/se\/katalog\/#breadcrumb"},"inLanguage":"sv-SE","potentialAction":[{"@type":"ReadAction","target":["https:\/\/tytan.com\/se\/katalog\/"]}]},{"@type":"BreadcrumbList","@id":"https:\/\/tytan.com\/se\/katalog\/#breadcrumb","itemListElement":[{"@type":"ListItem","position":1,"name":"Home","item":"https:\/\/tytan.com\/se\/"},{"@type":"ListItem","position":2,"name":"Katalog"}]},{"@type":"WebSite","@id":"https:\/\/tytan.com\/se\/#website","url":"https:\/\/tytan.com\/se\/","name":"Tytan Professional Sverige","description":"Bygg med sj\u00e4lvf\u00f6rtroende med Tytan Professional! Se ett brett utbud av produkter f\u00f6r bygg- och efterbehandlingsarbeten: skumlim, t\u00e4tningsmedel, monteringslim, vattent\u00e4tningsmassor, ETICS-system och mycket mer!","publisher":{"@id":"https:\/\/tytan.com\/se\/#organization"},"potentialAction":[{"@type":"SearchAction","target":{"@type":"EntryPoint","urlTemplate":"https:\/\/tytan.com\/se\/?s={search_term_string}"},"query-input":{"@type":"PropertyValueSpecification","valueRequired":true,"valueName":"search_term_string"}}],"inLanguage":"sv-SE"},{"@type":"Organization","@id":"https:\/\/tytan.com\/se\/#organization","name":"Tytan Professional","url":"https:\/\/tytan.com\/se\/","logo":{"@type":"ImageObject","inLanguage":"sv-SE","@id":"https:\/\/tytan.com\/se\/#\/schema\/logo\/image\/","url":"https:\/\/tytan-cdn.tytan.com\/uploads\/sites\/18\/2021\/07\/logo-white.png","contentUrl":"https:\/\/tytan-cdn.tytan.com\/uploads\/sites\/18\/2021\/07\/logo-white.png","width":474,"height":234,"caption":"Tytan Professional"},"image":{"@id":"https:\/\/tytan.com\/se\/#\/schema\/logo\/image\/"},"sameAs":["https:\/\/www.facebook.com\/TytanProfessionalPolska\/","https:\/\/www.instagram.com\/tytan_professional_poland\/","https:\/\/www.youtube.com\/user\/TYTANPROFESSIONAL"]}]}},"_links":{"self":[{"href":"https:\/\/tytan.com\/se\/wp-json\/wp\/v2\/pages\/9588","targetHints":{"allow":["GET"]}}],"collection":[{"href":"https:\/\/tytan.com\/se\/wp-json\/wp\/v2\/pages"}],"about":[{"href":"https:\/\/tytan.com\/se\/wp-json\/wp\/v2\/types\/page"}],"author":[{"embeddable":true,"href":"https:\/\/tytan.com\/se\/wp-json\/wp\/v2\/users\/11"}],"replies":[{"embeddable":true,"href":"https:\/\/tytan.com\/se\/wp-json\/wp\/v2\/comments?post=9588"}],"version-history":[{"count":39,"href":"https:\/\/tytan.com\/se\/wp-json\/wp\/v2\/pages\/9588\/revisions"}],"predecessor-version":[{"id":157208,"href":"https:\/\/tytan.com\/se\/wp-json\/wp\/v2\/pages\/9588\/revisions\/157208"}],"wp:attachment":[{"href":"https:\/\/tytan.com\/se\/wp-json\/wp\/v2\/media?parent=9588"}],"curies":[{"name":"wp","href":"https:\/\/api.w.org\/{rel}","templated":true}]}}