{"id":6421,"date":"2020-01-04T12:08:53","date_gmt":"2020-01-04T11:08:53","guid":{"rendered":"http:\/\/wordpress-selena-lb.eu-central-1.elasticbeanstalk.com\/?page_id=36"},"modified":"2025-12-16T15:46:09","modified_gmt":"2025-12-16T14:46:09","slug":"kontakt","status":"publish","type":"page","link":"https:\/\/tytan.com\/pl\/kontakt\/","title":{"rendered":"Kontakt"},"content":{"rendered":"","protected":false},"excerpt":{"rendered":"","protected":false},"author":11,"featured_media":0,"parent":0,"menu_order":0,"comment_status":"closed","ping_status":"closed","template":"page-contact.php","meta":{"_acf_changed":false,"footnotes":""},"class_list":["post-6421","page","type-page","status-publish","hentry"],"acf":[],"yoast_head":"<!-- This site is optimized with the Yoast SEO Premium plugin v27.2 (Yoast SEO v27.2) - https:\/\/yoast.com\/product\/yoast-seo-premium-wordpress\/ -->\n<title>Kontakt - Tytan Professional Polska<\/title>\n<meta name=\"description\" content=\"Poznaj wysokiej jako\u015bci produkty dla profesjonalist\u00f3w \u2013 Tytan Professional! Odkryj nowy standard pracy i wybierz najlepsze rozwi\u0105zania!\" \/>\n<meta name=\"robots\" content=\"index, follow, max-snippet:-1, max-image-preview:large, max-video-preview:-1\" \/>\n<link rel=\"canonical\" href=\"https:\/\/tytan.com\/pl\/kontakt\/\" \/>\n<meta property=\"og:locale\" content=\"pl_PL\" \/>\n<meta property=\"og:type\" content=\"article\" \/>\n<meta property=\"og:title\" content=\"Kontakt\" \/>\n<meta property=\"og:description\" content=\"Poznaj wysokiej jako\u015bci produkty dla profesjonalist\u00f3w \u2013 Tytan Professional! Odkryj nowy standard pracy i wybierz najlepsze rozwi\u0105zania!\" \/>\n<meta property=\"og:url\" content=\"https:\/\/tytan.com\/pl\/kontakt\/\" \/>\n<meta property=\"og:site_name\" content=\"Tytan Professional Polska\" \/>\n<meta property=\"article:publisher\" content=\"https:\/\/www.facebook.com\/TytanProfessionalPolska\/\" \/>\n<meta property=\"article:modified_time\" content=\"2025-12-16T14:46:09+00:00\" \/>\n<meta property=\"og:image\" content=\"https:\/\/tytan-cdn.tytan.com\/uploads\/sites\/53\/2024\/06\/Tytan-Professional-Job-Well-Done-KV_Some_1200x675px.jpg\" \/>\n\t<meta property=\"og:image:width\" content=\"1200\" \/>\n\t<meta property=\"og:image:height\" content=\"675\" \/>\n\t<meta property=\"og:image:type\" content=\"image\/jpeg\" \/>\n<meta name=\"twitter:card\" content=\"summary_large_image\" \/>\n<meta name=\"twitter:label1\" content=\"Szacowany czas czytania\" \/>\n\t<meta name=\"twitter:data1\" content=\"12 minut\" \/>\n<script type=\"application\/ld+json\" class=\"yoast-schema-graph\">{\"@context\":\"https:\/\/schema.org\",\"@graph\":[{\"@type\":\"WebPage\",\"@id\":\"https:\/\/tytan.com\/pl\/kontakt\/\",\"url\":\"https:\/\/tytan.com\/pl\/kontakt\/\",\"name\":\"Kontakt - Tytan Professional Polska\",\"isPartOf\":{\"@id\":\"https:\/\/tytan.com\/pl\/#website\"},\"datePublished\":\"2020-01-04T11:08:53+00:00\",\"dateModified\":\"2025-12-16T14:46:09+00:00\",\"description\":\"Poznaj wysokiej jako\u015bci produkty dla profesjonalist\u00f3w \u2013 Tytan Professional! Odkryj nowy standard pracy i wybierz najlepsze rozwi\u0105zania!\",\"breadcrumb\":{\"@id\":\"https:\/\/tytan.com\/pl\/kontakt\/#breadcrumb\"},\"inLanguage\":\"pl-PL\",\"potentialAction\":[{\"@type\":\"ReadAction\",\"target\":[\"https:\/\/tytan.com\/pl\/kontakt\/\"]}]},{\"@type\":\"BreadcrumbList\",\"@id\":\"https:\/\/tytan.com\/pl\/kontakt\/#breadcrumb\",\"itemListElement\":[{\"@type\":\"ListItem\",\"position\":1,\"name\":\"Home\",\"item\":\"https:\/\/tytan.com\/pl\/\"},{\"@type\":\"ListItem\",\"position\":2,\"name\":\"Kontakt\"}]},{\"@type\":\"WebSite\",\"@id\":\"https:\/\/tytan.com\/pl\/#website\",\"url\":\"https:\/\/tytan.com\/pl\/\",\"name\":\"Tytan Professional Polska\",\"description\":\"Marka Tytan oferuje innowacyjne produkty budowlane. Wszystko od tynk\u00f3w, zapraw a\u017c po kompleksowe systemy ocieple\u0144.\",\"potentialAction\":[{\"@type\":\"SearchAction\",\"target\":{\"@type\":\"EntryPoint\",\"urlTemplate\":\"https:\/\/tytan.com\/pl\/?s={search_term_string}\"},\"query-input\":{\"@type\":\"PropertyValueSpecification\",\"valueRequired\":true,\"valueName\":\"search_term_string\"}}],\"inLanguage\":\"pl-PL\"}]}<\/script>\n<!-- \/ Yoast SEO Premium plugin. -->","yoast_head_json":{"title":"Kontakt - Tytan Professional Polska","description":"Poznaj wysokiej jako\u015bci produkty dla profesjonalist\u00f3w \u2013 Tytan Professional! Odkryj nowy standard pracy i wybierz najlepsze rozwi\u0105zania!","robots":{"index":"index","follow":"follow","max-snippet":"max-snippet:-1","max-image-preview":"max-image-preview:large","max-video-preview":"max-video-preview:-1"},"canonical":"https:\/\/tytan.com\/pl\/kontakt\/","og_locale":"pl_PL","og_type":"article","og_title":"Kontakt","og_description":"Poznaj wysokiej jako\u015bci produkty dla profesjonalist\u00f3w \u2013 Tytan Professional! Odkryj nowy standard pracy i wybierz najlepsze rozwi\u0105zania!","og_url":"https:\/\/tytan.com\/pl\/kontakt\/","og_site_name":"Tytan Professional Polska","article_publisher":"https:\/\/www.facebook.com\/TytanProfessionalPolska\/","article_modified_time":"2025-12-16T14:46:09+00:00","og_image":[{"width":1200,"height":675,"url":"https:\/\/tytan-cdn.tytan.com\/uploads\/sites\/53\/2024\/06\/Tytan-Professional-Job-Well-Done-KV_Some_1200x675px.jpg","type":"image\/jpeg"}],"twitter_card":"summary_large_image","twitter_misc":{"Szacowany czas czytania":"12 minut"},"schema":{"@context":"https:\/\/schema.org","@graph":[{"@type":"WebPage","@id":"https:\/\/tytan.com\/pl\/kontakt\/","url":"https:\/\/tytan.com\/pl\/kontakt\/","name":"Kontakt - Tytan Professional Polska","isPartOf":{"@id":"https:\/\/tytan.com\/pl\/#website"},"datePublished":"2020-01-04T11:08:53+00:00","dateModified":"2025-12-16T14:46:09+00:00","description":"Poznaj wysokiej jako\u015bci produkty dla profesjonalist\u00f3w \u2013 Tytan Professional! Odkryj nowy standard pracy i wybierz najlepsze rozwi\u0105zania!","breadcrumb":{"@id":"https:\/\/tytan.com\/pl\/kontakt\/#breadcrumb"},"inLanguage":"pl-PL","potentialAction":[{"@type":"ReadAction","target":["https:\/\/tytan.com\/pl\/kontakt\/"]}]},{"@type":"BreadcrumbList","@id":"https:\/\/tytan.com\/pl\/kontakt\/#breadcrumb","itemListElement":[{"@type":"ListItem","position":1,"name":"Home","item":"https:\/\/tytan.com\/pl\/"},{"@type":"ListItem","position":2,"name":"Kontakt"}]},{"@type":"WebSite","@id":"https:\/\/tytan.com\/pl\/#website","url":"https:\/\/tytan.com\/pl\/","name":"Tytan Professional Polska","description":"Marka Tytan oferuje innowacyjne produkty budowlane. Wszystko od tynk\u00f3w, zapraw a\u017c po kompleksowe systemy ocieple\u0144.","potentialAction":[{"@type":"SearchAction","target":{"@type":"EntryPoint","urlTemplate":"https:\/\/tytan.com\/pl\/?s={search_term_string}"},"query-input":{"@type":"PropertyValueSpecification","valueRequired":true,"valueName":"search_term_string"}}],"inLanguage":"pl-PL"}]}},"_links":{"self":[{"href":"https:\/\/tytan.com\/pl\/wp-json\/wp\/v2\/pages\/6421","targetHints":{"allow":["GET"]}}],"collection":[{"href":"https:\/\/tytan.com\/pl\/wp-json\/wp\/v2\/pages"}],"about":[{"href":"https:\/\/tytan.com\/pl\/wp-json\/wp\/v2\/types\/page"}],"author":[{"embeddable":true,"href":"https:\/\/tytan.com\/pl\/wp-json\/wp\/v2\/users\/11"}],"replies":[{"embeddable":true,"href":"https:\/\/tytan.com\/pl\/wp-json\/wp\/v2\/comments?post=6421"}],"version-history":[{"count":73,"href":"https:\/\/tytan.com\/pl\/wp-json\/wp\/v2\/pages\/6421\/revisions"}],"predecessor-version":[{"id":219015,"href":"https:\/\/tytan.com\/pl\/wp-json\/wp\/v2\/pages\/6421\/revisions\/219015"}],"wp:attachment":[{"href":"https:\/\/tytan.com\/pl\/wp-json\/wp\/v2\/media?parent=6421"}],"curies":[{"name":"wp","href":"https:\/\/api.w.org\/{rel}","templated":true}]}}