{"id":173622,"date":"2025-02-17T12:47:15","date_gmt":"2025-02-17T11:47:15","guid":{"rendered":"https:\/\/tytan.com\/pl\/?page_id=173622"},"modified":"2025-02-18T13:51:00","modified_gmt":"2025-02-18T12:51:00","slug":"informacje-produktowe-dla-dystrybutorow","status":"publish","type":"page","link":"https:\/\/tytan.com\/pl\/informacje-produktowe-dla-dystrybutorow\/","title":{"rendered":"Pobierz informacje o produktach dla swojego sklepu internetowego"},"content":{"rendered":"\n<div class=\"wp-block-group is-layout-constrained wp-block-group-is-layout-constrained\">\n<p style=\"padding-right:var(--wp--preset--spacing--16-px);padding-left:var(--wp--preset--spacing--16-px);font-size:21px\">Dla dystrybutor\u00f3w<\/p>\n\n\n\n<h1 class=\"wp-block-heading\" id=\"h-zaktualizuj-oferte-tytan-professional-w-swoim-sklepie\" style=\"padding-right:var(--wp--preset--spacing--16-px);padding-left:var(--wp--preset--spacing--16-px)\">Zaktualizuj ofert\u0119 Tytan Professional\u00ae<br>w swoim sklepie<\/h1>\n<\/div>\n\n\n\n\n\t\t<div class=\"container download-block__heading\">\n\t\t\t<div class=\"row\">\n\t\t\t\t<div class=\"col-12\">\n\t\t\t\t<h2>\n\t\t\t\t\tPobierz informacje o produktach\t\t\t\t<\/h2>\n\t\t\t\t<\/div>\n\t\t\t<\/div>\n\t\t<\/div>\n\n\t\t<section id=\"07a400fdf17783e44d272f3b5cbdb92d\" class=\"download-block block download-block alignwide \">\n\t\t\t<div class=\"container\">\n\t\t\t\t<div class=\"row\">\n\t\t\t\t\t<div class=\"col-12\">\n\t\t\t\t\t\t<div class=\"download-block__wrapper\">\n\t\t\t\t\t\t\t<div class=\"download-block__text-wrapper\">\n\t\t\t\t\t\t\t\t<div class=\"download-block__text\">\n\t\t\t\t\t\t\t\t\tAby u\u0142atwi\u0107 aktualizacj\u0119 oferty\u00a0Tytan Professional\u00ae\u00a0na Twojej stronie lub w sklepie internetowym, udost\u0119pniamy pliki CSV oraz XML z pe\u0142nymi danymi o produktach, w tym zdj\u0119ciami, opisami, SKU, EAN i innymi atrybutami.<br \/>\r\n<br \/>\r\nPobierz najnowsze pliki i bezproblemowo zaktualizuj ofert\u0119 Tytan w Twoim systemie sprzeda\u017cy.\t\t\t\t\t\t\t\t<\/div>\n\t\t\t\t\t\t\t\t<div class=\"download-block__bottom-text\">\n\t\t\t\t\t\t\t\t\t<svg width=\"24\" height=\"24\" viewBox=\"0 0 24 24\" fill=\"none\" xmlns=\"http:\/\/www.w3.org\/2000\/svg\">\n\t\t\t\t\t\t\t\t\t\t<path d=\"M12 22C17.5228 22 22 17.5228 22 12C22 6.47715 17.5228 2 12 2C6.47715 2 2 6.47715 2 12C2 17.5228 6.47715 22 12 22Z\" stroke=\"white\" stroke-width=\"2\" stroke-linecap=\"round\" stroke-linejoin=\"round\"\/>\n\t\t\t\t\t\t\t\t\t\t<path d=\"M12 6V12L16 14\" stroke=\"white\" stroke-width=\"2\" stroke-linecap=\"round\" stroke-linejoin=\"round\"\/>\n\t\t\t\t\t\t\t\t\t<\/svg>\n\t\t\t\t\t\t\t\t\tPliki zaktualizowane s\u0105 codziennie o 3 w nocy.\t\t\t\t\t\t\t\t<\/div>\n\t\t\t\t\t\t\t<\/div>\n\t\t\t\t\t\t\t<div class=\"download-block__files\">\n\t\t\t\t\t\t\t\t\t\t\t\t\t\t\t\t\t\t<div class=\"download-block__block\">\n\t\t\t\t\t\t\t\t\t\t\t<img\n\t\t\t\t\t\t\t\t\t\t\t\tloading=\"lazy\"\n\t\t\t\t\t\t\t\t\t\t\t\twidth=\"64\"\n\t\t\t\t\t\t\t\t\t\t\t\theight=\"74\"\n\t\t\t\t\t\t\t\t\t\t\t\talt=\"\" \n\t\t\t\t\t\t\t\t\t\t\t\tsrc=\"https:\/\/tytan-cdn.tytan.com\/uploads\/sites\/53\/2025\/02\/csv-icon.png\"\n\t\t\t\t\t\t\t\t\t\t\t>\n\t\t\t\t\t\t\t\t\t\t\t<div class=\"download-block__file-text\">\n\t\t\t\t\t\t\t\t\t\t\t\t<div class=\"download-block__file-title\">\n\t\t\t\t\t\t\t\t\t\t\t\t\tBaza produkt\u00f3w w formacie CSV\t\t\t\t\t\t\t\t\t\t\t\t<\/div>\n\t\t\t\t\t\t\t\t\t\t\t\t<a href=\"https:\/\/b2b.selena.com\/fwc_b2b_feeds\/index\/feed\/?name=general_product_list_11_PL.csv\">\n\t\t\t\t\t\t\t\t\t\t\t\t\t<svg width=\"16\" height=\"16\" viewBox=\"0 0 16 16\" fill=\"none\" xmlns=\"http:\/\/www.w3.org\/2000\/svg\">\n\t\t\t\t\t\t\t\t\t\t\t\t\t\t<path d=\"M14 10V12.6667C14 13.0203 13.8595 13.3594 13.6095 13.6095C13.3594 13.8595 13.0203 14 12.6667 14H3.33333C2.97971 14 2.64057 13.8595 2.39052 13.6095C2.14048 13.3594 2 13.0203 2 12.6667V10\" stroke=\"white\" stroke-width=\"1.5\" stroke-linecap=\"round\" stroke-linejoin=\"round\"\/>\n\t\t\t\t\t\t\t\t\t\t\t\t\t\t<path d=\"M4.66663 6.66669L7.99996 10L11.3333 6.66669\" stroke=\"white\" stroke-width=\"1.5\" stroke-linecap=\"round\" stroke-linejoin=\"round\"\/>\n\t\t\t\t\t\t\t\t\t\t\t\t\t\t<path d=\"M8 10V2\" stroke=\"white\" stroke-width=\"1.5\" stroke-linecap=\"round\" stroke-linejoin=\"round\"\/>\n\t\t\t\t\t\t\t\t\t\t\t\t\t<\/svg>\n\t\t\t\t\t\t\t\t\t\t\t\t\tPobierz\t\t\t\t\t\t\t\t\t\t\t\t<\/a>\n\t\t\t\t\t\t\t\t\t\t\t<\/div>\n\t\t\t\t\t\t\t\t\t\t<\/div>\n\t\t\t\t\t\t\t\t\t\t\t\t\t\t\t\t\t\t\t\t<div class=\"download-block__block\">\n\t\t\t\t\t\t\t\t\t\t\t<img\n\t\t\t\t\t\t\t\t\t\t\t\tloading=\"lazy\"\n\t\t\t\t\t\t\t\t\t\t\t\twidth=\"64\"\n\t\t\t\t\t\t\t\t\t\t\t\theight=\"74\"\n\t\t\t\t\t\t\t\t\t\t\t\talt=\"\" \n\t\t\t\t\t\t\t\t\t\t\t\tsrc=\"https:\/\/tytan-cdn.tytan.com\/uploads\/sites\/53\/2025\/02\/xml-icon.png\"\n\t\t\t\t\t\t\t\t\t\t\t>\n\t\t\t\t\t\t\t\t\t\t\t<div class=\"download-block__file-text\">\n\t\t\t\t\t\t\t\t\t\t\t\t<div class=\"download-block__file-title\">\n\t\t\t\t\t\t\t\t\t\t\t\t\tBaza produkt\u00f3w w formacie XML\t\t\t\t\t\t\t\t\t\t\t\t<\/div>\n\t\t\t\t\t\t\t\t\t\t\t\t<a href=\"https:\/\/b2b.selena.com\/fwc_b2b_feeds\/index\/feed\/?name=general_product_list_11_PL.xml\">\n\t\t\t\t\t\t\t\t\t\t\t\t\t<svg width=\"16\" height=\"16\" viewBox=\"0 0 16 16\" fill=\"none\" xmlns=\"http:\/\/www.w3.org\/2000\/svg\">\n\t\t\t\t\t\t\t\t\t\t\t\t\t\t<path d=\"M14 10V12.6667C14 13.0203 13.8595 13.3594 13.6095 13.6095C13.3594 13.8595 13.0203 14 12.6667 14H3.33333C2.97971 14 2.64057 13.8595 2.39052 13.6095C2.14048 13.3594 2 13.0203 2 12.6667V10\" stroke=\"white\" stroke-width=\"1.5\" stroke-linecap=\"round\" stroke-linejoin=\"round\"\/>\n\t\t\t\t\t\t\t\t\t\t\t\t\t\t<path d=\"M4.66663 6.66669L7.99996 10L11.3333 6.66669\" stroke=\"white\" stroke-width=\"1.5\" stroke-linecap=\"round\" stroke-linejoin=\"round\"\/>\n\t\t\t\t\t\t\t\t\t\t\t\t\t\t<path d=\"M8 10V2\" stroke=\"white\" stroke-width=\"1.5\" stroke-linecap=\"round\" stroke-linejoin=\"round\"\/>\n\t\t\t\t\t\t\t\t\t\t\t\t\t<\/svg>\n\t\t\t\t\t\t\t\t\t\t\t\t\tPobierz\t\t\t\t\t\t\t\t\t\t\t\t<\/a>\n\t\t\t\t\t\t\t\t\t\t\t<\/div>\n\t\t\t\t\t\t\t\t\t\t<\/div>\n\t\t\t\t\t\t\t\t\t\t\t\t\t\t\t\t\t<\/div>\n\t\t\t\t\t\t<\/div> \n\t\t\t\t\t<\/div>\n\t\t\t\t<\/div>\n\t\t\t<\/div>\n\t\t<\/section>\n\t\t\n\n\n\t\t<section id=\"44972f76ba9248fd2a1b1f92b82d8252\" class=\"accordion block accordion alignwide \">\n\t\t\t<div class=\"container\">\n\t\t\t\t<div class=\"row\">\n\t\t\t\t\t<div class=\"col-12\">\n\t\t\t\t\t\t<h2 class=\"accordion__heading\">Najcz\u0119\u015bciej zadawane pytania<\/h2>\n\t\t\t\t\t\t\t\t\t\t\t\t\t<div class=\"accordion__wrapper\">\n\t\t\t\t\t\t\t\t\t\t\t\t\t\t\t\t\t<div class=\"accordion__item accordion__item--closed\">\n\t\t\t\t\t\t\t\t\t\t<div class=\"accordion__header\">\n\t\t\t\t\t\t\t\t\t\t\t<h3 class=\"accordion__title\">Jak otworzy\u0107 plik CSV?<\/h3>\n\t\t\t\t\t\t\t\t\t\t\t<svg width=\"36\" height=\"20\" viewBox=\"0 0 36 20\" fill=\"none\" xmlns=\"http:\/\/www.w3.org\/2000\/svg\">\n\t\t\t\t\t\t\t\t\t\t\t\t<path d=\"M2 2L18 18L34 2\" stroke=\"#1E2C92\" stroke-width=\"3\" stroke-linecap=\"round\" stroke-linejoin=\"round\"\/>\n\t\t\t\t\t\t\t\t\t\t\t<\/svg>\n\t\t\t\t\t\t\t\t\t\t<\/div>\n\t\t\t\t\t\t\t\t\t\t<div class=\"accordion__content\" id=\"accordion-44972f76ba9248fd2a1b1f92b82d8252-\">\n\t\t\t\t\t\t\t\t\t\t\t<p>Mo\u017cesz go otworzy\u0107 w programie Excel, Google Sheets lub dowolnym edytorze tekstu. Instrukcja za\u0142adowania pliku do Excel dost\u0119pna jest na <a href=\"#\">oficjalnej stronie Microsoft<\/a>. Taki plik \u0142atwo zaimportujesz do swojego systemu ERP lub sklepu internetowego.<\/p>\n\t\t\t\t\t\t\t\t\t\t<\/div>\n\t\t\t\t\t\t\t\t\t<\/div>\n\t\t\t\t\t\t\t\t\t\t\t\t\t\t\t\t\t<div class=\"accordion__item accordion__item--closed\">\n\t\t\t\t\t\t\t\t\t\t<div class=\"accordion__header\">\n\t\t\t\t\t\t\t\t\t\t\t<h3 class=\"accordion__title\">Czym r\u00f3\u017cni si\u0119 plik CSV od XML?<\/h3>\n\t\t\t\t\t\t\t\t\t\t\t<svg width=\"36\" height=\"20\" viewBox=\"0 0 36 20\" fill=\"none\" xmlns=\"http:\/\/www.w3.org\/2000\/svg\">\n\t\t\t\t\t\t\t\t\t\t\t\t<path d=\"M2 2L18 18L34 2\" stroke=\"#1E2C92\" stroke-width=\"3\" stroke-linecap=\"round\" stroke-linejoin=\"round\"\/>\n\t\t\t\t\t\t\t\t\t\t\t<\/svg>\n\t\t\t\t\t\t\t\t\t\t<\/div>\n\t\t\t\t\t\t\t\t\t\t<div class=\"accordion__content\" id=\"accordion-44972f76ba9248fd2a1b1f92b82d8252-\">\n\t\t\t\t\t\t\t\t\t\t\t<p>CSV jest prostszy i idealny do arkuszy kalkulacyjnych, XML lepiej nadaje si\u0119 do integracji systemowej. Zapytaj swojego dewelopera o mo\u017cliwo\u015b\u0107 wgrania pliku do swojego systemu.<\/p>\n\t\t\t\t\t\t\t\t\t\t<\/div>\n\t\t\t\t\t\t\t\t\t<\/div>\n\t\t\t\t\t\t\t\t\t\t\t\t\t\t\t\t\t<div class=\"accordion__item accordion__item--closed\">\n\t\t\t\t\t\t\t\t\t\t<div class=\"accordion__header\">\n\t\t\t\t\t\t\t\t\t\t\t<h3 class=\"accordion__title\">Co zrobi\u0107, je\u015bli nie mog\u0119 otworzy\u0107 pliku?<\/h3>\n\t\t\t\t\t\t\t\t\t\t\t<svg width=\"36\" height=\"20\" viewBox=\"0 0 36 20\" fill=\"none\" xmlns=\"http:\/\/www.w3.org\/2000\/svg\">\n\t\t\t\t\t\t\t\t\t\t\t\t<path d=\"M2 2L18 18L34 2\" stroke=\"#1E2C92\" stroke-width=\"3\" stroke-linecap=\"round\" stroke-linejoin=\"round\"\/>\n\t\t\t\t\t\t\t\t\t\t\t<\/svg>\n\t\t\t\t\t\t\t\t\t\t<\/div>\n\t\t\t\t\t\t\t\t\t\t<div class=\"accordion__content\" id=\"accordion-44972f76ba9248fd2a1b1f92b82d8252-\">\n\t\t\t\t\t\t\t\t\t\t\t<p>Skontaktuj si\u0119 z nami, a ch\u0119tnie pomo\u017cemy.<\/p>\n\t\t\t\t\t\t\t\t\t\t<\/div>\n\t\t\t\t\t\t\t\t\t<\/div>\n\t\t\t\t\t\t\t\t\t\t\t\t\t\t\t<\/div>\n\t\t\t\t\t\t\t\t\t\t\t<\/div>\n\t\t\t\t<\/div>\n\t\t\t<\/div>\n\t\t<\/section>\n\t\t","protected":false},"excerpt":{"rendered":"<p>Dla dystrybutor\u00f3w Zaktualizuj ofert\u0119 Tytan Professional\u00aew swoim sklepie<\/p>\n","protected":false},"author":15,"featured_media":0,"parent":0,"menu_order":0,"comment_status":"closed","ping_status":"closed","template":"page-gutenberg-page.php","meta":{"_acf_changed":false,"footnotes":""},"class_list":["post-173622","page","type-page","status-publish","hentry"],"acf":[],"yoast_head":"<!-- This site is optimized with the Yoast SEO Premium plugin v27.2 (Yoast SEO v27.2) - https:\/\/yoast.com\/product\/yoast-seo-premium-wordpress\/ -->\n<title>Pobierz informacje o produktach dla swojego sklepu internetowego - Tytan Professional Polska<\/title>\n<meta name=\"description\" content=\"Pobierz aktualny feed produktowy Tytan Professional w formacie XML lub CSV. Dane gotowe do integracji z platformami e-commerce i systemami reklamowymi.\" \/>\n<meta name=\"robots\" content=\"index, follow, max-snippet:-1, max-image-preview:large, max-video-preview:-1\" \/>\n<link rel=\"canonical\" href=\"https:\/\/tytan.com\/pl\/informacje-produktowe-dla-dystrybutorow\/\" \/>\n<meta property=\"og:locale\" content=\"pl_PL\" \/>\n<meta property=\"og:type\" content=\"article\" \/>\n<meta property=\"og:title\" content=\"Pobierz informacje o produktach dla swojego sklepu internetowego\" \/>\n<meta property=\"og:description\" content=\"Pobierz aktualny feed produktowy Tytan Professional w formacie XML lub CSV. Dane gotowe do integracji z platformami e-commerce i systemami reklamowymi.\" \/>\n<meta property=\"og:url\" content=\"https:\/\/tytan.com\/pl\/informacje-produktowe-dla-dystrybutorow\/\" \/>\n<meta property=\"og:site_name\" content=\"Tytan Professional Polska\" \/>\n<meta property=\"article:publisher\" content=\"https:\/\/www.facebook.com\/TytanProfessionalPolska\/\" \/>\n<meta property=\"article:modified_time\" content=\"2025-02-18T12:51:00+00:00\" \/>\n<meta property=\"og:image\" content=\"https:\/\/tytan-cdn.tytan.com\/uploads\/sites\/53\/2024\/06\/Tytan-Professional-Job-Well-Done-KV_Some_1200x675px.jpg\" \/>\n\t<meta property=\"og:image:width\" content=\"1200\" \/>\n\t<meta property=\"og:image:height\" content=\"675\" \/>\n\t<meta property=\"og:image:type\" content=\"image\/jpeg\" \/>\n<meta name=\"twitter:card\" content=\"summary_large_image\" \/>\n<meta name=\"twitter:label1\" content=\"Szacowany czas czytania\" \/>\n\t<meta name=\"twitter:data1\" content=\"2 minuty\" \/>\n<script type=\"application\/ld+json\" class=\"yoast-schema-graph\">{\"@context\":\"https:\/\/schema.org\",\"@graph\":[{\"@type\":\"WebPage\",\"@id\":\"https:\/\/tytan.com\/pl\/informacje-produktowe-dla-dystrybutorow\/\",\"url\":\"https:\/\/tytan.com\/pl\/informacje-produktowe-dla-dystrybutorow\/\",\"name\":\"Pobierz informacje o produktach dla swojego sklepu internetowego - Tytan Professional Polska\",\"isPartOf\":{\"@id\":\"https:\/\/tytan.com\/pl\/#website\"},\"datePublished\":\"2025-02-17T11:47:15+00:00\",\"dateModified\":\"2025-02-18T12:51:00+00:00\",\"description\":\"Pobierz aktualny feed produktowy Tytan Professional w formacie XML lub CSV. Dane gotowe do integracji z platformami e-commerce i systemami reklamowymi.\",\"breadcrumb\":{\"@id\":\"https:\/\/tytan.com\/pl\/informacje-produktowe-dla-dystrybutorow\/#breadcrumb\"},\"inLanguage\":\"pl-PL\",\"potentialAction\":[{\"@type\":\"ReadAction\",\"target\":[\"https:\/\/tytan.com\/pl\/informacje-produktowe-dla-dystrybutorow\/\"]}]},{\"@type\":\"BreadcrumbList\",\"@id\":\"https:\/\/tytan.com\/pl\/informacje-produktowe-dla-dystrybutorow\/#breadcrumb\",\"itemListElement\":[{\"@type\":\"ListItem\",\"position\":1,\"name\":\"Home\",\"item\":\"https:\/\/tytan.com\/pl\/\"},{\"@type\":\"ListItem\",\"position\":2,\"name\":\"Pobierz informacje o produktach dla swojego sklepu internetowego\"}]},{\"@type\":\"WebSite\",\"@id\":\"https:\/\/tytan.com\/pl\/#website\",\"url\":\"https:\/\/tytan.com\/pl\/\",\"name\":\"Tytan Professional Polska\",\"description\":\"Marka Tytan oferuje innowacyjne produkty budowlane. Wszystko od tynk\u00f3w, zapraw a\u017c po kompleksowe systemy ocieple\u0144.\",\"potentialAction\":[{\"@type\":\"SearchAction\",\"target\":{\"@type\":\"EntryPoint\",\"urlTemplate\":\"https:\/\/tytan.com\/pl\/?s={search_term_string}\"},\"query-input\":{\"@type\":\"PropertyValueSpecification\",\"valueRequired\":true,\"valueName\":\"search_term_string\"}}],\"inLanguage\":\"pl-PL\"}]}<\/script>\n<!-- \/ Yoast SEO Premium plugin. -->","yoast_head_json":{"title":"Pobierz informacje o produktach dla swojego sklepu internetowego - Tytan Professional Polska","description":"Pobierz aktualny feed produktowy Tytan Professional w formacie XML lub CSV. Dane gotowe do integracji z platformami e-commerce i systemami reklamowymi.","robots":{"index":"index","follow":"follow","max-snippet":"max-snippet:-1","max-image-preview":"max-image-preview:large","max-video-preview":"max-video-preview:-1"},"canonical":"https:\/\/tytan.com\/pl\/informacje-produktowe-dla-dystrybutorow\/","og_locale":"pl_PL","og_type":"article","og_title":"Pobierz informacje o produktach dla swojego sklepu internetowego","og_description":"Pobierz aktualny feed produktowy Tytan Professional w formacie XML lub CSV. Dane gotowe do integracji z platformami e-commerce i systemami reklamowymi.","og_url":"https:\/\/tytan.com\/pl\/informacje-produktowe-dla-dystrybutorow\/","og_site_name":"Tytan Professional Polska","article_publisher":"https:\/\/www.facebook.com\/TytanProfessionalPolska\/","article_modified_time":"2025-02-18T12:51:00+00:00","og_image":[{"width":1200,"height":675,"url":"https:\/\/tytan-cdn.tytan.com\/uploads\/sites\/53\/2024\/06\/Tytan-Professional-Job-Well-Done-KV_Some_1200x675px.jpg","type":"image\/jpeg"}],"twitter_card":"summary_large_image","twitter_misc":{"Szacowany czas czytania":"2 minuty"},"schema":{"@context":"https:\/\/schema.org","@graph":[{"@type":"WebPage","@id":"https:\/\/tytan.com\/pl\/informacje-produktowe-dla-dystrybutorow\/","url":"https:\/\/tytan.com\/pl\/informacje-produktowe-dla-dystrybutorow\/","name":"Pobierz informacje o produktach dla swojego sklepu internetowego - Tytan Professional Polska","isPartOf":{"@id":"https:\/\/tytan.com\/pl\/#website"},"datePublished":"2025-02-17T11:47:15+00:00","dateModified":"2025-02-18T12:51:00+00:00","description":"Pobierz aktualny feed produktowy Tytan Professional w formacie XML lub CSV. Dane gotowe do integracji z platformami e-commerce i systemami reklamowymi.","breadcrumb":{"@id":"https:\/\/tytan.com\/pl\/informacje-produktowe-dla-dystrybutorow\/#breadcrumb"},"inLanguage":"pl-PL","potentialAction":[{"@type":"ReadAction","target":["https:\/\/tytan.com\/pl\/informacje-produktowe-dla-dystrybutorow\/"]}]},{"@type":"BreadcrumbList","@id":"https:\/\/tytan.com\/pl\/informacje-produktowe-dla-dystrybutorow\/#breadcrumb","itemListElement":[{"@type":"ListItem","position":1,"name":"Home","item":"https:\/\/tytan.com\/pl\/"},{"@type":"ListItem","position":2,"name":"Pobierz informacje o produktach dla swojego sklepu internetowego"}]},{"@type":"WebSite","@id":"https:\/\/tytan.com\/pl\/#website","url":"https:\/\/tytan.com\/pl\/","name":"Tytan Professional Polska","description":"Marka Tytan oferuje innowacyjne produkty budowlane. Wszystko od tynk\u00f3w, zapraw a\u017c po kompleksowe systemy ocieple\u0144.","potentialAction":[{"@type":"SearchAction","target":{"@type":"EntryPoint","urlTemplate":"https:\/\/tytan.com\/pl\/?s={search_term_string}"},"query-input":{"@type":"PropertyValueSpecification","valueRequired":true,"valueName":"search_term_string"}}],"inLanguage":"pl-PL"}]}},"_links":{"self":[{"href":"https:\/\/tytan.com\/pl\/wp-json\/wp\/v2\/pages\/173622","targetHints":{"allow":["GET"]}}],"collection":[{"href":"https:\/\/tytan.com\/pl\/wp-json\/wp\/v2\/pages"}],"about":[{"href":"https:\/\/tytan.com\/pl\/wp-json\/wp\/v2\/types\/page"}],"author":[{"embeddable":true,"href":"https:\/\/tytan.com\/pl\/wp-json\/wp\/v2\/users\/15"}],"replies":[{"embeddable":true,"href":"https:\/\/tytan.com\/pl\/wp-json\/wp\/v2\/comments?post=173622"}],"version-history":[{"count":6,"href":"https:\/\/tytan.com\/pl\/wp-json\/wp\/v2\/pages\/173622\/revisions"}],"predecessor-version":[{"id":173641,"href":"https:\/\/tytan.com\/pl\/wp-json\/wp\/v2\/pages\/173622\/revisions\/173641"}],"wp:attachment":[{"href":"https:\/\/tytan.com\/pl\/wp-json\/wp\/v2\/media?parent=173622"}],"curies":[{"name":"wp","href":"https:\/\/api.w.org\/{rel}","templated":true}]}}