{"id":159670,"date":"2024-05-22T17:15:58","date_gmt":"2024-05-22T15:15:58","guid":{"rendered":"https:\/\/tytan.com\/pl\/?page_id=159670"},"modified":"2026-04-07T13:42:42","modified_gmt":"2026-04-07T11:42:42","slug":"prace-wykonczeniowe","status":"publish","type":"page","link":"https:\/\/tytan.com\/pl\/prace-wykonczeniowe\/","title":{"rendered":"Prace wyko\u0144czeniowe"},"content":{"rendered":"","protected":false},"excerpt":{"rendered":"","protected":false},"author":15,"featured_media":0,"parent":0,"menu_order":0,"comment_status":"closed","ping_status":"closed","template":"page-sectors.php","meta":{"_acf_changed":false,"footnotes":""},"class_list":["post-159670","page","type-page","status-publish","hentry"],"acf":[],"yoast_head":"<!-- This site is optimized with the Yoast SEO Premium plugin v27.2 (Yoast SEO v27.2) - https:\/\/yoast.com\/product\/yoast-seo-premium-wordpress\/ -->\n<title>Prace wyko\u0144czeniowe - Tytan Professional Polska<\/title>\n<meta name=\"description\" content=\"Poznaj wysokiej jako\u015bci produkty dla profesjonalist\u00f3w \u2013 Tytan Professional! Odkryj nowy standard pracy i wybierz najlepsze rozwi\u0105zania!\" \/>\n<meta name=\"robots\" content=\"index, follow, max-snippet:-1, max-image-preview:large, max-video-preview:-1\" \/>\n<link rel=\"canonical\" href=\"https:\/\/tytan.com\/pl\/prace-wykonczeniowe\/\" \/>\n<meta property=\"og:locale\" content=\"pl_PL\" \/>\n<meta property=\"og:type\" content=\"article\" \/>\n<meta property=\"og:title\" content=\"Prace wyko\u0144czeniowe\" \/>\n<meta property=\"og:description\" content=\"Poznaj wysokiej jako\u015bci produkty dla profesjonalist\u00f3w \u2013 Tytan Professional! Odkryj nowy standard pracy i wybierz najlepsze rozwi\u0105zania!\" \/>\n<meta property=\"og:url\" content=\"https:\/\/tytan.com\/pl\/prace-wykonczeniowe\/\" \/>\n<meta property=\"og:site_name\" content=\"Tytan Professional Polska\" \/>\n<meta property=\"article:publisher\" content=\"https:\/\/www.facebook.com\/TytanProfessionalPolska\/\" \/>\n<meta property=\"article:modified_time\" content=\"2026-04-07T11:42:42+00:00\" \/>\n<meta property=\"og:image\" content=\"https:\/\/tytan-cdn.tytan.com\/uploads\/sites\/53\/2024\/05\/prace-1.webp\" \/>\n\t<meta property=\"og:image:width\" content=\"1620\" \/>\n\t<meta property=\"og:image:height\" content=\"1080\" \/>\n\t<meta property=\"og:image:type\" content=\"image\/webp\" \/>\n<meta name=\"twitter:card\" content=\"summary_large_image\" \/>\n<meta name=\"twitter:label1\" content=\"Szacowany czas czytania\" \/>\n\t<meta name=\"twitter:data1\" content=\"5 minut\" \/>\n<script type=\"application\/ld+json\" class=\"yoast-schema-graph\">{\"@context\":\"https:\/\/schema.org\",\"@graph\":[{\"@type\":\"WebPage\",\"@id\":\"https:\/\/tytan.com\/pl\/prace-wykonczeniowe\/\",\"url\":\"https:\/\/tytan.com\/pl\/prace-wykonczeniowe\/\",\"name\":\"Prace wyko\u0144czeniowe - Tytan Professional Polska\",\"isPartOf\":{\"@id\":\"https:\/\/tytan.com\/pl\/#website\"},\"datePublished\":\"2024-05-22T15:15:58+00:00\",\"dateModified\":\"2026-04-07T11:42:42+00:00\",\"description\":\"Poznaj wysokiej jako\u015bci produkty dla profesjonalist\u00f3w \u2013 Tytan Professional! Odkryj nowy standard pracy i wybierz najlepsze rozwi\u0105zania!\",\"breadcrumb\":{\"@id\":\"https:\/\/tytan.com\/pl\/prace-wykonczeniowe\/#breadcrumb\"},\"inLanguage\":\"pl-PL\",\"potentialAction\":[{\"@type\":\"ReadAction\",\"target\":[\"https:\/\/tytan.com\/pl\/prace-wykonczeniowe\/\"]}]},{\"@type\":\"BreadcrumbList\",\"@id\":\"https:\/\/tytan.com\/pl\/prace-wykonczeniowe\/#breadcrumb\",\"itemListElement\":[{\"@type\":\"ListItem\",\"position\":1,\"name\":\"Home\",\"item\":\"https:\/\/tytan.com\/pl\/\"},{\"@type\":\"ListItem\",\"position\":2,\"name\":\"Prace wyko\u0144czeniowe\"}]},{\"@type\":\"WebSite\",\"@id\":\"https:\/\/tytan.com\/pl\/#website\",\"url\":\"https:\/\/tytan.com\/pl\/\",\"name\":\"Tytan Professional Polska\",\"description\":\"Marka Tytan oferuje innowacyjne produkty budowlane. Wszystko od tynk\u00f3w, zapraw a\u017c po kompleksowe systemy ocieple\u0144.\",\"potentialAction\":[{\"@type\":\"SearchAction\",\"target\":{\"@type\":\"EntryPoint\",\"urlTemplate\":\"https:\/\/tytan.com\/pl\/?s={search_term_string}\"},\"query-input\":{\"@type\":\"PropertyValueSpecification\",\"valueRequired\":true,\"valueName\":\"search_term_string\"}}],\"inLanguage\":\"pl-PL\"}]}<\/script>\n<!-- \/ Yoast SEO Premium plugin. -->","yoast_head_json":{"title":"Prace wyko\u0144czeniowe - Tytan Professional Polska","description":"Poznaj wysokiej jako\u015bci produkty dla profesjonalist\u00f3w \u2013 Tytan Professional! Odkryj nowy standard pracy i wybierz najlepsze rozwi\u0105zania!","robots":{"index":"index","follow":"follow","max-snippet":"max-snippet:-1","max-image-preview":"max-image-preview:large","max-video-preview":"max-video-preview:-1"},"canonical":"https:\/\/tytan.com\/pl\/prace-wykonczeniowe\/","og_locale":"pl_PL","og_type":"article","og_title":"Prace wyko\u0144czeniowe","og_description":"Poznaj wysokiej jako\u015bci produkty dla profesjonalist\u00f3w \u2013 Tytan Professional! Odkryj nowy standard pracy i wybierz najlepsze rozwi\u0105zania!","og_url":"https:\/\/tytan.com\/pl\/prace-wykonczeniowe\/","og_site_name":"Tytan Professional Polska","article_publisher":"https:\/\/www.facebook.com\/TytanProfessionalPolska\/","article_modified_time":"2026-04-07T11:42:42+00:00","og_image":[{"width":1620,"height":1080,"url":"https:\/\/tytan-cdn.tytan.com\/uploads\/sites\/53\/2024\/05\/prace-1.webp","type":"image\/webp"}],"twitter_card":"summary_large_image","twitter_misc":{"Szacowany czas czytania":"5 minut"},"schema":{"@context":"https:\/\/schema.org","@graph":[{"@type":"WebPage","@id":"https:\/\/tytan.com\/pl\/prace-wykonczeniowe\/","url":"https:\/\/tytan.com\/pl\/prace-wykonczeniowe\/","name":"Prace wyko\u0144czeniowe - Tytan Professional Polska","isPartOf":{"@id":"https:\/\/tytan.com\/pl\/#website"},"datePublished":"2024-05-22T15:15:58+00:00","dateModified":"2026-04-07T11:42:42+00:00","description":"Poznaj wysokiej jako\u015bci produkty dla profesjonalist\u00f3w \u2013 Tytan Professional! Odkryj nowy standard pracy i wybierz najlepsze rozwi\u0105zania!","breadcrumb":{"@id":"https:\/\/tytan.com\/pl\/prace-wykonczeniowe\/#breadcrumb"},"inLanguage":"pl-PL","potentialAction":[{"@type":"ReadAction","target":["https:\/\/tytan.com\/pl\/prace-wykonczeniowe\/"]}]},{"@type":"BreadcrumbList","@id":"https:\/\/tytan.com\/pl\/prace-wykonczeniowe\/#breadcrumb","itemListElement":[{"@type":"ListItem","position":1,"name":"Home","item":"https:\/\/tytan.com\/pl\/"},{"@type":"ListItem","position":2,"name":"Prace wyko\u0144czeniowe"}]},{"@type":"WebSite","@id":"https:\/\/tytan.com\/pl\/#website","url":"https:\/\/tytan.com\/pl\/","name":"Tytan Professional Polska","description":"Marka Tytan oferuje innowacyjne produkty budowlane. Wszystko od tynk\u00f3w, zapraw a\u017c po kompleksowe systemy ocieple\u0144.","potentialAction":[{"@type":"SearchAction","target":{"@type":"EntryPoint","urlTemplate":"https:\/\/tytan.com\/pl\/?s={search_term_string}"},"query-input":{"@type":"PropertyValueSpecification","valueRequired":true,"valueName":"search_term_string"}}],"inLanguage":"pl-PL"}]}},"_links":{"self":[{"href":"https:\/\/tytan.com\/pl\/wp-json\/wp\/v2\/pages\/159670","targetHints":{"allow":["GET"]}}],"collection":[{"href":"https:\/\/tytan.com\/pl\/wp-json\/wp\/v2\/pages"}],"about":[{"href":"https:\/\/tytan.com\/pl\/wp-json\/wp\/v2\/types\/page"}],"author":[{"embeddable":true,"href":"https:\/\/tytan.com\/pl\/wp-json\/wp\/v2\/users\/15"}],"replies":[{"embeddable":true,"href":"https:\/\/tytan.com\/pl\/wp-json\/wp\/v2\/comments?post=159670"}],"version-history":[{"count":6,"href":"https:\/\/tytan.com\/pl\/wp-json\/wp\/v2\/pages\/159670\/revisions"}],"predecessor-version":[{"id":227773,"href":"https:\/\/tytan.com\/pl\/wp-json\/wp\/v2\/pages\/159670\/revisions\/227773"}],"wp:attachment":[{"href":"https:\/\/tytan.com\/pl\/wp-json\/wp\/v2\/media?parent=159670"}],"curies":[{"name":"wp","href":"https:\/\/api.w.org\/{rel}","templated":true}]}}