{"id":13719,"date":"2021-02-03T09:49:03","date_gmt":"2021-02-03T08:49:03","guid":{"rendered":"https:\/\/www.tytan.pl\/?page_id=11504"},"modified":"2022-02-02T21:42:48","modified_gmt":"2022-02-02T20:42:48","slug":"paleta-barw","status":"publish","type":"page","link":"https:\/\/tytan.com\/pl\/strefa-architekta\/paleta-barw\/","title":{"rendered":"Paleta barw"},"content":{"rendered":"","protected":false},"excerpt":{"rendered":"","protected":false},"author":11,"featured_media":9507,"parent":13722,"menu_order":4,"comment_status":"closed","ping_status":"closed","template":"page-architectzone.php","meta":{"_acf_changed":false,"footnotes":""},"class_list":["post-13719","page","type-page","status-publish","has-post-thumbnail","hentry"],"acf":[],"yoast_head":"<!-- This site is optimized with the Yoast SEO Premium plugin v27.2 (Yoast SEO v27.2) - https:\/\/yoast.com\/product\/yoast-seo-premium-wordpress\/ -->\n<title>Paleta barw - Tytan Professional Polska<\/title>\n<meta name=\"description\" content=\"Poznaj wysokiej jako\u015bci produkty dla profesjonalist\u00f3w \u2013 Tytan Professional! Odkryj nowy standard pracy i wybierz najlepsze rozwi\u0105zania!\" \/>\n<meta name=\"robots\" content=\"index, follow, max-snippet:-1, max-image-preview:large, max-video-preview:-1\" \/>\n<link rel=\"canonical\" href=\"https:\/\/tytan.com\/pl-pim\/strefa-architekta\/paleta-barw\/\" \/>\n<meta property=\"og:locale\" content=\"pl_PL\" \/>\n<meta property=\"og:type\" content=\"article\" \/>\n<meta property=\"og:title\" content=\"Paleta barw\" \/>\n<meta property=\"og:description\" content=\"Poznaj wysokiej jako\u015bci produkty dla profesjonalist\u00f3w \u2013 Tytan Professional! Odkryj nowy standard pracy i wybierz najlepsze rozwi\u0105zania!\" \/>\n<meta property=\"og:url\" content=\"https:\/\/tytan.com\/pl-pim\/strefa-architekta\/paleta-barw\/\" \/>\n<meta property=\"og:site_name\" content=\"Tytan Professional Polska\" \/>\n<meta property=\"article:publisher\" content=\"https:\/\/www.facebook.com\/TytanProfessionalPolska\/\" \/>\n<meta property=\"article:modified_time\" content=\"2022-02-02T20:42:48+00:00\" \/>\n<meta property=\"og:image\" content=\"https:\/\/tytan-cdn.tytan.com\/uploads\/sites\/53\/2020\/12\/czyscik_utwardzonych-pian-poliuretanowych-1.jpg\" \/>\n\t<meta property=\"og:image:width\" content=\"317\" \/>\n\t<meta property=\"og:image:height\" content=\"800\" \/>\n\t<meta property=\"og:image:type\" content=\"image\/jpeg\" \/>\n<meta name=\"twitter:card\" content=\"summary_large_image\" \/>\n<script type=\"application\/ld+json\" class=\"yoast-schema-graph\">{\"@context\":\"https:\/\/schema.org\",\"@graph\":[{\"@type\":\"WebPage\",\"@id\":\"https:\/\/tytan.com\/pl-pim\/strefa-architekta\/paleta-barw\/\",\"url\":\"https:\/\/tytan.com\/pl-pim\/strefa-architekta\/paleta-barw\/\",\"name\":\"Paleta barw - Tytan Professional Polska\",\"isPartOf\":{\"@id\":\"https:\/\/tytan.com\/pl\/#website\"},\"primaryImageOfPage\":{\"@id\":\"https:\/\/tytan.com\/pl-pim\/strefa-architekta\/paleta-barw\/#primaryimage\"},\"image\":{\"@id\":\"https:\/\/tytan.com\/pl-pim\/strefa-architekta\/paleta-barw\/#primaryimage\"},\"thumbnailUrl\":\"https:\/\/tytan-cdn.tytan.com\/uploads\/sites\/53\/2020\/12\/czyscik_utwardzonych-pian-poliuretanowych-1.jpg\",\"datePublished\":\"2021-02-03T08:49:03+00:00\",\"dateModified\":\"2022-02-02T20:42:48+00:00\",\"description\":\"Poznaj wysokiej jako\u015bci produkty dla profesjonalist\u00f3w \u2013 Tytan Professional! Odkryj nowy standard pracy i wybierz najlepsze rozwi\u0105zania!\",\"breadcrumb\":{\"@id\":\"https:\/\/tytan.com\/pl-pim\/strefa-architekta\/paleta-barw\/#breadcrumb\"},\"inLanguage\":\"pl-PL\",\"potentialAction\":[{\"@type\":\"ReadAction\",\"target\":[\"https:\/\/tytan.com\/pl-pim\/strefa-architekta\/paleta-barw\/\"]}]},{\"@type\":\"ImageObject\",\"inLanguage\":\"pl-PL\",\"@id\":\"https:\/\/tytan.com\/pl-pim\/strefa-architekta\/paleta-barw\/#primaryimage\",\"url\":\"https:\/\/tytan-cdn.tytan.com\/uploads\/sites\/53\/2020\/12\/czyscik_utwardzonych-pian-poliuretanowych-1.jpg\",\"contentUrl\":\"https:\/\/tytan-cdn.tytan.com\/uploads\/sites\/53\/2020\/12\/czyscik_utwardzonych-pian-poliuretanowych-1.jpg\",\"width\":317,\"height\":800},{\"@type\":\"BreadcrumbList\",\"@id\":\"https:\/\/tytan.com\/pl-pim\/strefa-architekta\/paleta-barw\/#breadcrumb\",\"itemListElement\":[{\"@type\":\"ListItem\",\"position\":1,\"name\":\"Home\",\"item\":\"https:\/\/tytan.com\/pl\/\"},{\"@type\":\"ListItem\",\"position\":2,\"name\":\"Strefa Architekta\",\"item\":\"https:\/\/tytan.com\/pl-pim\/strefa-architekta\/\"},{\"@type\":\"ListItem\",\"position\":3,\"name\":\"Paleta barw\"}]},{\"@type\":\"WebSite\",\"@id\":\"https:\/\/tytan.com\/pl\/#website\",\"url\":\"https:\/\/tytan.com\/pl\/\",\"name\":\"Tytan Professional Polska\",\"description\":\"Marka Tytan oferuje innowacyjne produkty budowlane. Wszystko od tynk\u00f3w, zapraw a\u017c po kompleksowe systemy ocieple\u0144.\",\"potentialAction\":[{\"@type\":\"SearchAction\",\"target\":{\"@type\":\"EntryPoint\",\"urlTemplate\":\"https:\/\/tytan.com\/pl\/?s={search_term_string}\"},\"query-input\":{\"@type\":\"PropertyValueSpecification\",\"valueRequired\":true,\"valueName\":\"search_term_string\"}}],\"inLanguage\":\"pl-PL\"}]}<\/script>\n<!-- \/ Yoast SEO Premium plugin. -->","yoast_head_json":{"title":"Paleta barw - Tytan Professional Polska","description":"Poznaj wysokiej jako\u015bci produkty dla profesjonalist\u00f3w \u2013 Tytan Professional! Odkryj nowy standard pracy i wybierz najlepsze rozwi\u0105zania!","robots":{"index":"index","follow":"follow","max-snippet":"max-snippet:-1","max-image-preview":"max-image-preview:large","max-video-preview":"max-video-preview:-1"},"canonical":"https:\/\/tytan.com\/pl-pim\/strefa-architekta\/paleta-barw\/","og_locale":"pl_PL","og_type":"article","og_title":"Paleta barw","og_description":"Poznaj wysokiej jako\u015bci produkty dla profesjonalist\u00f3w \u2013 Tytan Professional! Odkryj nowy standard pracy i wybierz najlepsze rozwi\u0105zania!","og_url":"https:\/\/tytan.com\/pl-pim\/strefa-architekta\/paleta-barw\/","og_site_name":"Tytan Professional Polska","article_publisher":"https:\/\/www.facebook.com\/TytanProfessionalPolska\/","article_modified_time":"2022-02-02T20:42:48+00:00","og_image":[{"width":317,"height":800,"url":"https:\/\/tytan-cdn.tytan.com\/uploads\/sites\/53\/2020\/12\/czyscik_utwardzonych-pian-poliuretanowych-1.jpg","type":"image\/jpeg"}],"twitter_card":"summary_large_image","schema":{"@context":"https:\/\/schema.org","@graph":[{"@type":"WebPage","@id":"https:\/\/tytan.com\/pl-pim\/strefa-architekta\/paleta-barw\/","url":"https:\/\/tytan.com\/pl-pim\/strefa-architekta\/paleta-barw\/","name":"Paleta barw - Tytan Professional Polska","isPartOf":{"@id":"https:\/\/tytan.com\/pl\/#website"},"primaryImageOfPage":{"@id":"https:\/\/tytan.com\/pl-pim\/strefa-architekta\/paleta-barw\/#primaryimage"},"image":{"@id":"https:\/\/tytan.com\/pl-pim\/strefa-architekta\/paleta-barw\/#primaryimage"},"thumbnailUrl":"https:\/\/tytan-cdn.tytan.com\/uploads\/sites\/53\/2020\/12\/czyscik_utwardzonych-pian-poliuretanowych-1.jpg","datePublished":"2021-02-03T08:49:03+00:00","dateModified":"2022-02-02T20:42:48+00:00","description":"Poznaj wysokiej jako\u015bci produkty dla profesjonalist\u00f3w \u2013 Tytan Professional! Odkryj nowy standard pracy i wybierz najlepsze rozwi\u0105zania!","breadcrumb":{"@id":"https:\/\/tytan.com\/pl-pim\/strefa-architekta\/paleta-barw\/#breadcrumb"},"inLanguage":"pl-PL","potentialAction":[{"@type":"ReadAction","target":["https:\/\/tytan.com\/pl-pim\/strefa-architekta\/paleta-barw\/"]}]},{"@type":"ImageObject","inLanguage":"pl-PL","@id":"https:\/\/tytan.com\/pl-pim\/strefa-architekta\/paleta-barw\/#primaryimage","url":"https:\/\/tytan-cdn.tytan.com\/uploads\/sites\/53\/2020\/12\/czyscik_utwardzonych-pian-poliuretanowych-1.jpg","contentUrl":"https:\/\/tytan-cdn.tytan.com\/uploads\/sites\/53\/2020\/12\/czyscik_utwardzonych-pian-poliuretanowych-1.jpg","width":317,"height":800},{"@type":"BreadcrumbList","@id":"https:\/\/tytan.com\/pl-pim\/strefa-architekta\/paleta-barw\/#breadcrumb","itemListElement":[{"@type":"ListItem","position":1,"name":"Home","item":"https:\/\/tytan.com\/pl\/"},{"@type":"ListItem","position":2,"name":"Strefa Architekta","item":"https:\/\/tytan.com\/pl-pim\/strefa-architekta\/"},{"@type":"ListItem","position":3,"name":"Paleta barw"}]},{"@type":"WebSite","@id":"https:\/\/tytan.com\/pl\/#website","url":"https:\/\/tytan.com\/pl\/","name":"Tytan Professional Polska","description":"Marka Tytan oferuje innowacyjne produkty budowlane. Wszystko od tynk\u00f3w, zapraw a\u017c po kompleksowe systemy ocieple\u0144.","potentialAction":[{"@type":"SearchAction","target":{"@type":"EntryPoint","urlTemplate":"https:\/\/tytan.com\/pl\/?s={search_term_string}"},"query-input":{"@type":"PropertyValueSpecification","valueRequired":true,"valueName":"search_term_string"}}],"inLanguage":"pl-PL"}]}},"_links":{"self":[{"href":"https:\/\/tytan.com\/pl\/wp-json\/wp\/v2\/pages\/13719","targetHints":{"allow":["GET"]}}],"collection":[{"href":"https:\/\/tytan.com\/pl\/wp-json\/wp\/v2\/pages"}],"about":[{"href":"https:\/\/tytan.com\/pl\/wp-json\/wp\/v2\/types\/page"}],"author":[{"embeddable":true,"href":"https:\/\/tytan.com\/pl\/wp-json\/wp\/v2\/users\/11"}],"replies":[{"embeddable":true,"href":"https:\/\/tytan.com\/pl\/wp-json\/wp\/v2\/comments?post=13719"}],"version-history":[{"count":1,"href":"https:\/\/tytan.com\/pl\/wp-json\/wp\/v2\/pages\/13719\/revisions"}],"predecessor-version":[{"id":14307,"href":"https:\/\/tytan.com\/pl\/wp-json\/wp\/v2\/pages\/13719\/revisions\/14307"}],"up":[{"embeddable":true,"href":"https:\/\/tytan.com\/pl\/wp-json\/wp\/v2\/pages\/13722"}],"wp:featuredmedia":[{"embeddable":true,"href":"https:\/\/tytan.com\/pl\/wp-json\/wp\/v2\/media\/9507"}],"wp:attachment":[{"href":"https:\/\/tytan.com\/pl\/wp-json\/wp\/v2\/media?parent=13719"}],"curies":[{"name":"wp","href":"https:\/\/api.w.org\/{rel}","templated":true}]}}