{"id":161338,"date":"2024-08-26T15:56:48","date_gmt":"2024-08-26T13:56:48","guid":{"rendered":"https:\/\/tytan.com\/olden-pl\/?page_id=161338"},"modified":"2024-08-26T15:56:48","modified_gmt":"2024-08-26T13:56:48","slug":"detale-projektowe-system-tytan-wins","status":"publish","type":"page","link":"https:\/\/tytan.com\/olden-pl\/strefa-architekta\/detale-projektowe-system-tytan-wins\/","title":{"rendered":"Detale projektowe (System TYTAN WINS)"},"content":{"rendered":"","protected":false},"excerpt":{"rendered":"","protected":false},"author":11,"featured_media":9114,"parent":13722,"menu_order":0,"comment_status":"closed","ping_status":"closed","template":"page-architectzone.php","meta":{"_acf_changed":false,"footnotes":""},"class_list":["post-161338","page","type-page","status-publish","has-post-thumbnail","hentry"],"acf":[],"yoast_head":"<!-- This site is optimized with the Yoast SEO Premium plugin v27.2 (Yoast SEO v27.2) - https:\/\/yoast.com\/product\/yoast-seo-premium-wordpress\/ -->\n<title>Detale projektowe (System TYTAN WINS) - Tytan Professional Polska - KOPIA BEZPIECZE\u0143STWA<\/title>\n<meta name=\"description\" content=\"Poznaj wysokiej jako\u015bci produkty dla profesjonalist\u00f3w \u2013 Tytan Professional! Odkryj nowy standard pracy i wybierz najlepsze rozwi\u0105zania!\" \/>\n<meta name=\"robots\" content=\"noindex, follow, max-snippet:-1, max-image-preview:large, max-video-preview:-1\" \/>\n<meta property=\"og:locale\" content=\"pl_PL\" \/>\n<meta property=\"og:type\" content=\"article\" \/>\n<meta property=\"og:title\" content=\"Detale projektowe (System TYTAN WINS)\" \/>\n<meta property=\"og:description\" content=\"Poznaj wysokiej jako\u015bci produkty dla profesjonalist\u00f3w \u2013 Tytan Professional! Odkryj nowy standard pracy i wybierz najlepsze rozwi\u0105zania!\" \/>\n<meta property=\"og:url\" content=\"https:\/\/tytan.com\/pl\/strefa-architekta\/detale-projektowe-system-tytan-wins\/\" \/>\n<meta property=\"og:site_name\" content=\"Tytan Professional Polska - KOPIA BEZPIECZE\u0143STWA\" \/>\n<meta property=\"article:publisher\" content=\"https:\/\/www.facebook.com\/TytanProfessionalPolska\/\" \/>\n<meta property=\"og:image\" content=\"https:\/\/tytan-cdn.tytan.com\/uploads\/sites\/12\/2020\/12\/Kliny-dystansowe.jpg\" \/>\n\t<meta property=\"og:image:width\" content=\"1329\" \/>\n\t<meta property=\"og:image:height\" content=\"800\" \/>\n\t<meta property=\"og:image:type\" content=\"image\/jpeg\" \/>\n<meta name=\"twitter:card\" content=\"summary_large_image\" \/>\n<meta name=\"twitter:label1\" content=\"Szacowany czas czytania\" \/>\n\t<meta name=\"twitter:data1\" content=\"1 minuta\" \/>\n<script type=\"application\/ld+json\" class=\"yoast-schema-graph\">{\"@context\":\"https:\/\/schema.org\",\"@graph\":[{\"@type\":\"WebPage\",\"@id\":\"https:\/\/tytan.com\/pl\/strefa-architekta\/detale-projektowe-system-tytan-wins\/\",\"url\":\"https:\/\/tytan.com\/pl\/strefa-architekta\/detale-projektowe-system-tytan-wins\/\",\"name\":\"Detale projektowe (System TYTAN WINS) - Tytan Professional Polska - KOPIA BEZPIECZE\u0143STWA\",\"isPartOf\":{\"@id\":\"https:\/\/tytan.com\/olden-pl\/#website\"},\"primaryImageOfPage\":{\"@id\":\"https:\/\/tytan.com\/pl\/strefa-architekta\/detale-projektowe-system-tytan-wins\/#primaryimage\"},\"image\":{\"@id\":\"https:\/\/tytan.com\/pl\/strefa-architekta\/detale-projektowe-system-tytan-wins\/#primaryimage\"},\"thumbnailUrl\":\"https:\/\/tytan-cdn.tytan.com\/uploads\/sites\/12\/2020\/12\/Kliny-dystansowe.jpg\",\"datePublished\":\"2024-08-26T13:56:48+00:00\",\"description\":\"Poznaj wysokiej jako\u015bci produkty dla profesjonalist\u00f3w \u2013 Tytan Professional! Odkryj nowy standard pracy i wybierz najlepsze rozwi\u0105zania!\",\"breadcrumb\":{\"@id\":\"https:\/\/tytan.com\/pl\/strefa-architekta\/detale-projektowe-system-tytan-wins\/#breadcrumb\"},\"inLanguage\":\"pl-PL\",\"potentialAction\":[{\"@type\":\"ReadAction\",\"target\":[\"https:\/\/tytan.com\/pl\/strefa-architekta\/detale-projektowe-system-tytan-wins\/\"]}]},{\"@type\":\"ImageObject\",\"inLanguage\":\"pl-PL\",\"@id\":\"https:\/\/tytan.com\/pl\/strefa-architekta\/detale-projektowe-system-tytan-wins\/#primaryimage\",\"url\":\"https:\/\/tytan-cdn.tytan.com\/uploads\/sites\/12\/2020\/12\/Kliny-dystansowe.jpg\",\"contentUrl\":\"https:\/\/tytan-cdn.tytan.com\/uploads\/sites\/12\/2020\/12\/Kliny-dystansowe.jpg\",\"width\":1329,\"height\":800},{\"@type\":\"BreadcrumbList\",\"@id\":\"https:\/\/tytan.com\/pl\/strefa-architekta\/detale-projektowe-system-tytan-wins\/#breadcrumb\",\"itemListElement\":[{\"@type\":\"ListItem\",\"position\":1,\"name\":\"Home\",\"item\":\"https:\/\/tytan.com\/pl\/\"},{\"@type\":\"ListItem\",\"position\":2,\"name\":\"Strefa Architekta\",\"item\":\"https:\/\/tytan.com\/pl\/strefa-architekta\/\"},{\"@type\":\"ListItem\",\"position\":3,\"name\":\"Detale projektowe (System TYTAN WINS)\"}]},{\"@type\":\"WebSite\",\"@id\":\"https:\/\/tytan.com\/olden-pl\/#website\",\"url\":\"https:\/\/tytan.com\/olden-pl\/\",\"name\":\"Tytan Professional Polska - KOPIA BEZPIECZE\u0143STWA\",\"description\":\"Marka Tytan oferuje innowacyjne produkty budowlane. Wszystko od tynk\u00f3w, zapraw a\u017c po kompleksowe systemy ocieple\u0144.\",\"publisher\":{\"@id\":\"https:\/\/tytan.com\/olden-pl\/#organization\"},\"potentialAction\":[{\"@type\":\"SearchAction\",\"target\":{\"@type\":\"EntryPoint\",\"urlTemplate\":\"https:\/\/tytan.com\/olden-pl\/?s={search_term_string}\"},\"query-input\":{\"@type\":\"PropertyValueSpecification\",\"valueRequired\":true,\"valueName\":\"search_term_string\"}}],\"inLanguage\":\"pl-PL\"},{\"@type\":\"Organization\",\"@id\":\"https:\/\/tytan.com\/olden-pl\/#organization\",\"name\":\"Tytan Professional\",\"url\":\"https:\/\/tytan.com\/olden-pl\/\",\"logo\":{\"@type\":\"ImageObject\",\"inLanguage\":\"pl-PL\",\"@id\":\"https:\/\/tytan.com\/olden-pl\/#\/schema\/logo\/image\/\",\"url\":\"https:\/\/tytan-cdn.tytan.com\/uploads\/sites\/12\/2021\/07\/logo-white.png\",\"contentUrl\":\"https:\/\/tytan-cdn.tytan.com\/uploads\/sites\/12\/2021\/07\/logo-white.png\",\"width\":474,\"height\":234,\"caption\":\"Tytan Professional\"},\"image\":{\"@id\":\"https:\/\/tytan.com\/olden-pl\/#\/schema\/logo\/image\/\"},\"sameAs\":[\"https:\/\/www.facebook.com\/TytanProfessionalPolska\/\",\"https:\/\/www.instagram.com\/tytan_professional_poland\/\",\"https:\/\/www.youtube.com\/user\/TYTANPROFESSIONAL\"]}]}<\/script>\n<!-- \/ Yoast SEO Premium plugin. -->","yoast_head_json":{"title":"Detale projektowe (System TYTAN WINS) - Tytan Professional Polska - KOPIA BEZPIECZE\u0143STWA","description":"Poznaj wysokiej jako\u015bci produkty dla profesjonalist\u00f3w \u2013 Tytan Professional! Odkryj nowy standard pracy i wybierz najlepsze rozwi\u0105zania!","robots":{"index":"noindex","follow":"follow","max-snippet":"max-snippet:-1","max-image-preview":"max-image-preview:large","max-video-preview":"max-video-preview:-1"},"og_locale":"pl_PL","og_type":"article","og_title":"Detale projektowe (System TYTAN WINS)","og_description":"Poznaj wysokiej jako\u015bci produkty dla profesjonalist\u00f3w \u2013 Tytan Professional! Odkryj nowy standard pracy i wybierz najlepsze rozwi\u0105zania!","og_url":"https:\/\/tytan.com\/pl\/strefa-architekta\/detale-projektowe-system-tytan-wins\/","og_site_name":"Tytan Professional Polska - KOPIA BEZPIECZE\u0143STWA","article_publisher":"https:\/\/www.facebook.com\/TytanProfessionalPolska\/","og_image":[{"width":1329,"height":800,"url":"https:\/\/tytan-cdn.tytan.com\/uploads\/sites\/12\/2020\/12\/Kliny-dystansowe.jpg","type":"image\/jpeg"}],"twitter_card":"summary_large_image","twitter_misc":{"Szacowany czas czytania":"1 minuta"},"schema":{"@context":"https:\/\/schema.org","@graph":[{"@type":"WebPage","@id":"https:\/\/tytan.com\/pl\/strefa-architekta\/detale-projektowe-system-tytan-wins\/","url":"https:\/\/tytan.com\/pl\/strefa-architekta\/detale-projektowe-system-tytan-wins\/","name":"Detale projektowe (System TYTAN WINS) - Tytan Professional Polska - KOPIA BEZPIECZE\u0143STWA","isPartOf":{"@id":"https:\/\/tytan.com\/olden-pl\/#website"},"primaryImageOfPage":{"@id":"https:\/\/tytan.com\/pl\/strefa-architekta\/detale-projektowe-system-tytan-wins\/#primaryimage"},"image":{"@id":"https:\/\/tytan.com\/pl\/strefa-architekta\/detale-projektowe-system-tytan-wins\/#primaryimage"},"thumbnailUrl":"https:\/\/tytan-cdn.tytan.com\/uploads\/sites\/12\/2020\/12\/Kliny-dystansowe.jpg","datePublished":"2024-08-26T13:56:48+00:00","description":"Poznaj wysokiej jako\u015bci produkty dla profesjonalist\u00f3w \u2013 Tytan Professional! Odkryj nowy standard pracy i wybierz najlepsze rozwi\u0105zania!","breadcrumb":{"@id":"https:\/\/tytan.com\/pl\/strefa-architekta\/detale-projektowe-system-tytan-wins\/#breadcrumb"},"inLanguage":"pl-PL","potentialAction":[{"@type":"ReadAction","target":["https:\/\/tytan.com\/pl\/strefa-architekta\/detale-projektowe-system-tytan-wins\/"]}]},{"@type":"ImageObject","inLanguage":"pl-PL","@id":"https:\/\/tytan.com\/pl\/strefa-architekta\/detale-projektowe-system-tytan-wins\/#primaryimage","url":"https:\/\/tytan-cdn.tytan.com\/uploads\/sites\/12\/2020\/12\/Kliny-dystansowe.jpg","contentUrl":"https:\/\/tytan-cdn.tytan.com\/uploads\/sites\/12\/2020\/12\/Kliny-dystansowe.jpg","width":1329,"height":800},{"@type":"BreadcrumbList","@id":"https:\/\/tytan.com\/pl\/strefa-architekta\/detale-projektowe-system-tytan-wins\/#breadcrumb","itemListElement":[{"@type":"ListItem","position":1,"name":"Home","item":"https:\/\/tytan.com\/pl\/"},{"@type":"ListItem","position":2,"name":"Strefa Architekta","item":"https:\/\/tytan.com\/pl\/strefa-architekta\/"},{"@type":"ListItem","position":3,"name":"Detale projektowe (System TYTAN WINS)"}]},{"@type":"WebSite","@id":"https:\/\/tytan.com\/olden-pl\/#website","url":"https:\/\/tytan.com\/olden-pl\/","name":"Tytan Professional Polska - KOPIA BEZPIECZE\u0143STWA","description":"Marka Tytan oferuje innowacyjne produkty budowlane. Wszystko od tynk\u00f3w, zapraw a\u017c po kompleksowe systemy ocieple\u0144.","publisher":{"@id":"https:\/\/tytan.com\/olden-pl\/#organization"},"potentialAction":[{"@type":"SearchAction","target":{"@type":"EntryPoint","urlTemplate":"https:\/\/tytan.com\/olden-pl\/?s={search_term_string}"},"query-input":{"@type":"PropertyValueSpecification","valueRequired":true,"valueName":"search_term_string"}}],"inLanguage":"pl-PL"},{"@type":"Organization","@id":"https:\/\/tytan.com\/olden-pl\/#organization","name":"Tytan Professional","url":"https:\/\/tytan.com\/olden-pl\/","logo":{"@type":"ImageObject","inLanguage":"pl-PL","@id":"https:\/\/tytan.com\/olden-pl\/#\/schema\/logo\/image\/","url":"https:\/\/tytan-cdn.tytan.com\/uploads\/sites\/12\/2021\/07\/logo-white.png","contentUrl":"https:\/\/tytan-cdn.tytan.com\/uploads\/sites\/12\/2021\/07\/logo-white.png","width":474,"height":234,"caption":"Tytan Professional"},"image":{"@id":"https:\/\/tytan.com\/olden-pl\/#\/schema\/logo\/image\/"},"sameAs":["https:\/\/www.facebook.com\/TytanProfessionalPolska\/","https:\/\/www.instagram.com\/tytan_professional_poland\/","https:\/\/www.youtube.com\/user\/TYTANPROFESSIONAL"]}]}},"_links":{"self":[{"href":"https:\/\/tytan.com\/olden-pl\/wp-json\/wp\/v2\/pages\/161338","targetHints":{"allow":["GET"]}}],"collection":[{"href":"https:\/\/tytan.com\/olden-pl\/wp-json\/wp\/v2\/pages"}],"about":[{"href":"https:\/\/tytan.com\/olden-pl\/wp-json\/wp\/v2\/types\/page"}],"author":[{"embeddable":true,"href":"https:\/\/tytan.com\/olden-pl\/wp-json\/wp\/v2\/users\/11"}],"replies":[{"embeddable":true,"href":"https:\/\/tytan.com\/olden-pl\/wp-json\/wp\/v2\/comments?post=161338"}],"version-history":[{"count":4,"href":"https:\/\/tytan.com\/olden-pl\/wp-json\/wp\/v2\/pages\/161338\/revisions"}],"predecessor-version":[{"id":161368,"href":"https:\/\/tytan.com\/olden-pl\/wp-json\/wp\/v2\/pages\/161338\/revisions\/161368"}],"up":[{"embeddable":true,"href":"https:\/\/tytan.com\/olden-pl\/wp-json\/wp\/v2\/pages\/13722"}],"wp:featuredmedia":[{"embeddable":true,"href":"https:\/\/tytan.com\/olden-pl\/wp-json\/wp\/v2\/media\/9114"}],"wp:attachment":[{"href":"https:\/\/tytan.com\/olden-pl\/wp-json\/wp\/v2\/media?parent=161338"}],"curies":[{"name":"wp","href":"https:\/\/api.w.org\/{rel}","templated":true}]}}