{"id":156407,"date":"2022-10-31T10:18:55","date_gmt":"2022-10-31T09:18:55","guid":{"rendered":"http:\/\/localhost\/selena-tytan.com\/olden-pl\/?page_id=151424"},"modified":"2023-05-08T13:23:08","modified_gmt":"2023-05-08T11:23:08","slug":"zrownowazony-rozwoj","status":"publish","type":"page","link":"https:\/\/tytan.com\/olden-pl\/zrownowazony-rozwoj\/","title":{"rendered":"Zr\u00f3wnowa\u017cony rozw\u00f3j"},"content":{"rendered":"","protected":false},"excerpt":{"rendered":"","protected":false},"author":3,"featured_media":0,"parent":0,"menu_order":0,"comment_status":"closed","ping_status":"closed","template":"page-sustainability.php","meta":{"_acf_changed":false,"footnotes":""},"class_list":["post-156407","page","type-page","status-publish","hentry"],"acf":[],"yoast_head":"<!-- This site is optimized with the Yoast SEO Premium plugin v27.2 (Yoast SEO v27.2) - https:\/\/yoast.com\/product\/yoast-seo-premium-wordpress\/ -->\n<title>Zr\u00f3wnowa\u017cony rozw\u00f3j - Tytan Professional Polska - KOPIA BEZPIECZE\u0143STWA<\/title>\n<meta name=\"description\" content=\"Nieustannie pracujemy nad minimalizacj\u0105 naszego wp\u0142ywu na \u015brodowisko i racjonalnym zarz\u0105dzaniem zasobami, tworz\u0105c bezpieczne miejsca pracy dla naszych pracownik\u00f3w.\" \/>\n<meta name=\"robots\" content=\"noindex, follow, max-snippet:-1, max-image-preview:large, max-video-preview:-1\" \/>\n<meta property=\"og:locale\" content=\"pl_PL\" \/>\n<meta property=\"og:type\" content=\"article\" \/>\n<meta property=\"og:title\" content=\"Zr\u00f3wnowa\u017cony rozw\u00f3j\" \/>\n<meta property=\"og:description\" content=\"Nieustannie pracujemy nad minimalizacj\u0105 naszego wp\u0142ywu na \u015brodowisko i racjonalnym zarz\u0105dzaniem zasobami, tworz\u0105c bezpieczne miejsca pracy dla naszych pracownik\u00f3w.\" \/>\n<meta property=\"og:url\" content=\"https:\/\/tytan.com\/pl\/zrownowazony-rozwoj\/\" \/>\n<meta property=\"og:site_name\" content=\"Tytan Professional Polska - KOPIA BEZPIECZE\u0143STWA\" \/>\n<meta property=\"article:publisher\" content=\"https:\/\/www.facebook.com\/TytanProfessionalPolska\/\" \/>\n<meta property=\"article:modified_time\" content=\"2023-05-08T11:23:08+00:00\" \/>\n<meta property=\"og:image\" content=\"https:\/\/tytan-cdn.tytan.com\/uploads\/sites\/12\/2024\/06\/Tytan-Professional-Job-Well-Done-KV_Some_1200x675px.jpg\" \/>\n\t<meta property=\"og:image:width\" content=\"1200\" \/>\n\t<meta property=\"og:image:height\" content=\"675\" \/>\n\t<meta property=\"og:image:type\" content=\"image\/jpeg\" \/>\n<meta name=\"twitter:card\" content=\"summary_large_image\" \/>\n<script type=\"application\/ld+json\" class=\"yoast-schema-graph\">{\"@context\":\"https:\/\/schema.org\",\"@graph\":[{\"@type\":\"WebPage\",\"@id\":\"https:\/\/tytan.com\/pl\/zrownowazony-rozwoj\/\",\"url\":\"https:\/\/tytan.com\/pl\/zrownowazony-rozwoj\/\",\"name\":\"Zr\u00f3wnowa\u017cony rozw\u00f3j - Tytan Professional Polska - KOPIA BEZPIECZE\u0143STWA\",\"isPartOf\":{\"@id\":\"https:\/\/tytan.com\/olden-pl\/#website\"},\"datePublished\":\"2022-10-31T09:18:55+00:00\",\"dateModified\":\"2023-05-08T11:23:08+00:00\",\"description\":\"Nieustannie pracujemy nad minimalizacj\u0105 naszego wp\u0142ywu na \u015brodowisko i racjonalnym zarz\u0105dzaniem zasobami, tworz\u0105c bezpieczne miejsca pracy dla naszych pracownik\u00f3w.\",\"breadcrumb\":{\"@id\":\"https:\/\/tytan.com\/pl\/zrownowazony-rozwoj\/#breadcrumb\"},\"inLanguage\":\"pl-PL\",\"potentialAction\":[{\"@type\":\"ReadAction\",\"target\":[\"https:\/\/tytan.com\/pl\/zrownowazony-rozwoj\/\"]}]},{\"@type\":\"BreadcrumbList\",\"@id\":\"https:\/\/tytan.com\/pl\/zrownowazony-rozwoj\/#breadcrumb\",\"itemListElement\":[{\"@type\":\"ListItem\",\"position\":1,\"name\":\"Home\",\"item\":\"https:\/\/tytan.com\/pl\/\"},{\"@type\":\"ListItem\",\"position\":2,\"name\":\"Zr\u00f3wnowa\u017cony rozw\u00f3j\"}]},{\"@type\":\"WebSite\",\"@id\":\"https:\/\/tytan.com\/olden-pl\/#website\",\"url\":\"https:\/\/tytan.com\/olden-pl\/\",\"name\":\"Tytan Professional Polska - KOPIA BEZPIECZE\u0143STWA\",\"description\":\"Marka Tytan oferuje innowacyjne produkty budowlane. Wszystko od tynk\u00f3w, zapraw a\u017c po kompleksowe systemy ocieple\u0144.\",\"publisher\":{\"@id\":\"https:\/\/tytan.com\/olden-pl\/#organization\"},\"potentialAction\":[{\"@type\":\"SearchAction\",\"target\":{\"@type\":\"EntryPoint\",\"urlTemplate\":\"https:\/\/tytan.com\/olden-pl\/?s={search_term_string}\"},\"query-input\":{\"@type\":\"PropertyValueSpecification\",\"valueRequired\":true,\"valueName\":\"search_term_string\"}}],\"inLanguage\":\"pl-PL\"},{\"@type\":\"Organization\",\"@id\":\"https:\/\/tytan.com\/olden-pl\/#organization\",\"name\":\"Tytan Professional\",\"url\":\"https:\/\/tytan.com\/olden-pl\/\",\"logo\":{\"@type\":\"ImageObject\",\"inLanguage\":\"pl-PL\",\"@id\":\"https:\/\/tytan.com\/olden-pl\/#\/schema\/logo\/image\/\",\"url\":\"https:\/\/tytan-cdn.tytan.com\/uploads\/sites\/12\/2021\/07\/logo-white.png\",\"contentUrl\":\"https:\/\/tytan-cdn.tytan.com\/uploads\/sites\/12\/2021\/07\/logo-white.png\",\"width\":474,\"height\":234,\"caption\":\"Tytan Professional\"},\"image\":{\"@id\":\"https:\/\/tytan.com\/olden-pl\/#\/schema\/logo\/image\/\"},\"sameAs\":[\"https:\/\/www.facebook.com\/TytanProfessionalPolska\/\",\"https:\/\/www.instagram.com\/tytan_professional_poland\/\",\"https:\/\/www.youtube.com\/user\/TYTANPROFESSIONAL\"]}]}<\/script>\n<!-- \/ Yoast SEO Premium plugin. -->","yoast_head_json":{"title":"Zr\u00f3wnowa\u017cony rozw\u00f3j - Tytan Professional Polska - KOPIA BEZPIECZE\u0143STWA","description":"Nieustannie pracujemy nad minimalizacj\u0105 naszego wp\u0142ywu na \u015brodowisko i racjonalnym zarz\u0105dzaniem zasobami, tworz\u0105c bezpieczne miejsca pracy dla naszych pracownik\u00f3w.","robots":{"index":"noindex","follow":"follow","max-snippet":"max-snippet:-1","max-image-preview":"max-image-preview:large","max-video-preview":"max-video-preview:-1"},"og_locale":"pl_PL","og_type":"article","og_title":"Zr\u00f3wnowa\u017cony rozw\u00f3j","og_description":"Nieustannie pracujemy nad minimalizacj\u0105 naszego wp\u0142ywu na \u015brodowisko i racjonalnym zarz\u0105dzaniem zasobami, tworz\u0105c bezpieczne miejsca pracy dla naszych pracownik\u00f3w.","og_url":"https:\/\/tytan.com\/pl\/zrownowazony-rozwoj\/","og_site_name":"Tytan Professional Polska - KOPIA BEZPIECZE\u0143STWA","article_publisher":"https:\/\/www.facebook.com\/TytanProfessionalPolska\/","article_modified_time":"2023-05-08T11:23:08+00:00","og_image":[{"width":1200,"height":675,"url":"https:\/\/tytan-cdn.tytan.com\/uploads\/sites\/12\/2024\/06\/Tytan-Professional-Job-Well-Done-KV_Some_1200x675px.jpg","type":"image\/jpeg"}],"twitter_card":"summary_large_image","schema":{"@context":"https:\/\/schema.org","@graph":[{"@type":"WebPage","@id":"https:\/\/tytan.com\/pl\/zrownowazony-rozwoj\/","url":"https:\/\/tytan.com\/pl\/zrownowazony-rozwoj\/","name":"Zr\u00f3wnowa\u017cony rozw\u00f3j - Tytan Professional Polska - KOPIA BEZPIECZE\u0143STWA","isPartOf":{"@id":"https:\/\/tytan.com\/olden-pl\/#website"},"datePublished":"2022-10-31T09:18:55+00:00","dateModified":"2023-05-08T11:23:08+00:00","description":"Nieustannie pracujemy nad minimalizacj\u0105 naszego wp\u0142ywu na \u015brodowisko i racjonalnym zarz\u0105dzaniem zasobami, tworz\u0105c bezpieczne miejsca pracy dla naszych pracownik\u00f3w.","breadcrumb":{"@id":"https:\/\/tytan.com\/pl\/zrownowazony-rozwoj\/#breadcrumb"},"inLanguage":"pl-PL","potentialAction":[{"@type":"ReadAction","target":["https:\/\/tytan.com\/pl\/zrownowazony-rozwoj\/"]}]},{"@type":"BreadcrumbList","@id":"https:\/\/tytan.com\/pl\/zrownowazony-rozwoj\/#breadcrumb","itemListElement":[{"@type":"ListItem","position":1,"name":"Home","item":"https:\/\/tytan.com\/pl\/"},{"@type":"ListItem","position":2,"name":"Zr\u00f3wnowa\u017cony rozw\u00f3j"}]},{"@type":"WebSite","@id":"https:\/\/tytan.com\/olden-pl\/#website","url":"https:\/\/tytan.com\/olden-pl\/","name":"Tytan Professional Polska - KOPIA BEZPIECZE\u0143STWA","description":"Marka Tytan oferuje innowacyjne produkty budowlane. Wszystko od tynk\u00f3w, zapraw a\u017c po kompleksowe systemy ocieple\u0144.","publisher":{"@id":"https:\/\/tytan.com\/olden-pl\/#organization"},"potentialAction":[{"@type":"SearchAction","target":{"@type":"EntryPoint","urlTemplate":"https:\/\/tytan.com\/olden-pl\/?s={search_term_string}"},"query-input":{"@type":"PropertyValueSpecification","valueRequired":true,"valueName":"search_term_string"}}],"inLanguage":"pl-PL"},{"@type":"Organization","@id":"https:\/\/tytan.com\/olden-pl\/#organization","name":"Tytan Professional","url":"https:\/\/tytan.com\/olden-pl\/","logo":{"@type":"ImageObject","inLanguage":"pl-PL","@id":"https:\/\/tytan.com\/olden-pl\/#\/schema\/logo\/image\/","url":"https:\/\/tytan-cdn.tytan.com\/uploads\/sites\/12\/2021\/07\/logo-white.png","contentUrl":"https:\/\/tytan-cdn.tytan.com\/uploads\/sites\/12\/2021\/07\/logo-white.png","width":474,"height":234,"caption":"Tytan Professional"},"image":{"@id":"https:\/\/tytan.com\/olden-pl\/#\/schema\/logo\/image\/"},"sameAs":["https:\/\/www.facebook.com\/TytanProfessionalPolska\/","https:\/\/www.instagram.com\/tytan_professional_poland\/","https:\/\/www.youtube.com\/user\/TYTANPROFESSIONAL"]}]}},"_links":{"self":[{"href":"https:\/\/tytan.com\/olden-pl\/wp-json\/wp\/v2\/pages\/156407","targetHints":{"allow":["GET"]}}],"collection":[{"href":"https:\/\/tytan.com\/olden-pl\/wp-json\/wp\/v2\/pages"}],"about":[{"href":"https:\/\/tytan.com\/olden-pl\/wp-json\/wp\/v2\/types\/page"}],"author":[{"embeddable":true,"href":"https:\/\/tytan.com\/olden-pl\/wp-json\/wp\/v2\/users\/3"}],"replies":[{"embeddable":true,"href":"https:\/\/tytan.com\/olden-pl\/wp-json\/wp\/v2\/comments?post=156407"}],"version-history":[{"count":18,"href":"https:\/\/tytan.com\/olden-pl\/wp-json\/wp\/v2\/pages\/156407\/revisions"}],"predecessor-version":[{"id":157479,"href":"https:\/\/tytan.com\/olden-pl\/wp-json\/wp\/v2\/pages\/156407\/revisions\/157479"}],"wp:attachment":[{"href":"https:\/\/tytan.com\/olden-pl\/wp-json\/wp\/v2\/media?parent=156407"}],"curies":[{"name":"wp","href":"https:\/\/api.w.org\/{rel}","templated":true}]}}