{"id":13719,"date":"2021-02-03T09:49:03","date_gmt":"2021-02-03T08:49:03","guid":{"rendered":"https:\/\/www.tytan.pl\/?page_id=11504"},"modified":"2022-02-02T21:42:48","modified_gmt":"2022-02-02T20:42:48","slug":"paleta-barw","status":"publish","type":"page","link":"https:\/\/tytan.com\/olden-pl\/strefa-architekta\/paleta-barw\/","title":{"rendered":"Paleta barw"},"content":{"rendered":"","protected":false},"excerpt":{"rendered":"","protected":false},"author":11,"featured_media":9507,"parent":13722,"menu_order":4,"comment_status":"closed","ping_status":"closed","template":"page-architectzone.php","meta":{"_acf_changed":false,"footnotes":""},"class_list":["post-13719","page","type-page","status-publish","has-post-thumbnail","hentry"],"acf":[],"yoast_head":"<!-- This site is optimized with the Yoast SEO Premium plugin v27.2 (Yoast SEO v27.2) - https:\/\/yoast.com\/product\/yoast-seo-premium-wordpress\/ -->\n<title>Paleta barw - Tytan Professional Polska - KOPIA BEZPIECZE\u0143STWA<\/title>\n<meta name=\"description\" content=\"Poznaj wysokiej jako\u015bci produkty dla profesjonalist\u00f3w \u2013 Tytan Professional! Odkryj nowy standard pracy i wybierz najlepsze rozwi\u0105zania!\" \/>\n<meta name=\"robots\" content=\"noindex, follow, max-snippet:-1, max-image-preview:large, max-video-preview:-1\" \/>\n<meta property=\"og:locale\" content=\"pl_PL\" \/>\n<meta property=\"og:type\" content=\"article\" \/>\n<meta property=\"og:title\" content=\"Paleta barw\" \/>\n<meta property=\"og:description\" content=\"Poznaj wysokiej jako\u015bci produkty dla profesjonalist\u00f3w \u2013 Tytan Professional! Odkryj nowy standard pracy i wybierz najlepsze rozwi\u0105zania!\" \/>\n<meta property=\"og:url\" content=\"https:\/\/tytan.com\/pl\/strefa-architekta\/paleta-barw\/\" \/>\n<meta property=\"og:site_name\" content=\"Tytan Professional Polska - KOPIA BEZPIECZE\u0143STWA\" \/>\n<meta property=\"article:publisher\" content=\"https:\/\/www.facebook.com\/TytanProfessionalPolska\/\" \/>\n<meta property=\"article:modified_time\" content=\"2022-02-02T20:42:48+00:00\" \/>\n<meta property=\"og:image\" content=\"https:\/\/tytan-cdn.tytan.com\/uploads\/sites\/12\/2020\/12\/czyscik_utwardzonych-pian-poliuretanowych-1.jpg\" \/>\n\t<meta property=\"og:image:width\" content=\"317\" \/>\n\t<meta property=\"og:image:height\" content=\"800\" \/>\n\t<meta property=\"og:image:type\" content=\"image\/jpeg\" \/>\n<meta name=\"twitter:card\" content=\"summary_large_image\" \/>\n<script type=\"application\/ld+json\" class=\"yoast-schema-graph\">{\"@context\":\"https:\/\/schema.org\",\"@graph\":[{\"@type\":\"WebPage\",\"@id\":\"https:\/\/tytan.com\/pl\/strefa-architekta\/paleta-barw\/\",\"url\":\"https:\/\/tytan.com\/pl\/strefa-architekta\/paleta-barw\/\",\"name\":\"Paleta barw - Tytan Professional Polska - KOPIA BEZPIECZE\u0143STWA\",\"isPartOf\":{\"@id\":\"https:\/\/tytan.com\/olden-pl\/#website\"},\"primaryImageOfPage\":{\"@id\":\"https:\/\/tytan.com\/pl\/strefa-architekta\/paleta-barw\/#primaryimage\"},\"image\":{\"@id\":\"https:\/\/tytan.com\/pl\/strefa-architekta\/paleta-barw\/#primaryimage\"},\"thumbnailUrl\":\"https:\/\/tytan-cdn.tytan.com\/uploads\/sites\/12\/2020\/12\/czyscik_utwardzonych-pian-poliuretanowych-1.jpg\",\"datePublished\":\"2021-02-03T08:49:03+00:00\",\"dateModified\":\"2022-02-02T20:42:48+00:00\",\"description\":\"Poznaj wysokiej jako\u015bci produkty dla profesjonalist\u00f3w \u2013 Tytan Professional! Odkryj nowy standard pracy i wybierz najlepsze rozwi\u0105zania!\",\"breadcrumb\":{\"@id\":\"https:\/\/tytan.com\/pl\/strefa-architekta\/paleta-barw\/#breadcrumb\"},\"inLanguage\":\"pl-PL\",\"potentialAction\":[{\"@type\":\"ReadAction\",\"target\":[\"https:\/\/tytan.com\/pl\/strefa-architekta\/paleta-barw\/\"]}]},{\"@type\":\"ImageObject\",\"inLanguage\":\"pl-PL\",\"@id\":\"https:\/\/tytan.com\/pl\/strefa-architekta\/paleta-barw\/#primaryimage\",\"url\":\"https:\/\/tytan-cdn.tytan.com\/uploads\/sites\/12\/2020\/12\/czyscik_utwardzonych-pian-poliuretanowych-1.jpg\",\"contentUrl\":\"https:\/\/tytan-cdn.tytan.com\/uploads\/sites\/12\/2020\/12\/czyscik_utwardzonych-pian-poliuretanowych-1.jpg\",\"width\":317,\"height\":800},{\"@type\":\"BreadcrumbList\",\"@id\":\"https:\/\/tytan.com\/pl\/strefa-architekta\/paleta-barw\/#breadcrumb\",\"itemListElement\":[{\"@type\":\"ListItem\",\"position\":1,\"name\":\"Home\",\"item\":\"https:\/\/tytan.com\/pl\/\"},{\"@type\":\"ListItem\",\"position\":2,\"name\":\"Strefa Architekta\",\"item\":\"https:\/\/tytan.com\/pl\/strefa-architekta\/\"},{\"@type\":\"ListItem\",\"position\":3,\"name\":\"Paleta barw\"}]},{\"@type\":\"WebSite\",\"@id\":\"https:\/\/tytan.com\/olden-pl\/#website\",\"url\":\"https:\/\/tytan.com\/olden-pl\/\",\"name\":\"Tytan Professional Polska - KOPIA BEZPIECZE\u0143STWA\",\"description\":\"Marka Tytan oferuje innowacyjne produkty budowlane. Wszystko od tynk\u00f3w, zapraw a\u017c po kompleksowe systemy ocieple\u0144.\",\"publisher\":{\"@id\":\"https:\/\/tytan.com\/olden-pl\/#organization\"},\"potentialAction\":[{\"@type\":\"SearchAction\",\"target\":{\"@type\":\"EntryPoint\",\"urlTemplate\":\"https:\/\/tytan.com\/olden-pl\/?s={search_term_string}\"},\"query-input\":{\"@type\":\"PropertyValueSpecification\",\"valueRequired\":true,\"valueName\":\"search_term_string\"}}],\"inLanguage\":\"pl-PL\"},{\"@type\":\"Organization\",\"@id\":\"https:\/\/tytan.com\/olden-pl\/#organization\",\"name\":\"Tytan Professional\",\"url\":\"https:\/\/tytan.com\/olden-pl\/\",\"logo\":{\"@type\":\"ImageObject\",\"inLanguage\":\"pl-PL\",\"@id\":\"https:\/\/tytan.com\/olden-pl\/#\/schema\/logo\/image\/\",\"url\":\"https:\/\/tytan-cdn.tytan.com\/uploads\/sites\/12\/2021\/07\/logo-white.png\",\"contentUrl\":\"https:\/\/tytan-cdn.tytan.com\/uploads\/sites\/12\/2021\/07\/logo-white.png\",\"width\":474,\"height\":234,\"caption\":\"Tytan Professional\"},\"image\":{\"@id\":\"https:\/\/tytan.com\/olden-pl\/#\/schema\/logo\/image\/\"},\"sameAs\":[\"https:\/\/www.facebook.com\/TytanProfessionalPolska\/\",\"https:\/\/www.instagram.com\/tytan_professional_poland\/\",\"https:\/\/www.youtube.com\/user\/TYTANPROFESSIONAL\"]}]}<\/script>\n<!-- \/ Yoast SEO Premium plugin. -->","yoast_head_json":{"title":"Paleta barw - Tytan Professional Polska - KOPIA BEZPIECZE\u0143STWA","description":"Poznaj wysokiej jako\u015bci produkty dla profesjonalist\u00f3w \u2013 Tytan Professional! Odkryj nowy standard pracy i wybierz najlepsze rozwi\u0105zania!","robots":{"index":"noindex","follow":"follow","max-snippet":"max-snippet:-1","max-image-preview":"max-image-preview:large","max-video-preview":"max-video-preview:-1"},"og_locale":"pl_PL","og_type":"article","og_title":"Paleta barw","og_description":"Poznaj wysokiej jako\u015bci produkty dla profesjonalist\u00f3w \u2013 Tytan Professional! Odkryj nowy standard pracy i wybierz najlepsze rozwi\u0105zania!","og_url":"https:\/\/tytan.com\/pl\/strefa-architekta\/paleta-barw\/","og_site_name":"Tytan Professional Polska - KOPIA BEZPIECZE\u0143STWA","article_publisher":"https:\/\/www.facebook.com\/TytanProfessionalPolska\/","article_modified_time":"2022-02-02T20:42:48+00:00","og_image":[{"width":317,"height":800,"url":"https:\/\/tytan-cdn.tytan.com\/uploads\/sites\/12\/2020\/12\/czyscik_utwardzonych-pian-poliuretanowych-1.jpg","type":"image\/jpeg"}],"twitter_card":"summary_large_image","schema":{"@context":"https:\/\/schema.org","@graph":[{"@type":"WebPage","@id":"https:\/\/tytan.com\/pl\/strefa-architekta\/paleta-barw\/","url":"https:\/\/tytan.com\/pl\/strefa-architekta\/paleta-barw\/","name":"Paleta barw - Tytan Professional Polska - KOPIA BEZPIECZE\u0143STWA","isPartOf":{"@id":"https:\/\/tytan.com\/olden-pl\/#website"},"primaryImageOfPage":{"@id":"https:\/\/tytan.com\/pl\/strefa-architekta\/paleta-barw\/#primaryimage"},"image":{"@id":"https:\/\/tytan.com\/pl\/strefa-architekta\/paleta-barw\/#primaryimage"},"thumbnailUrl":"https:\/\/tytan-cdn.tytan.com\/uploads\/sites\/12\/2020\/12\/czyscik_utwardzonych-pian-poliuretanowych-1.jpg","datePublished":"2021-02-03T08:49:03+00:00","dateModified":"2022-02-02T20:42:48+00:00","description":"Poznaj wysokiej jako\u015bci produkty dla profesjonalist\u00f3w \u2013 Tytan Professional! Odkryj nowy standard pracy i wybierz najlepsze rozwi\u0105zania!","breadcrumb":{"@id":"https:\/\/tytan.com\/pl\/strefa-architekta\/paleta-barw\/#breadcrumb"},"inLanguage":"pl-PL","potentialAction":[{"@type":"ReadAction","target":["https:\/\/tytan.com\/pl\/strefa-architekta\/paleta-barw\/"]}]},{"@type":"ImageObject","inLanguage":"pl-PL","@id":"https:\/\/tytan.com\/pl\/strefa-architekta\/paleta-barw\/#primaryimage","url":"https:\/\/tytan-cdn.tytan.com\/uploads\/sites\/12\/2020\/12\/czyscik_utwardzonych-pian-poliuretanowych-1.jpg","contentUrl":"https:\/\/tytan-cdn.tytan.com\/uploads\/sites\/12\/2020\/12\/czyscik_utwardzonych-pian-poliuretanowych-1.jpg","width":317,"height":800},{"@type":"BreadcrumbList","@id":"https:\/\/tytan.com\/pl\/strefa-architekta\/paleta-barw\/#breadcrumb","itemListElement":[{"@type":"ListItem","position":1,"name":"Home","item":"https:\/\/tytan.com\/pl\/"},{"@type":"ListItem","position":2,"name":"Strefa Architekta","item":"https:\/\/tytan.com\/pl\/strefa-architekta\/"},{"@type":"ListItem","position":3,"name":"Paleta barw"}]},{"@type":"WebSite","@id":"https:\/\/tytan.com\/olden-pl\/#website","url":"https:\/\/tytan.com\/olden-pl\/","name":"Tytan Professional Polska - KOPIA BEZPIECZE\u0143STWA","description":"Marka Tytan oferuje innowacyjne produkty budowlane. Wszystko od tynk\u00f3w, zapraw a\u017c po kompleksowe systemy ocieple\u0144.","publisher":{"@id":"https:\/\/tytan.com\/olden-pl\/#organization"},"potentialAction":[{"@type":"SearchAction","target":{"@type":"EntryPoint","urlTemplate":"https:\/\/tytan.com\/olden-pl\/?s={search_term_string}"},"query-input":{"@type":"PropertyValueSpecification","valueRequired":true,"valueName":"search_term_string"}}],"inLanguage":"pl-PL"},{"@type":"Organization","@id":"https:\/\/tytan.com\/olden-pl\/#organization","name":"Tytan Professional","url":"https:\/\/tytan.com\/olden-pl\/","logo":{"@type":"ImageObject","inLanguage":"pl-PL","@id":"https:\/\/tytan.com\/olden-pl\/#\/schema\/logo\/image\/","url":"https:\/\/tytan-cdn.tytan.com\/uploads\/sites\/12\/2021\/07\/logo-white.png","contentUrl":"https:\/\/tytan-cdn.tytan.com\/uploads\/sites\/12\/2021\/07\/logo-white.png","width":474,"height":234,"caption":"Tytan Professional"},"image":{"@id":"https:\/\/tytan.com\/olden-pl\/#\/schema\/logo\/image\/"},"sameAs":["https:\/\/www.facebook.com\/TytanProfessionalPolska\/","https:\/\/www.instagram.com\/tytan_professional_poland\/","https:\/\/www.youtube.com\/user\/TYTANPROFESSIONAL"]}]}},"_links":{"self":[{"href":"https:\/\/tytan.com\/olden-pl\/wp-json\/wp\/v2\/pages\/13719","targetHints":{"allow":["GET"]}}],"collection":[{"href":"https:\/\/tytan.com\/olden-pl\/wp-json\/wp\/v2\/pages"}],"about":[{"href":"https:\/\/tytan.com\/olden-pl\/wp-json\/wp\/v2\/types\/page"}],"author":[{"embeddable":true,"href":"https:\/\/tytan.com\/olden-pl\/wp-json\/wp\/v2\/users\/11"}],"replies":[{"embeddable":true,"href":"https:\/\/tytan.com\/olden-pl\/wp-json\/wp\/v2\/comments?post=13719"}],"version-history":[{"count":1,"href":"https:\/\/tytan.com\/olden-pl\/wp-json\/wp\/v2\/pages\/13719\/revisions"}],"predecessor-version":[{"id":14307,"href":"https:\/\/tytan.com\/olden-pl\/wp-json\/wp\/v2\/pages\/13719\/revisions\/14307"}],"up":[{"embeddable":true,"href":"https:\/\/tytan.com\/olden-pl\/wp-json\/wp\/v2\/pages\/13722"}],"wp:featuredmedia":[{"embeddable":true,"href":"https:\/\/tytan.com\/olden-pl\/wp-json\/wp\/v2\/media\/9507"}],"wp:attachment":[{"href":"https:\/\/tytan.com\/olden-pl\/wp-json\/wp\/v2\/media?parent=13719"}],"curies":[{"name":"wp","href":"https:\/\/api.w.org\/{rel}","templated":true}]}}