{"id":6424,"date":"2019-12-14T19:06:20","date_gmt":"2019-12-14T19:06:20","guid":{"rendered":"http:\/\/wordpress-selena-lb.eu-central-1.elasticbeanstalk.com:80\/?page_id=2"},"modified":"2024-12-10T14:38:18","modified_gmt":"2024-12-10T14:38:18","slug":"tytan-professional-wysoka-jakosc-dla-profesjonalistow","status":"publish","type":"page","link":"https:\/\/tytan.com\/lv\/","title":{"rendered":"Augstas kvalit\u0101tes celtniec\u012bbas \u0137\u012bmija profesion\u0101\u013ciem"},"content":{"rendered":"\r\n<p>This is an example page. It&#8217;s different from a blog post because it will stay in one place and will show up in your site navigation (in most themes). Most people start with an About page that introduces them to potential site visitors. It might say something like this:<\/p>\r\n\r\n\r\n\r\n<blockquote class=\"wp-block-quote is-layout-flow wp-block-quote-is-layout-flow\">\r\n<p>Hi there! I&#8217;m a bike messenger by day, aspiring actor by night, and this is my website. I live in Los Angeles, have a great dog named Jack, and I like pi\u00f1a coladas. (And gettin&#8217; caught in the rain.)<\/p>\r\n<\/blockquote>\r\n\r\n\r\n\r\n<p>&#8230;or something like this:<\/p>\r\n\r\n\r\n\r\n<blockquote class=\"wp-block-quote is-layout-flow wp-block-quote-is-layout-flow\">\r\n<p>The XYZ Doohickey Company was founded in 1971, and has been providing quality doohickeys to the public ever since. Located in Gotham City, XYZ employs over 2,000 people and does all kinds of awesome things for the Gotham community.<\/p>\r\n<\/blockquote>\r\n\r\n\r\n\r\n<p>As a new WordPress user, you should go to <a href=\"http:\/\/wordpress-selena-lb.eu-central-1.elasticbeanstalk.com:80\/wp-admin\/\">your dashboard<\/a> to delete this page and create new pages for your content. Have fun!<\/p>\r\n","protected":false},"excerpt":{"rendered":"<p>This is an example page. It&#8217;s different from a blog post because it will stay in one place and will show up in your site navigation (in most themes). Most people start with an About page that introduces them to potential site visitors. It might say something like this: Hi there! I&#8217;m a bike messenger [&hellip;]<\/p>\n","protected":false},"author":15,"featured_media":0,"parent":0,"menu_order":0,"comment_status":"closed","ping_status":"closed","template":"page-home.php","meta":{"_acf_changed":false,"footnotes":""},"class_list":["post-6424","page","type-page","status-publish","hentry"],"acf":[],"yoast_head":"<!-- This site is optimized with the Yoast SEO Premium plugin v27.2 (Yoast SEO v27.2) - https:\/\/yoast.com\/product\/yoast-seo-premium-wordpress\/ -->\n<title>Augstas kvalit\u0101tes celtniec\u012bbas \u0137\u012bmija profesion\u0101\u013ciem - Tytan Professional Latvija<\/title>\n<meta name=\"description\" content=\"B\u016bv\u0113jiet ar p\u0101rliec\u012bbu ar Tytan Professional! Iepaz\u012bstieties ar pla\u0161u b\u016bvniec\u012bbas un apdarin\u0101\u0161anas darbu produktu kl\u0101stu: putu l\u012bmes, bl\u012bv\u0113jumi, mont\u0101\u017eas l\u012bmes, \u016bdensiztur\u012bgi savienojumi, ETICS sist\u0113mas un daudz kas cits!\" \/>\n<meta name=\"robots\" content=\"index, follow, max-snippet:-1, max-image-preview:large, max-video-preview:-1\" \/>\n<link rel=\"canonical\" href=\"https:\/\/tytan.com\/lv\/\" \/>\n<meta property=\"og:locale\" content=\"lv_LV\" \/>\n<meta property=\"og:type\" content=\"article\" \/>\n<meta property=\"og:title\" content=\"Augstas kvalit\u0101tes celtniec\u012bbas \u0137\u012bmija profesion\u0101\u013ciem\" \/>\n<meta property=\"og:description\" content=\"B\u016bv\u0113jiet ar p\u0101rliec\u012bbu ar Tytan Professional! Iepaz\u012bstieties ar pla\u0161u b\u016bvniec\u012bbas un apdarin\u0101\u0161anas darbu produktu kl\u0101stu: putu l\u012bmes, bl\u012bv\u0113jumi, mont\u0101\u017eas l\u012bmes, \u016bdensiztur\u012bgi savienojumi, ETICS sist\u0113mas un daudz kas cits!\" \/>\n<meta property=\"og:url\" content=\"https:\/\/tytan.com\/lv\/\" \/>\n<meta property=\"og:site_name\" content=\"Tytan Professional Latvija\" \/>\n<meta property=\"article:publisher\" content=\"https:\/\/www.facebook.com\/TytanProfessionalPolska\/\" \/>\n<meta property=\"article:modified_time\" content=\"2024-12-10T14:38:18+00:00\" \/>\n<meta property=\"og:image\" content=\"https:\/\/tytan-cdn.tytan.com\/uploads\/sites\/58\/2024\/06\/Tytan-Professional-Job-Well-Done-KV_Some_F_1200x675px.jpg\" \/>\n\t<meta property=\"og:image:width\" content=\"1200\" \/>\n\t<meta property=\"og:image:height\" content=\"675\" \/>\n\t<meta property=\"og:image:type\" content=\"image\/jpeg\" \/>\n<meta name=\"twitter:card\" content=\"summary_large_image\" \/>\n<meta name=\"twitter:label1\" content=\"Est. reading time\" \/>\n\t<meta name=\"twitter:data1\" content=\"3 minutes\" \/>\n<script type=\"application\/ld+json\" class=\"yoast-schema-graph\">{\"@context\":\"https:\/\/schema.org\",\"@graph\":[{\"@type\":\"WebPage\",\"@id\":\"https:\/\/tytan.com\/lv\/\",\"url\":\"https:\/\/tytan.com\/lv\/\",\"name\":\"Augstas kvalit\u0101tes celtniec\u012bbas \u0137\u012bmija profesion\u0101\u013ciem - Tytan Professional Latvija\",\"isPartOf\":{\"@id\":\"https:\/\/tytan.com\/lv\/#website\"},\"datePublished\":\"2019-12-14T19:06:20+00:00\",\"dateModified\":\"2024-12-10T14:38:18+00:00\",\"description\":\"B\u016bv\u0113jiet ar p\u0101rliec\u012bbu ar Tytan Professional! Iepaz\u012bstieties ar pla\u0161u b\u016bvniec\u012bbas un apdarin\u0101\u0161anas darbu produktu kl\u0101stu: putu l\u012bmes, bl\u012bv\u0113jumi, mont\u0101\u017eas l\u012bmes, \u016bdensiztur\u012bgi savienojumi, ETICS sist\u0113mas un daudz kas cits!\",\"breadcrumb\":{\"@id\":\"https:\/\/tytan.com\/lv\/#breadcrumb\"},\"inLanguage\":\"lv\",\"potentialAction\":[{\"@type\":\"ReadAction\",\"target\":[\"https:\/\/tytan.com\/lv\/\"]}]},{\"@type\":\"BreadcrumbList\",\"@id\":\"https:\/\/tytan.com\/lv\/#breadcrumb\",\"itemListElement\":[{\"@type\":\"ListItem\",\"position\":1,\"name\":\"Home\",\"item\":\"https:\/\/tytan.com\/lv\/\"},{\"@type\":\"ListItem\",\"position\":2,\"name\":\"Augstas kvalit\u0101tes celtniec\u012bbas \u0137\u012bmija profesion\u0101\u013ciem\"}]},{\"@type\":\"WebSite\",\"@id\":\"https:\/\/tytan.com\/lv\/#website\",\"url\":\"https:\/\/tytan.com\/lv\/\",\"name\":\"Tytan Professional Latvija\",\"description\":\"Build with confidence with Tytan Professional! See a wide range of products for construction and finishing works: foam adhesives, sealants, mounting adhesives, waterproofing compounds, ETICS systems and more!\u00a0\",\"publisher\":{\"@id\":\"https:\/\/tytan.com\/lv\/#organization\"},\"potentialAction\":[{\"@type\":\"SearchAction\",\"target\":{\"@type\":\"EntryPoint\",\"urlTemplate\":\"https:\/\/tytan.com\/lv\/?s={search_term_string}\"},\"query-input\":{\"@type\":\"PropertyValueSpecification\",\"valueRequired\":true,\"valueName\":\"search_term_string\"}}],\"inLanguage\":\"lv\"},{\"@type\":\"Organization\",\"@id\":\"https:\/\/tytan.com\/lv\/#organization\",\"name\":\"Tytan Professional\",\"url\":\"https:\/\/tytan.com\/lv\/\",\"logo\":{\"@type\":\"ImageObject\",\"inLanguage\":\"lv\",\"@id\":\"https:\/\/tytan.com\/lv\/#\/schema\/logo\/image\/\",\"url\":\"https:\/\/tytan-cdn.tytan.com\/uploads\/sites\/18\/2021\/07\/logo-white.png\",\"contentUrl\":\"https:\/\/tytan-cdn.tytan.com\/uploads\/sites\/18\/2021\/07\/logo-white.png\",\"width\":474,\"height\":234,\"caption\":\"Tytan Professional\"},\"image\":{\"@id\":\"https:\/\/tytan.com\/lv\/#\/schema\/logo\/image\/\"},\"sameAs\":[\"https:\/\/www.facebook.com\/TytanProfessionalPolska\/\",\"https:\/\/www.instagram.com\/tytan_professional_poland\/\",\"https:\/\/www.youtube.com\/user\/TYTANPROFESSIONAL\"]}]}<\/script>\n<!-- \/ Yoast SEO Premium plugin. -->","yoast_head_json":{"title":"Augstas kvalit\u0101tes celtniec\u012bbas \u0137\u012bmija profesion\u0101\u013ciem - Tytan Professional Latvija","description":"B\u016bv\u0113jiet ar p\u0101rliec\u012bbu ar Tytan Professional! Iepaz\u012bstieties ar pla\u0161u b\u016bvniec\u012bbas un apdarin\u0101\u0161anas darbu produktu kl\u0101stu: putu l\u012bmes, bl\u012bv\u0113jumi, mont\u0101\u017eas l\u012bmes, \u016bdensiztur\u012bgi savienojumi, ETICS sist\u0113mas un daudz kas cits!","robots":{"index":"index","follow":"follow","max-snippet":"max-snippet:-1","max-image-preview":"max-image-preview:large","max-video-preview":"max-video-preview:-1"},"canonical":"https:\/\/tytan.com\/lv\/","og_locale":"lv_LV","og_type":"article","og_title":"Augstas kvalit\u0101tes celtniec\u012bbas \u0137\u012bmija profesion\u0101\u013ciem","og_description":"B\u016bv\u0113jiet ar p\u0101rliec\u012bbu ar Tytan Professional! Iepaz\u012bstieties ar pla\u0161u b\u016bvniec\u012bbas un apdarin\u0101\u0161anas darbu produktu kl\u0101stu: putu l\u012bmes, bl\u012bv\u0113jumi, mont\u0101\u017eas l\u012bmes, \u016bdensiztur\u012bgi savienojumi, ETICS sist\u0113mas un daudz kas cits!","og_url":"https:\/\/tytan.com\/lv\/","og_site_name":"Tytan Professional Latvija","article_publisher":"https:\/\/www.facebook.com\/TytanProfessionalPolska\/","article_modified_time":"2024-12-10T14:38:18+00:00","og_image":[{"width":1200,"height":675,"url":"https:\/\/tytan-cdn.tytan.com\/uploads\/sites\/58\/2024\/06\/Tytan-Professional-Job-Well-Done-KV_Some_F_1200x675px.jpg","type":"image\/jpeg"}],"twitter_card":"summary_large_image","twitter_misc":{"Est. reading time":"3 minutes"},"schema":{"@context":"https:\/\/schema.org","@graph":[{"@type":"WebPage","@id":"https:\/\/tytan.com\/lv\/","url":"https:\/\/tytan.com\/lv\/","name":"Augstas kvalit\u0101tes celtniec\u012bbas \u0137\u012bmija profesion\u0101\u013ciem - Tytan Professional Latvija","isPartOf":{"@id":"https:\/\/tytan.com\/lv\/#website"},"datePublished":"2019-12-14T19:06:20+00:00","dateModified":"2024-12-10T14:38:18+00:00","description":"B\u016bv\u0113jiet ar p\u0101rliec\u012bbu ar Tytan Professional! Iepaz\u012bstieties ar pla\u0161u b\u016bvniec\u012bbas un apdarin\u0101\u0161anas darbu produktu kl\u0101stu: putu l\u012bmes, bl\u012bv\u0113jumi, mont\u0101\u017eas l\u012bmes, \u016bdensiztur\u012bgi savienojumi, ETICS sist\u0113mas un daudz kas cits!","breadcrumb":{"@id":"https:\/\/tytan.com\/lv\/#breadcrumb"},"inLanguage":"lv","potentialAction":[{"@type":"ReadAction","target":["https:\/\/tytan.com\/lv\/"]}]},{"@type":"BreadcrumbList","@id":"https:\/\/tytan.com\/lv\/#breadcrumb","itemListElement":[{"@type":"ListItem","position":1,"name":"Home","item":"https:\/\/tytan.com\/lv\/"},{"@type":"ListItem","position":2,"name":"Augstas kvalit\u0101tes celtniec\u012bbas \u0137\u012bmija profesion\u0101\u013ciem"}]},{"@type":"WebSite","@id":"https:\/\/tytan.com\/lv\/#website","url":"https:\/\/tytan.com\/lv\/","name":"Tytan Professional Latvija","description":"Build with confidence with Tytan Professional! See a wide range of products for construction and finishing works: foam adhesives, sealants, mounting adhesives, waterproofing compounds, ETICS systems and more!\u00a0","publisher":{"@id":"https:\/\/tytan.com\/lv\/#organization"},"potentialAction":[{"@type":"SearchAction","target":{"@type":"EntryPoint","urlTemplate":"https:\/\/tytan.com\/lv\/?s={search_term_string}"},"query-input":{"@type":"PropertyValueSpecification","valueRequired":true,"valueName":"search_term_string"}}],"inLanguage":"lv"},{"@type":"Organization","@id":"https:\/\/tytan.com\/lv\/#organization","name":"Tytan Professional","url":"https:\/\/tytan.com\/lv\/","logo":{"@type":"ImageObject","inLanguage":"lv","@id":"https:\/\/tytan.com\/lv\/#\/schema\/logo\/image\/","url":"https:\/\/tytan-cdn.tytan.com\/uploads\/sites\/18\/2021\/07\/logo-white.png","contentUrl":"https:\/\/tytan-cdn.tytan.com\/uploads\/sites\/18\/2021\/07\/logo-white.png","width":474,"height":234,"caption":"Tytan Professional"},"image":{"@id":"https:\/\/tytan.com\/lv\/#\/schema\/logo\/image\/"},"sameAs":["https:\/\/www.facebook.com\/TytanProfessionalPolska\/","https:\/\/www.instagram.com\/tytan_professional_poland\/","https:\/\/www.youtube.com\/user\/TYTANPROFESSIONAL"]}]}},"_links":{"self":[{"href":"https:\/\/tytan.com\/lv\/wp-json\/wp\/v2\/pages\/6424","targetHints":{"allow":["GET"]}}],"collection":[{"href":"https:\/\/tytan.com\/lv\/wp-json\/wp\/v2\/pages"}],"about":[{"href":"https:\/\/tytan.com\/lv\/wp-json\/wp\/v2\/types\/page"}],"author":[{"embeddable":true,"href":"https:\/\/tytan.com\/lv\/wp-json\/wp\/v2\/users\/15"}],"replies":[{"embeddable":true,"href":"https:\/\/tytan.com\/lv\/wp-json\/wp\/v2\/comments?post=6424"}],"version-history":[{"count":53,"href":"https:\/\/tytan.com\/lv\/wp-json\/wp\/v2\/pages\/6424\/revisions"}],"predecessor-version":[{"id":157273,"href":"https:\/\/tytan.com\/lv\/wp-json\/wp\/v2\/pages\/6424\/revisions\/157273"}],"wp:attachment":[{"href":"https:\/\/tytan.com\/lv\/wp-json\/wp\/v2\/media?parent=6424"}],"curies":[{"name":"wp","href":"https:\/\/api.w.org\/{rel}","templated":true}]}}