{"id":14987,"date":"2022-03-14T09:51:03","date_gmt":"2022-03-14T09:51:03","guid":{"rendered":"https:\/\/tytan.com\/lv\/?page_id=14987"},"modified":"2025-01-16T14:24:35","modified_gmt":"2025-01-16T14:24:35","slug":"feica","status":"publish","type":"page","link":"https:\/\/tytan.com\/lv\/feica\/","title":{"rendered":"Feica"},"content":{"rendered":"","protected":false},"excerpt":{"rendered":"","protected":false},"author":11,"featured_media":0,"parent":0,"menu_order":0,"comment_status":"closed","ping_status":"closed","template":"page-full.php","meta":{"_acf_changed":false,"footnotes":""},"class_list":["post-14987","page","type-page","status-publish","hentry"],"acf":[],"yoast_head":"<!-- This site is optimized with the Yoast SEO Premium plugin v27.2 (Yoast SEO v27.2) - https:\/\/yoast.com\/product\/yoast-seo-premium-wordpress\/ -->\n<title>Feica - Tytan Professional Latvija<\/title>\n<meta name=\"description\" content=\"Tytan Professional pied\u0101v\u0101 pla\u0161u produktu kl\u0101stu, kas paredz\u0113ti b\u016bvniec\u012bbas un apdariem: poliuret\u0101na putmas, se\u0101l\u0113jumi, l\u012bmes, koka aizsargmateri\u0101li, lentes, \u016bdensnecaurlaid\u012bgi mais\u012bjumi, izol\u0101cijas sist\u0113mas, m\u016brmales, putas, kr\u0101sas un daudz kas cits.\" \/>\n<meta name=\"robots\" content=\"index, follow, max-snippet:-1, max-image-preview:large, max-video-preview:-1\" \/>\n<link rel=\"canonical\" href=\"https:\/\/tytan.com\/lv\/feica\/\" \/>\n<meta property=\"og:locale\" content=\"lv_LV\" \/>\n<meta property=\"og:type\" content=\"article\" \/>\n<meta property=\"og:title\" content=\"Feica\" \/>\n<meta property=\"og:description\" content=\"Tytan Professional pied\u0101v\u0101 pla\u0161u produktu kl\u0101stu, kas paredz\u0113ti b\u016bvniec\u012bbas un apdariem: poliuret\u0101na putmas, se\u0101l\u0113jumi, l\u012bmes, koka aizsargmateri\u0101li, lentes, \u016bdensnecaurlaid\u012bgi mais\u012bjumi, izol\u0101cijas sist\u0113mas, m\u016brmales, putas, kr\u0101sas un daudz kas cits.\" \/>\n<meta property=\"og:url\" content=\"https:\/\/tytan.com\/lv\/feica\/\" \/>\n<meta property=\"og:site_name\" content=\"Tytan Professional Latvija\" \/>\n<meta property=\"article:publisher\" content=\"https:\/\/www.facebook.com\/TytanProfessionalPolska\/\" \/>\n<meta property=\"article:modified_time\" content=\"2025-01-16T14:24:35+00:00\" \/>\n<meta property=\"og:image\" content=\"https:\/\/tytan-cdn.tytan.com\/uploads\/sites\/58\/2024\/06\/Tytan-Professional-Job-Well-Done-KV_Some_F_1200x675px.jpg\" \/>\n\t<meta property=\"og:image:width\" content=\"1200\" \/>\n\t<meta property=\"og:image:height\" content=\"675\" \/>\n\t<meta property=\"og:image:type\" content=\"image\/jpeg\" \/>\n<meta name=\"twitter:card\" content=\"summary_large_image\" \/>\n<meta name=\"twitter:label1\" content=\"Est. reading time\" \/>\n\t<meta name=\"twitter:data1\" content=\"3 minutes\" \/>\n<script type=\"application\/ld+json\" class=\"yoast-schema-graph\">{\"@context\":\"https:\/\/schema.org\",\"@graph\":[{\"@type\":\"WebPage\",\"@id\":\"https:\/\/tytan.com\/lv\/feica\/\",\"url\":\"https:\/\/tytan.com\/lv\/feica\/\",\"name\":\"Feica - Tytan Professional Latvija\",\"isPartOf\":{\"@id\":\"https:\/\/tytan.com\/lv\/#website\"},\"datePublished\":\"2022-03-14T09:51:03+00:00\",\"dateModified\":\"2025-01-16T14:24:35+00:00\",\"description\":\"Tytan Professional pied\u0101v\u0101 pla\u0161u produktu kl\u0101stu, kas paredz\u0113ti b\u016bvniec\u012bbas un apdariem: poliuret\u0101na putmas, se\u0101l\u0113jumi, l\u012bmes, koka aizsargmateri\u0101li, lentes, \u016bdensnecaurlaid\u012bgi mais\u012bjumi, izol\u0101cijas sist\u0113mas, m\u016brmales, putas, kr\u0101sas un daudz kas cits.\",\"breadcrumb\":{\"@id\":\"https:\/\/tytan.com\/lv\/feica\/#breadcrumb\"},\"inLanguage\":\"lv\",\"potentialAction\":[{\"@type\":\"ReadAction\",\"target\":[\"https:\/\/tytan.com\/lv\/feica\/\"]}]},{\"@type\":\"BreadcrumbList\",\"@id\":\"https:\/\/tytan.com\/lv\/feica\/#breadcrumb\",\"itemListElement\":[{\"@type\":\"ListItem\",\"position\":1,\"name\":\"Home\",\"item\":\"https:\/\/tytan.com\/lv\/\"},{\"@type\":\"ListItem\",\"position\":2,\"name\":\"Feica\"}]},{\"@type\":\"WebSite\",\"@id\":\"https:\/\/tytan.com\/lv\/#website\",\"url\":\"https:\/\/tytan.com\/lv\/\",\"name\":\"Tytan Professional Latvija\",\"description\":\"Build with confidence with Tytan Professional! See a wide range of products for construction and finishing works: foam adhesives, sealants, mounting adhesives, waterproofing compounds, ETICS systems and more!\u00a0\",\"publisher\":{\"@id\":\"https:\/\/tytan.com\/lv\/#organization\"},\"potentialAction\":[{\"@type\":\"SearchAction\",\"target\":{\"@type\":\"EntryPoint\",\"urlTemplate\":\"https:\/\/tytan.com\/lv\/?s={search_term_string}\"},\"query-input\":{\"@type\":\"PropertyValueSpecification\",\"valueRequired\":true,\"valueName\":\"search_term_string\"}}],\"inLanguage\":\"lv\"},{\"@type\":\"Organization\",\"@id\":\"https:\/\/tytan.com\/lv\/#organization\",\"name\":\"Tytan Professional\",\"url\":\"https:\/\/tytan.com\/lv\/\",\"logo\":{\"@type\":\"ImageObject\",\"inLanguage\":\"lv\",\"@id\":\"https:\/\/tytan.com\/lv\/#\/schema\/logo\/image\/\",\"url\":\"https:\/\/tytan-cdn.tytan.com\/uploads\/sites\/18\/2021\/07\/logo-white.png\",\"contentUrl\":\"https:\/\/tytan-cdn.tytan.com\/uploads\/sites\/18\/2021\/07\/logo-white.png\",\"width\":474,\"height\":234,\"caption\":\"Tytan Professional\"},\"image\":{\"@id\":\"https:\/\/tytan.com\/lv\/#\/schema\/logo\/image\/\"},\"sameAs\":[\"https:\/\/www.facebook.com\/TytanProfessionalPolska\/\",\"https:\/\/www.instagram.com\/tytan_professional_poland\/\",\"https:\/\/www.youtube.com\/user\/TYTANPROFESSIONAL\"]}]}<\/script>\n<!-- \/ Yoast SEO Premium plugin. -->","yoast_head_json":{"title":"Feica - Tytan Professional Latvija","description":"Tytan Professional pied\u0101v\u0101 pla\u0161u produktu kl\u0101stu, kas paredz\u0113ti b\u016bvniec\u012bbas un apdariem: poliuret\u0101na putmas, se\u0101l\u0113jumi, l\u012bmes, koka aizsargmateri\u0101li, lentes, \u016bdensnecaurlaid\u012bgi mais\u012bjumi, izol\u0101cijas sist\u0113mas, m\u016brmales, putas, kr\u0101sas un daudz kas cits.","robots":{"index":"index","follow":"follow","max-snippet":"max-snippet:-1","max-image-preview":"max-image-preview:large","max-video-preview":"max-video-preview:-1"},"canonical":"https:\/\/tytan.com\/lv\/feica\/","og_locale":"lv_LV","og_type":"article","og_title":"Feica","og_description":"Tytan Professional pied\u0101v\u0101 pla\u0161u produktu kl\u0101stu, kas paredz\u0113ti b\u016bvniec\u012bbas un apdariem: poliuret\u0101na putmas, se\u0101l\u0113jumi, l\u012bmes, koka aizsargmateri\u0101li, lentes, \u016bdensnecaurlaid\u012bgi mais\u012bjumi, izol\u0101cijas sist\u0113mas, m\u016brmales, putas, kr\u0101sas un daudz kas cits.","og_url":"https:\/\/tytan.com\/lv\/feica\/","og_site_name":"Tytan Professional Latvija","article_publisher":"https:\/\/www.facebook.com\/TytanProfessionalPolska\/","article_modified_time":"2025-01-16T14:24:35+00:00","og_image":[{"width":1200,"height":675,"url":"https:\/\/tytan-cdn.tytan.com\/uploads\/sites\/58\/2024\/06\/Tytan-Professional-Job-Well-Done-KV_Some_F_1200x675px.jpg","type":"image\/jpeg"}],"twitter_card":"summary_large_image","twitter_misc":{"Est. reading time":"3 minutes"},"schema":{"@context":"https:\/\/schema.org","@graph":[{"@type":"WebPage","@id":"https:\/\/tytan.com\/lv\/feica\/","url":"https:\/\/tytan.com\/lv\/feica\/","name":"Feica - Tytan Professional Latvija","isPartOf":{"@id":"https:\/\/tytan.com\/lv\/#website"},"datePublished":"2022-03-14T09:51:03+00:00","dateModified":"2025-01-16T14:24:35+00:00","description":"Tytan Professional pied\u0101v\u0101 pla\u0161u produktu kl\u0101stu, kas paredz\u0113ti b\u016bvniec\u012bbas un apdariem: poliuret\u0101na putmas, se\u0101l\u0113jumi, l\u012bmes, koka aizsargmateri\u0101li, lentes, \u016bdensnecaurlaid\u012bgi mais\u012bjumi, izol\u0101cijas sist\u0113mas, m\u016brmales, putas, kr\u0101sas un daudz kas cits.","breadcrumb":{"@id":"https:\/\/tytan.com\/lv\/feica\/#breadcrumb"},"inLanguage":"lv","potentialAction":[{"@type":"ReadAction","target":["https:\/\/tytan.com\/lv\/feica\/"]}]},{"@type":"BreadcrumbList","@id":"https:\/\/tytan.com\/lv\/feica\/#breadcrumb","itemListElement":[{"@type":"ListItem","position":1,"name":"Home","item":"https:\/\/tytan.com\/lv\/"},{"@type":"ListItem","position":2,"name":"Feica"}]},{"@type":"WebSite","@id":"https:\/\/tytan.com\/lv\/#website","url":"https:\/\/tytan.com\/lv\/","name":"Tytan Professional Latvija","description":"Build with confidence with Tytan Professional! See a wide range of products for construction and finishing works: foam adhesives, sealants, mounting adhesives, waterproofing compounds, ETICS systems and more!\u00a0","publisher":{"@id":"https:\/\/tytan.com\/lv\/#organization"},"potentialAction":[{"@type":"SearchAction","target":{"@type":"EntryPoint","urlTemplate":"https:\/\/tytan.com\/lv\/?s={search_term_string}"},"query-input":{"@type":"PropertyValueSpecification","valueRequired":true,"valueName":"search_term_string"}}],"inLanguage":"lv"},{"@type":"Organization","@id":"https:\/\/tytan.com\/lv\/#organization","name":"Tytan Professional","url":"https:\/\/tytan.com\/lv\/","logo":{"@type":"ImageObject","inLanguage":"lv","@id":"https:\/\/tytan.com\/lv\/#\/schema\/logo\/image\/","url":"https:\/\/tytan-cdn.tytan.com\/uploads\/sites\/18\/2021\/07\/logo-white.png","contentUrl":"https:\/\/tytan-cdn.tytan.com\/uploads\/sites\/18\/2021\/07\/logo-white.png","width":474,"height":234,"caption":"Tytan Professional"},"image":{"@id":"https:\/\/tytan.com\/lv\/#\/schema\/logo\/image\/"},"sameAs":["https:\/\/www.facebook.com\/TytanProfessionalPolska\/","https:\/\/www.instagram.com\/tytan_professional_poland\/","https:\/\/www.youtube.com\/user\/TYTANPROFESSIONAL"]}]}},"_links":{"self":[{"href":"https:\/\/tytan.com\/lv\/wp-json\/wp\/v2\/pages\/14987","targetHints":{"allow":["GET"]}}],"collection":[{"href":"https:\/\/tytan.com\/lv\/wp-json\/wp\/v2\/pages"}],"about":[{"href":"https:\/\/tytan.com\/lv\/wp-json\/wp\/v2\/types\/page"}],"author":[{"embeddable":true,"href":"https:\/\/tytan.com\/lv\/wp-json\/wp\/v2\/users\/11"}],"replies":[{"embeddable":true,"href":"https:\/\/tytan.com\/lv\/wp-json\/wp\/v2\/comments?post=14987"}],"version-history":[{"count":8,"href":"https:\/\/tytan.com\/lv\/wp-json\/wp\/v2\/pages\/14987\/revisions"}],"predecessor-version":[{"id":157282,"href":"https:\/\/tytan.com\/lv\/wp-json\/wp\/v2\/pages\/14987\/revisions\/157282"}],"wp:attachment":[{"href":"https:\/\/tytan.com\/lv\/wp-json\/wp\/v2\/media?parent=14987"}],"curies":[{"name":"wp","href":"https:\/\/api.w.org\/{rel}","templated":true}]}}