{"id":9588,"date":"2021-01-12T09:38:16","date_gmt":"2021-01-12T06:38:16","guid":{"rendered":"https:\/\/tytan.com\/hu\/?page_id=9588"},"modified":"2025-03-10T14:49:39","modified_gmt":"2025-03-10T14:49:39","slug":"katalogus","status":"publish","type":"page","link":"https:\/\/tytan.com\/hu\/katalogus\/","title":{"rendered":"Katal\u00f3gus"},"content":{"rendered":"\t\t<section id=\"a95339143f62f2c13c640a7e0e5a1132\" class=\"catalogs block catalogs alignwide \">\n\t\t\t<div class=\"container\">\n\t\t\t\t<div class=\"row\">\n\t\t\t\t\t<div class=\"col-12\">\n\t\t\t\t\t\t<div class=\"catalogs-list\">\n\t\t\t\t\t\t\t<div class=\"catalogs-list__row\">\n\t\t\t\t\t\t\t\t\t\t\t\t\t\t\t\t\t\t<div class=\"catalogs-list__col \">\n\t\t\t\t\t\t\t\t\t\t\t<div class=\"catalogs-list__item\">\n\t\t\t\t\t\t\t\t\t\t\t\t<div class=\"catalogs-list__iframe\">\n\t\t\t\t\t\t\t\t\t\t\t\t\t<iframe loading=\"lazy\" src=\"https:\/\/cdn.flipsnack.com\/widget\/v2\/widget.html?hash=f715bjk7e\" width=\"100%\" height=\"600\" frameborder=\"0\" scrolling=\"no\" seamless=\"seamless\" allowfullscreen=\"allowfullscreen\"><\/iframe>\t\t\t\t\t\t\t\t\t\t\t\t<\/div>\n\t\t\t\t\t\t\t\t\t\t\t\t<div class=\"catalogs-list__btm\">\n\t\t\t\t\t\t\t\t\t\t\t\t\t<div class=\"catalogs-list__desc\">\n\t\t\t\t\t\t\t\t\t\t\t\t\t\t\t\t\t\t\t\t\t\t\t\t\t\t\t\t<p class=\"catalogs-list__mtitle\">TERM\u00c9KKATAL\u00d3GUS<\/p>\n\t\t\t\t\t\t\t\t\t\t\t\t\t\t\n\t\t\t\t\t\t\t\t\t\t\t\t\t\t\t\t\t\t\t\t\t\t\t\t\t\t\t\t<h2 class=\"catalogs-list__title\">TYTAN PROFESSIONAL<\/h2>\n\t\t\t\t\t\t\t\t\t\t\t\t\t\t\n\t\t\t\t\t\t\t\t\t\t\t\t\t\t\t\t\t\t\t\t\t\t\t\t\t\t\t\t<h3 class=\"catalogs-list__stitle\">\u00c9P\u00cdT\u0150IPARI TERM\u00c9KEK<\/h3>\n\t\t\t\t\t\t\t\t\t\t\t\t\t\t\t\t\t\t\t\t\t\t\t\t\t\t\t<\/div>\n\t\t\t\t\t\t\t\t\t\t\t\t\t<div class=\"catalogs-list__btns\">\n\t\t\t\t\t\t\t\t\t\t\t\t\t\t\t\t\t\t\t\t\t\t\t\t\t\t\t\t<a class=\"catalogs-list__btn catalogs-list__btn--download\" href=\"https:\/\/tytan-cdn.tytan.com\/uploads\/sites\/24\/2022\/07\/SELENA-HUNGARIA-TERMEKKATALOGUS-2022.pdf\">\n\t\t\t\t\t\t\t\t\t\t\t\t\t\t<svg width=\"24\" height=\"24\" viewBox=\"0 0 24 24\" fill=\"none\" xmlns=\"http:\/\/www.w3.org\/2000\/svg\">\n\t\t\t\t\t\t\t\t\t\t\t\t\t\t\t<path d=\"M21 15v4a2 2 0 01-2 2H5a2 2 0 01-2-2v-4m4-5l5 5 5-5m-5 5V3\" stroke=\"#D71920\" stroke-width=\"2\" stroke-linecap=\"round\" stroke-linejoin=\"round\"\/>\n\t\t\t\t\t\t\t\t\t\t\t\t\t\t<\/svg> Let\u00f6lt\u00e9s\t\t\t\t\t\t\t\t\t\t\t\t\t\t<\/a>\n\t\t\t\t\t\t\t\t\t\t\t\t\t\t\n\t\t\t\t\t\t\t\t\t\t\t\t\t\t<button type=\"button\" class=\"catalogs-list__btn catalogs-list__btn--modal\" data-toggle=\"modal\" data-target=\"#catalog-modal-0\">L\u00e1sd<\/button>\n\t\t\t\t\t\t\t\t\t\t\t\t\t<\/div>\n\t\t\t\t\t\t\t\t\t\t\t\t<\/div>\n\t\t\t\t\t\t\t\t\t\t\t<\/div>\n\t\t\t\t\t\t\t\t\t\t<\/div>\n\t\t\t\t\t\t\t\t\t\t\t\t\t\t\t\t\t<\/div>\n\t\t\t\t\t\t<\/div>\n\t\t\t\t\t<\/div>\n\t\t\t\t<\/div>\n\t\t\t<\/div>\n\t\t<\/section>\n\n\t\t\t\t\t\t<dialog class=\"catalog-modal\" id=\"catalog-modal-0\" tabindex=\"-1\" role=\"dialog\" aria-labelledby=\"exampleModalLabel\" aria-hidden=\"true\">\n\t\t\t\t\t<div class=\"catalog-modal__wrapper\" role=\"document\">\n\t\t\t\t\t\t<div class=\"catalog-modal__modal-body\">\n\n\t\t\t\t\t\t\t<div class=\"catalog-modal__header\">\n\t\t\t\t\t\t\t\t<div>\n\t\t\t\t\t\t\t\t\t\t\t\t\t\t\t\t\t\t<span>TERM\u00c9KKATAL\u00d3GUS<\/span>\n\t\t\t\t\t\t\t\t\t\t\t\t\t\t\t\t\t\t\n\t\t\t\t\t\t\t\t\t\t\t\t\t\t\t\t\t\t<span>TYTAN PROFESSIONAL<\/span>\n\t\t\t\t\t\t\t\t\t\t\t\t\t\t\t\t\t<\/div>\n\t\t\t\t\t\t\t\t\t\n\t\t\t\t\t\t\t\t<button type=\"button\" class=\"close catalog-modal__close-button\" data-dismiss=\"modal\" aria-label=\"Close\">\n\t\t\t\t\t\t\t\t\t<span>Kil\u00e9p\u00e9s<\/span>\n\t\t\t\t\t\t\t\t<\/button>\n\t\t\t\t\t\t\t<\/div>\n\t\t\t\t\t\t\t\t\t\n\t\t\t\t\t\t\t<div class=\"catalog-modal__iframe\">\n\t\t\t\t\t\t\t\t<iframe loading=\"lazy\" src=\"https:\/\/cdn.flipsnack.com\/widget\/v2\/widget.html?hash=f715bjk7e\" width=\"100%\" height=\"600\" frameborder=\"0\" scrolling=\"no\" seamless=\"seamless\" allowfullscreen=\"allowfullscreen\"><\/iframe>\t\t\t\t\t\t\t<\/div>\n\t\t\t\t\t\t<\/div>\n\t\t\t\t\t<\/div>\n\t\t\t\t<\/dialog>\n\t\t\t\t","protected":false},"excerpt":{"rendered":"","protected":false},"author":9,"featured_media":0,"parent":0,"menu_order":0,"comment_status":"closed","ping_status":"closed","template":"page-gutenberg-page.php","meta":{"_acf_changed":false,"footnotes":""},"class_list":["post-9588","page","type-page","status-publish","hentry"],"acf":[],"yoast_head":"<!-- This site is optimized with the Yoast SEO Premium plugin v27.2 (Yoast SEO v27.2) - https:\/\/yoast.com\/product\/yoast-seo-premium-wordpress\/ -->\n<title>Katal\u00f3gus - Tytan Professional Magyarorsz\u00e1g<\/title>\n<meta name=\"description\" content=\"T\u00f6ltse le a katal\u00f3gust, hogy t\u00f6bbet megtudjon a Tytan Professional t\u00f6bb sz\u00e1z \u00e9p\u00edt\u0151k\u00e9miai term\u00e9k\u00e9r\u0151l.\" \/>\n<meta name=\"robots\" content=\"index, follow, max-snippet:-1, max-image-preview:large, max-video-preview:-1\" \/>\n<link rel=\"canonical\" href=\"https:\/\/tytan.com\/hu\/katalogus\/\" \/>\n<meta property=\"og:locale\" content=\"hu_HU\" \/>\n<meta property=\"og:type\" content=\"article\" \/>\n<meta property=\"og:title\" content=\"Katal\u00f3gus\" \/>\n<meta property=\"og:description\" content=\"T\u00f6ltse le a katal\u00f3gust, hogy t\u00f6bbet megtudjon a Tytan Professional t\u00f6bb sz\u00e1z \u00e9p\u00edt\u0151k\u00e9miai term\u00e9k\u00e9r\u0151l.\" \/>\n<meta property=\"og:url\" content=\"https:\/\/tytan.com\/hu\/katalogus\/\" \/>\n<meta property=\"og:site_name\" content=\"Tytan Professional Magyarorsz\u00e1g\" \/>\n<meta property=\"article:publisher\" content=\"https:\/\/www.facebook.com\/tytanprofessionalHU\" \/>\n<meta property=\"article:modified_time\" content=\"2025-03-10T14:49:39+00:00\" \/>\n<meta property=\"og:image\" content=\"https:\/\/tytan-cdn.tytan.com\/uploads\/sites\/24\/2022\/03\/Tytan-Professional-building-chemistry.png\" \/>\n\t<meta property=\"og:image:width\" content=\"1200\" \/>\n\t<meta property=\"og:image:height\" content=\"600\" \/>\n\t<meta property=\"og:image:type\" content=\"image\/png\" \/>\n<meta name=\"twitter:card\" content=\"summary_large_image\" \/>\n<meta name=\"twitter:label1\" content=\"Est. reading time\" \/>\n\t<meta name=\"twitter:data1\" content=\"1 minute\" \/>\n<script type=\"application\/ld+json\" class=\"yoast-schema-graph\">{\"@context\":\"https:\/\/schema.org\",\"@graph\":[{\"@type\":\"WebPage\",\"@id\":\"https:\/\/tytan.com\/hu\/katalogus\/\",\"url\":\"https:\/\/tytan.com\/hu\/katalogus\/\",\"name\":\"Katal\u00f3gus - Tytan Professional Magyarorsz\u00e1g\",\"isPartOf\":{\"@id\":\"https:\/\/tytan.com\/hu\/#website\"},\"datePublished\":\"2021-01-12T06:38:16+00:00\",\"dateModified\":\"2025-03-10T14:49:39+00:00\",\"description\":\"T\u00f6ltse le a katal\u00f3gust, hogy t\u00f6bbet megtudjon a Tytan Professional t\u00f6bb sz\u00e1z \u00e9p\u00edt\u0151k\u00e9miai term\u00e9k\u00e9r\u0151l.\",\"breadcrumb\":{\"@id\":\"https:\/\/tytan.com\/hu\/katalogus\/#breadcrumb\"},\"inLanguage\":\"hu-HU\",\"potentialAction\":[{\"@type\":\"ReadAction\",\"target\":[\"https:\/\/tytan.com\/hu\/katalogus\/\"]}]},{\"@type\":\"BreadcrumbList\",\"@id\":\"https:\/\/tytan.com\/hu\/katalogus\/#breadcrumb\",\"itemListElement\":[{\"@type\":\"ListItem\",\"position\":1,\"name\":\"Home\",\"item\":\"https:\/\/tytan.com\/hu\/\"},{\"@type\":\"ListItem\",\"position\":2,\"name\":\"Katal\u00f3gus\"}]},{\"@type\":\"WebSite\",\"@id\":\"https:\/\/tytan.com\/hu\/#website\",\"url\":\"https:\/\/tytan.com\/hu\/\",\"name\":\"Tytan Professional Magyarorsz\u00e1g\",\"description\":\"Brand TYTAN k\u00edn\u00e1l, innovat\u00edv term\u00e9kek, mint a ragaszt\u00f3k, vakolat, habarcs, fest\u00e9k, tart\u00f3s\u00edt\u00f3szerek - minden, ami sz\u00fcks\u00e9ges az \u00e9p\u00edtkez\u00e9s sor\u00e1n.\",\"potentialAction\":[{\"@type\":\"SearchAction\",\"target\":{\"@type\":\"EntryPoint\",\"urlTemplate\":\"https:\/\/tytan.com\/hu\/?s={search_term_string}\"},\"query-input\":{\"@type\":\"PropertyValueSpecification\",\"valueRequired\":true,\"valueName\":\"search_term_string\"}}],\"inLanguage\":\"hu-HU\"}]}<\/script>\n<!-- \/ Yoast SEO Premium plugin. -->","yoast_head_json":{"title":"Katal\u00f3gus - Tytan Professional Magyarorsz\u00e1g","description":"T\u00f6ltse le a katal\u00f3gust, hogy t\u00f6bbet megtudjon a Tytan Professional t\u00f6bb sz\u00e1z \u00e9p\u00edt\u0151k\u00e9miai term\u00e9k\u00e9r\u0151l.","robots":{"index":"index","follow":"follow","max-snippet":"max-snippet:-1","max-image-preview":"max-image-preview:large","max-video-preview":"max-video-preview:-1"},"canonical":"https:\/\/tytan.com\/hu\/katalogus\/","og_locale":"hu_HU","og_type":"article","og_title":"Katal\u00f3gus","og_description":"T\u00f6ltse le a katal\u00f3gust, hogy t\u00f6bbet megtudjon a Tytan Professional t\u00f6bb sz\u00e1z \u00e9p\u00edt\u0151k\u00e9miai term\u00e9k\u00e9r\u0151l.","og_url":"https:\/\/tytan.com\/hu\/katalogus\/","og_site_name":"Tytan Professional Magyarorsz\u00e1g","article_publisher":"https:\/\/www.facebook.com\/tytanprofessionalHU","article_modified_time":"2025-03-10T14:49:39+00:00","og_image":[{"width":1200,"height":600,"url":"https:\/\/tytan-cdn.tytan.com\/uploads\/sites\/24\/2022\/03\/Tytan-Professional-building-chemistry.png","type":"image\/png"}],"twitter_card":"summary_large_image","twitter_misc":{"Est. reading time":"1 minute"},"schema":{"@context":"https:\/\/schema.org","@graph":[{"@type":"WebPage","@id":"https:\/\/tytan.com\/hu\/katalogus\/","url":"https:\/\/tytan.com\/hu\/katalogus\/","name":"Katal\u00f3gus - Tytan Professional Magyarorsz\u00e1g","isPartOf":{"@id":"https:\/\/tytan.com\/hu\/#website"},"datePublished":"2021-01-12T06:38:16+00:00","dateModified":"2025-03-10T14:49:39+00:00","description":"T\u00f6ltse le a katal\u00f3gust, hogy t\u00f6bbet megtudjon a Tytan Professional t\u00f6bb sz\u00e1z \u00e9p\u00edt\u0151k\u00e9miai term\u00e9k\u00e9r\u0151l.","breadcrumb":{"@id":"https:\/\/tytan.com\/hu\/katalogus\/#breadcrumb"},"inLanguage":"hu-HU","potentialAction":[{"@type":"ReadAction","target":["https:\/\/tytan.com\/hu\/katalogus\/"]}]},{"@type":"BreadcrumbList","@id":"https:\/\/tytan.com\/hu\/katalogus\/#breadcrumb","itemListElement":[{"@type":"ListItem","position":1,"name":"Home","item":"https:\/\/tytan.com\/hu\/"},{"@type":"ListItem","position":2,"name":"Katal\u00f3gus"}]},{"@type":"WebSite","@id":"https:\/\/tytan.com\/hu\/#website","url":"https:\/\/tytan.com\/hu\/","name":"Tytan Professional Magyarorsz\u00e1g","description":"Brand TYTAN k\u00edn\u00e1l, innovat\u00edv term\u00e9kek, mint a ragaszt\u00f3k, vakolat, habarcs, fest\u00e9k, tart\u00f3s\u00edt\u00f3szerek - minden, ami sz\u00fcks\u00e9ges az \u00e9p\u00edtkez\u00e9s sor\u00e1n.","potentialAction":[{"@type":"SearchAction","target":{"@type":"EntryPoint","urlTemplate":"https:\/\/tytan.com\/hu\/?s={search_term_string}"},"query-input":{"@type":"PropertyValueSpecification","valueRequired":true,"valueName":"search_term_string"}}],"inLanguage":"hu-HU"}]}},"_links":{"self":[{"href":"https:\/\/tytan.com\/hu\/wp-json\/wp\/v2\/pages\/9588","targetHints":{"allow":["GET"]}}],"collection":[{"href":"https:\/\/tytan.com\/hu\/wp-json\/wp\/v2\/pages"}],"about":[{"href":"https:\/\/tytan.com\/hu\/wp-json\/wp\/v2\/types\/page"}],"author":[{"embeddable":true,"href":"https:\/\/tytan.com\/hu\/wp-json\/wp\/v2\/users\/9"}],"replies":[{"embeddable":true,"href":"https:\/\/tytan.com\/hu\/wp-json\/wp\/v2\/comments?post=9588"}],"version-history":[{"count":41,"href":"https:\/\/tytan.com\/hu\/wp-json\/wp\/v2\/pages\/9588\/revisions"}],"predecessor-version":[{"id":157116,"href":"https:\/\/tytan.com\/hu\/wp-json\/wp\/v2\/pages\/9588\/revisions\/157116"}],"wp:attachment":[{"href":"https:\/\/tytan.com\/hu\/wp-json\/wp\/v2\/media?parent=9588"}],"curies":[{"name":"wp","href":"https:\/\/api.w.org\/{rel}","templated":true}]}}