{"id":6420,"date":"2020-01-04T12:08:22","date_gmt":"2020-01-04T12:08:22","guid":{"rendered":"http:\/\/wordpress-selena-lb.eu-central-1.elasticbeanstalk.com\/?page_id=32"},"modified":"2024-04-08T14:53:27","modified_gmt":"2024-04-08T13:53:27","slug":"rolunk","status":"publish","type":"page","link":"https:\/\/tytan.com\/hu\/rolunk\/","title":{"rendered":"R\u00f3lunk"},"content":{"rendered":"","protected":false},"excerpt":{"rendered":"","protected":false},"author":3,"featured_media":0,"parent":0,"menu_order":0,"comment_status":"closed","ping_status":"closed","template":"page-full-no-heading.php","meta":{"_acf_changed":false,"footnotes":""},"class_list":["post-6420","page","type-page","status-publish","hentry"],"acf":[],"yoast_head":"<!-- This site is optimized with the Yoast SEO Premium plugin v27.2 (Yoast SEO v27.2) - https:\/\/yoast.com\/product\/yoast-seo-premium-wordpress\/ -->\n<title>R\u00f3lunk - Tytan Professional Magyarorsz\u00e1g<\/title>\n<meta name=\"description\" content=\"A Tytan Professional \u00e9p\u00edt\u0151ipari \u00e9s befejez\u0151 munk\u00e1khoz k\u00e9sz\u00edt term\u00e9keket, amelyeket az \u00e9p\u00edt\u00e9s \u00e9s fel\u00faj\u00edt\u00e1s minden szakasz\u00e1hoz terveztek. A Selena Group r\u00e9szei vagyunk.\" \/>\n<meta name=\"robots\" content=\"index, follow, max-snippet:-1, max-image-preview:large, max-video-preview:-1\" \/>\n<link rel=\"canonical\" href=\"https:\/\/tytan.com\/hu\/rolunk\/\" \/>\n<meta property=\"og:locale\" content=\"hu_HU\" \/>\n<meta property=\"og:type\" content=\"article\" \/>\n<meta property=\"og:title\" content=\"R\u00f3lunk\" \/>\n<meta property=\"og:description\" content=\"A Tytan Professional \u00e9p\u00edt\u0151ipari \u00e9s befejez\u0151 munk\u00e1khoz k\u00e9sz\u00edt term\u00e9keket, amelyeket az \u00e9p\u00edt\u00e9s \u00e9s fel\u00faj\u00edt\u00e1s minden szakasz\u00e1hoz terveztek. A Selena Group r\u00e9szei vagyunk.\" \/>\n<meta property=\"og:url\" content=\"https:\/\/tytan.com\/hu\/rolunk\/\" \/>\n<meta property=\"og:site_name\" content=\"Tytan Professional Magyarorsz\u00e1g\" \/>\n<meta property=\"article:publisher\" content=\"https:\/\/www.facebook.com\/tytanprofessionalHU\" \/>\n<meta property=\"article:modified_time\" content=\"2024-04-08T13:53:27+00:00\" \/>\n<meta property=\"og:image\" content=\"https:\/\/tytan-cdn.tytan.com\/uploads\/sites\/24\/2022\/03\/Tytan-Professional-building-chemistry.png\" \/>\n\t<meta property=\"og:image:width\" content=\"1200\" \/>\n\t<meta property=\"og:image:height\" content=\"600\" \/>\n\t<meta property=\"og:image:type\" content=\"image\/png\" \/>\n<meta name=\"twitter:card\" content=\"summary_large_image\" \/>\n<script type=\"application\/ld+json\" class=\"yoast-schema-graph\">{\"@context\":\"https:\/\/schema.org\",\"@graph\":[{\"@type\":\"WebPage\",\"@id\":\"https:\/\/tytan.com\/hu\/rolunk\/\",\"url\":\"https:\/\/tytan.com\/hu\/rolunk\/\",\"name\":\"R\u00f3lunk - Tytan Professional Magyarorsz\u00e1g\",\"isPartOf\":{\"@id\":\"https:\/\/tytan.com\/hu\/#website\"},\"datePublished\":\"2020-01-04T12:08:22+00:00\",\"dateModified\":\"2024-04-08T13:53:27+00:00\",\"description\":\"A Tytan Professional \u00e9p\u00edt\u0151ipari \u00e9s befejez\u0151 munk\u00e1khoz k\u00e9sz\u00edt term\u00e9keket, amelyeket az \u00e9p\u00edt\u00e9s \u00e9s fel\u00faj\u00edt\u00e1s minden szakasz\u00e1hoz terveztek. A Selena Group r\u00e9szei vagyunk.\",\"breadcrumb\":{\"@id\":\"https:\/\/tytan.com\/hu\/rolunk\/#breadcrumb\"},\"inLanguage\":\"hu-HU\",\"potentialAction\":[{\"@type\":\"ReadAction\",\"target\":[\"https:\/\/tytan.com\/hu\/rolunk\/\"]}]},{\"@type\":\"BreadcrumbList\",\"@id\":\"https:\/\/tytan.com\/hu\/rolunk\/#breadcrumb\",\"itemListElement\":[{\"@type\":\"ListItem\",\"position\":1,\"name\":\"Home\",\"item\":\"https:\/\/tytan.com\/hu\/\"},{\"@type\":\"ListItem\",\"position\":2,\"name\":\"R\u00f3lunk\"}]},{\"@type\":\"WebSite\",\"@id\":\"https:\/\/tytan.com\/hu\/#website\",\"url\":\"https:\/\/tytan.com\/hu\/\",\"name\":\"Tytan Professional Magyarorsz\u00e1g\",\"description\":\"Brand TYTAN k\u00edn\u00e1l, innovat\u00edv term\u00e9kek, mint a ragaszt\u00f3k, vakolat, habarcs, fest\u00e9k, tart\u00f3s\u00edt\u00f3szerek - minden, ami sz\u00fcks\u00e9ges az \u00e9p\u00edtkez\u00e9s sor\u00e1n.\",\"potentialAction\":[{\"@type\":\"SearchAction\",\"target\":{\"@type\":\"EntryPoint\",\"urlTemplate\":\"https:\/\/tytan.com\/hu\/?s={search_term_string}\"},\"query-input\":{\"@type\":\"PropertyValueSpecification\",\"valueRequired\":true,\"valueName\":\"search_term_string\"}}],\"inLanguage\":\"hu-HU\"}]}<\/script>\n<!-- \/ Yoast SEO Premium plugin. -->","yoast_head_json":{"title":"R\u00f3lunk - Tytan Professional Magyarorsz\u00e1g","description":"A Tytan Professional \u00e9p\u00edt\u0151ipari \u00e9s befejez\u0151 munk\u00e1khoz k\u00e9sz\u00edt term\u00e9keket, amelyeket az \u00e9p\u00edt\u00e9s \u00e9s fel\u00faj\u00edt\u00e1s minden szakasz\u00e1hoz terveztek. A Selena Group r\u00e9szei vagyunk.","robots":{"index":"index","follow":"follow","max-snippet":"max-snippet:-1","max-image-preview":"max-image-preview:large","max-video-preview":"max-video-preview:-1"},"canonical":"https:\/\/tytan.com\/hu\/rolunk\/","og_locale":"hu_HU","og_type":"article","og_title":"R\u00f3lunk","og_description":"A Tytan Professional \u00e9p\u00edt\u0151ipari \u00e9s befejez\u0151 munk\u00e1khoz k\u00e9sz\u00edt term\u00e9keket, amelyeket az \u00e9p\u00edt\u00e9s \u00e9s fel\u00faj\u00edt\u00e1s minden szakasz\u00e1hoz terveztek. A Selena Group r\u00e9szei vagyunk.","og_url":"https:\/\/tytan.com\/hu\/rolunk\/","og_site_name":"Tytan Professional Magyarorsz\u00e1g","article_publisher":"https:\/\/www.facebook.com\/tytanprofessionalHU","article_modified_time":"2024-04-08T13:53:27+00:00","og_image":[{"width":1200,"height":600,"url":"https:\/\/tytan-cdn.tytan.com\/uploads\/sites\/24\/2022\/03\/Tytan-Professional-building-chemistry.png","type":"image\/png"}],"twitter_card":"summary_large_image","schema":{"@context":"https:\/\/schema.org","@graph":[{"@type":"WebPage","@id":"https:\/\/tytan.com\/hu\/rolunk\/","url":"https:\/\/tytan.com\/hu\/rolunk\/","name":"R\u00f3lunk - Tytan Professional Magyarorsz\u00e1g","isPartOf":{"@id":"https:\/\/tytan.com\/hu\/#website"},"datePublished":"2020-01-04T12:08:22+00:00","dateModified":"2024-04-08T13:53:27+00:00","description":"A Tytan Professional \u00e9p\u00edt\u0151ipari \u00e9s befejez\u0151 munk\u00e1khoz k\u00e9sz\u00edt term\u00e9keket, amelyeket az \u00e9p\u00edt\u00e9s \u00e9s fel\u00faj\u00edt\u00e1s minden szakasz\u00e1hoz terveztek. A Selena Group r\u00e9szei vagyunk.","breadcrumb":{"@id":"https:\/\/tytan.com\/hu\/rolunk\/#breadcrumb"},"inLanguage":"hu-HU","potentialAction":[{"@type":"ReadAction","target":["https:\/\/tytan.com\/hu\/rolunk\/"]}]},{"@type":"BreadcrumbList","@id":"https:\/\/tytan.com\/hu\/rolunk\/#breadcrumb","itemListElement":[{"@type":"ListItem","position":1,"name":"Home","item":"https:\/\/tytan.com\/hu\/"},{"@type":"ListItem","position":2,"name":"R\u00f3lunk"}]},{"@type":"WebSite","@id":"https:\/\/tytan.com\/hu\/#website","url":"https:\/\/tytan.com\/hu\/","name":"Tytan Professional Magyarorsz\u00e1g","description":"Brand TYTAN k\u00edn\u00e1l, innovat\u00edv term\u00e9kek, mint a ragaszt\u00f3k, vakolat, habarcs, fest\u00e9k, tart\u00f3s\u00edt\u00f3szerek - minden, ami sz\u00fcks\u00e9ges az \u00e9p\u00edtkez\u00e9s sor\u00e1n.","potentialAction":[{"@type":"SearchAction","target":{"@type":"EntryPoint","urlTemplate":"https:\/\/tytan.com\/hu\/?s={search_term_string}"},"query-input":{"@type":"PropertyValueSpecification","valueRequired":true,"valueName":"search_term_string"}}],"inLanguage":"hu-HU"}]}},"_links":{"self":[{"href":"https:\/\/tytan.com\/hu\/wp-json\/wp\/v2\/pages\/6420","targetHints":{"allow":["GET"]}}],"collection":[{"href":"https:\/\/tytan.com\/hu\/wp-json\/wp\/v2\/pages"}],"about":[{"href":"https:\/\/tytan.com\/hu\/wp-json\/wp\/v2\/types\/page"}],"author":[{"embeddable":true,"href":"https:\/\/tytan.com\/hu\/wp-json\/wp\/v2\/users\/3"}],"replies":[{"embeddable":true,"href":"https:\/\/tytan.com\/hu\/wp-json\/wp\/v2\/comments?post=6420"}],"version-history":[{"count":15,"href":"https:\/\/tytan.com\/hu\/wp-json\/wp\/v2\/pages\/6420\/revisions"}],"predecessor-version":[{"id":156517,"href":"https:\/\/tytan.com\/hu\/wp-json\/wp\/v2\/pages\/6420\/revisions\/156517"}],"wp:attachment":[{"href":"https:\/\/tytan.com\/hu\/wp-json\/wp\/v2\/media?parent=6420"}],"curies":[{"name":"wp","href":"https:\/\/api.w.org\/{rel}","templated":true}]}}