{"id":151349,"date":"2022-04-06T16:45:50","date_gmt":"2022-04-06T15:45:50","guid":{"rendered":"https:\/\/piana.likenesstest.pl\/?page_id=8"},"modified":"2023-03-10T14:09:41","modified_gmt":"2023-03-10T14:09:41","slug":"green","status":"publish","type":"page","link":"https:\/\/tytan.com\/hu\/green\/","title":{"rendered":"LOW-EX GREEN \u2013 A legmegb\u00edzhat\u00f3bb hab ajt\u00f3be\u00e9p\u00edt\u00e9shez"},"content":{"rendered":"","protected":false},"excerpt":{"rendered":"","protected":false},"author":15,"featured_media":0,"parent":0,"menu_order":0,"comment_status":"closed","ping_status":"closed","template":"templates\/page-lp-piana.php","meta":{"_acf_changed":false,"footnotes":""},"class_list":["post-151349","page","type-page","status-publish","hentry"],"acf":[],"yoast_head":"<!-- This site is optimized with the Yoast SEO Premium plugin v27.2 (Yoast SEO v27.2) - https:\/\/yoast.com\/product\/yoast-seo-premium-wordpress\/ -->\n<title>LOW-EX GREEN \u2013 A legmegb\u00edzhat\u00f3bb hab ajt\u00f3be\u00e9p\u00edt\u00e9shez - Tytan Professional Magyarorsz\u00e1g<\/title>\n<meta name=\"description\" content=\"Nem deform\u00e1l \u00e9s nem okoz probl\u00e9m\u00e1t! Biztons\u00e1gos ablakhoz \u00e9s ajt\u00f3hoz, professzion\u00e1lis hab, meg\u00fajul\u00f3 alapanyag tartalommal.\" \/>\n<meta name=\"robots\" content=\"index, follow, max-snippet:-1, max-image-preview:large, max-video-preview:-1\" \/>\n<link rel=\"canonical\" href=\"https:\/\/tytan.com\/hu\/green\/\" \/>\n<meta property=\"og:locale\" content=\"hu_HU\" \/>\n<meta property=\"og:type\" content=\"article\" \/>\n<meta property=\"og:title\" content=\"LOW-EX GREEN \u2013 A legmegb\u00edzhat\u00f3bb hab ajt\u00f3be\u00e9p\u00edt\u00e9shez\" \/>\n<meta property=\"og:description\" content=\"Nem deform\u00e1l \u00e9s nem okoz probl\u00e9m\u00e1t! Biztons\u00e1gos ablakhoz \u00e9s ajt\u00f3hoz, professzion\u00e1lis hab, meg\u00fajul\u00f3 alapanyag tartalommal.\" \/>\n<meta property=\"og:url\" content=\"https:\/\/tytan.com\/hu\/green\/\" \/>\n<meta property=\"og:site_name\" content=\"Tytan Professional Magyarorsz\u00e1g\" \/>\n<meta property=\"article:publisher\" content=\"https:\/\/www.facebook.com\/tytanprofessionalHU\" \/>\n<meta property=\"article:modified_time\" content=\"2023-03-10T14:09:41+00:00\" \/>\n<meta property=\"og:image\" content=\"https:\/\/tytan-cdn.tytan.com\/uploads\/sites\/24\/2022\/03\/Tytan-Professional-building-chemistry.png\" \/>\n\t<meta property=\"og:image:width\" content=\"1200\" \/>\n\t<meta property=\"og:image:height\" content=\"600\" \/>\n\t<meta property=\"og:image:type\" content=\"image\/png\" \/>\n<meta name=\"twitter:card\" content=\"summary_large_image\" \/>\n<script type=\"application\/ld+json\" class=\"yoast-schema-graph\">{\"@context\":\"https:\/\/schema.org\",\"@graph\":[{\"@type\":\"WebPage\",\"@id\":\"https:\/\/tytan.com\/hu\/green\/\",\"url\":\"https:\/\/tytan.com\/hu\/green\/\",\"name\":\"LOW-EX GREEN \u2013 A legmegb\u00edzhat\u00f3bb hab ajt\u00f3be\u00e9p\u00edt\u00e9shez - Tytan Professional Magyarorsz\u00e1g\",\"isPartOf\":{\"@id\":\"https:\/\/tytan.com\/hu\/#website\"},\"datePublished\":\"2022-04-06T15:45:50+00:00\",\"dateModified\":\"2023-03-10T14:09:41+00:00\",\"description\":\"Nem deform\u00e1l \u00e9s nem okoz probl\u00e9m\u00e1t! Biztons\u00e1gos ablakhoz \u00e9s ajt\u00f3hoz, professzion\u00e1lis hab, meg\u00fajul\u00f3 alapanyag tartalommal.\",\"breadcrumb\":{\"@id\":\"https:\/\/tytan.com\/hu\/green\/#breadcrumb\"},\"inLanguage\":\"hu-HU\",\"potentialAction\":[{\"@type\":\"ReadAction\",\"target\":[\"https:\/\/tytan.com\/hu\/green\/\"]}]},{\"@type\":\"BreadcrumbList\",\"@id\":\"https:\/\/tytan.com\/hu\/green\/#breadcrumb\",\"itemListElement\":[{\"@type\":\"ListItem\",\"position\":1,\"name\":\"Home\",\"item\":\"https:\/\/tytan.com\/hu\/\"},{\"@type\":\"ListItem\",\"position\":2,\"name\":\"LOW-EX GREEN \u2013 A legmegb\u00edzhat\u00f3bb hab ajt\u00f3be\u00e9p\u00edt\u00e9shez\"}]},{\"@type\":\"WebSite\",\"@id\":\"https:\/\/tytan.com\/hu\/#website\",\"url\":\"https:\/\/tytan.com\/hu\/\",\"name\":\"Tytan Professional Magyarorsz\u00e1g\",\"description\":\"Brand TYTAN k\u00edn\u00e1l, innovat\u00edv term\u00e9kek, mint a ragaszt\u00f3k, vakolat, habarcs, fest\u00e9k, tart\u00f3s\u00edt\u00f3szerek - minden, ami sz\u00fcks\u00e9ges az \u00e9p\u00edtkez\u00e9s sor\u00e1n.\",\"potentialAction\":[{\"@type\":\"SearchAction\",\"target\":{\"@type\":\"EntryPoint\",\"urlTemplate\":\"https:\/\/tytan.com\/hu\/?s={search_term_string}\"},\"query-input\":{\"@type\":\"PropertyValueSpecification\",\"valueRequired\":true,\"valueName\":\"search_term_string\"}}],\"inLanguage\":\"hu-HU\"}]}<\/script>\n<!-- \/ Yoast SEO Premium plugin. -->","yoast_head_json":{"title":"LOW-EX GREEN \u2013 A legmegb\u00edzhat\u00f3bb hab ajt\u00f3be\u00e9p\u00edt\u00e9shez - Tytan Professional Magyarorsz\u00e1g","description":"Nem deform\u00e1l \u00e9s nem okoz probl\u00e9m\u00e1t! Biztons\u00e1gos ablakhoz \u00e9s ajt\u00f3hoz, professzion\u00e1lis hab, meg\u00fajul\u00f3 alapanyag tartalommal.","robots":{"index":"index","follow":"follow","max-snippet":"max-snippet:-1","max-image-preview":"max-image-preview:large","max-video-preview":"max-video-preview:-1"},"canonical":"https:\/\/tytan.com\/hu\/green\/","og_locale":"hu_HU","og_type":"article","og_title":"LOW-EX GREEN \u2013 A legmegb\u00edzhat\u00f3bb hab ajt\u00f3be\u00e9p\u00edt\u00e9shez","og_description":"Nem deform\u00e1l \u00e9s nem okoz probl\u00e9m\u00e1t! Biztons\u00e1gos ablakhoz \u00e9s ajt\u00f3hoz, professzion\u00e1lis hab, meg\u00fajul\u00f3 alapanyag tartalommal.","og_url":"https:\/\/tytan.com\/hu\/green\/","og_site_name":"Tytan Professional Magyarorsz\u00e1g","article_publisher":"https:\/\/www.facebook.com\/tytanprofessionalHU","article_modified_time":"2023-03-10T14:09:41+00:00","og_image":[{"width":1200,"height":600,"url":"https:\/\/tytan-cdn.tytan.com\/uploads\/sites\/24\/2022\/03\/Tytan-Professional-building-chemistry.png","type":"image\/png"}],"twitter_card":"summary_large_image","schema":{"@context":"https:\/\/schema.org","@graph":[{"@type":"WebPage","@id":"https:\/\/tytan.com\/hu\/green\/","url":"https:\/\/tytan.com\/hu\/green\/","name":"LOW-EX GREEN \u2013 A legmegb\u00edzhat\u00f3bb hab ajt\u00f3be\u00e9p\u00edt\u00e9shez - Tytan Professional Magyarorsz\u00e1g","isPartOf":{"@id":"https:\/\/tytan.com\/hu\/#website"},"datePublished":"2022-04-06T15:45:50+00:00","dateModified":"2023-03-10T14:09:41+00:00","description":"Nem deform\u00e1l \u00e9s nem okoz probl\u00e9m\u00e1t! Biztons\u00e1gos ablakhoz \u00e9s ajt\u00f3hoz, professzion\u00e1lis hab, meg\u00fajul\u00f3 alapanyag tartalommal.","breadcrumb":{"@id":"https:\/\/tytan.com\/hu\/green\/#breadcrumb"},"inLanguage":"hu-HU","potentialAction":[{"@type":"ReadAction","target":["https:\/\/tytan.com\/hu\/green\/"]}]},{"@type":"BreadcrumbList","@id":"https:\/\/tytan.com\/hu\/green\/#breadcrumb","itemListElement":[{"@type":"ListItem","position":1,"name":"Home","item":"https:\/\/tytan.com\/hu\/"},{"@type":"ListItem","position":2,"name":"LOW-EX GREEN \u2013 A legmegb\u00edzhat\u00f3bb hab ajt\u00f3be\u00e9p\u00edt\u00e9shez"}]},{"@type":"WebSite","@id":"https:\/\/tytan.com\/hu\/#website","url":"https:\/\/tytan.com\/hu\/","name":"Tytan Professional Magyarorsz\u00e1g","description":"Brand TYTAN k\u00edn\u00e1l, innovat\u00edv term\u00e9kek, mint a ragaszt\u00f3k, vakolat, habarcs, fest\u00e9k, tart\u00f3s\u00edt\u00f3szerek - minden, ami sz\u00fcks\u00e9ges az \u00e9p\u00edtkez\u00e9s sor\u00e1n.","potentialAction":[{"@type":"SearchAction","target":{"@type":"EntryPoint","urlTemplate":"https:\/\/tytan.com\/hu\/?s={search_term_string}"},"query-input":{"@type":"PropertyValueSpecification","valueRequired":true,"valueName":"search_term_string"}}],"inLanguage":"hu-HU"}]}},"_links":{"self":[{"href":"https:\/\/tytan.com\/hu\/wp-json\/wp\/v2\/pages\/151349","targetHints":{"allow":["GET"]}}],"collection":[{"href":"https:\/\/tytan.com\/hu\/wp-json\/wp\/v2\/pages"}],"about":[{"href":"https:\/\/tytan.com\/hu\/wp-json\/wp\/v2\/types\/page"}],"author":[{"embeddable":true,"href":"https:\/\/tytan.com\/hu\/wp-json\/wp\/v2\/users\/15"}],"replies":[{"embeddable":true,"href":"https:\/\/tytan.com\/hu\/wp-json\/wp\/v2\/comments?post=151349"}],"version-history":[{"count":6,"href":"https:\/\/tytan.com\/hu\/wp-json\/wp\/v2\/pages\/151349\/revisions"}],"predecessor-version":[{"id":151405,"href":"https:\/\/tytan.com\/hu\/wp-json\/wp\/v2\/pages\/151349\/revisions\/151405"}],"wp:attachment":[{"href":"https:\/\/tytan.com\/hu\/wp-json\/wp\/v2\/media?parent=151349"}],"curies":[{"name":"wp","href":"https:\/\/api.w.org\/{rel}","templated":true}]}}