{"id":150354,"date":"2022-04-22T08:55:37","date_gmt":"2022-04-22T06:55:37","guid":{"rendered":"http:\/\/localhost\/selena-tytan.com\/pl\/?page_id=150354"},"modified":"2022-10-19T07:52:27","modified_gmt":"2022-10-19T06:52:27","slug":"prohero","status":"publish","type":"page","link":"https:\/\/tytan.com\/hu\/prohero\/","title":{"rendered":"PROHERO SZETT &#8211; RAGASZT-JAV\u00cdT-KIT\u00d6LT"},"content":{"rendered":"","protected":false},"excerpt":{"rendered":"","protected":false},"author":15,"featured_media":0,"parent":0,"menu_order":0,"comment_status":"closed","ping_status":"closed","template":"page-mocarny.php","meta":{"_acf_changed":false,"footnotes":""},"class_list":["post-150354","page","type-page","status-publish","hentry"],"acf":[],"yoast_head":"<!-- This site is optimized with the Yoast SEO Premium plugin v27.2 (Yoast SEO v27.2) - https:\/\/yoast.com\/product\/yoast-seo-premium-wordpress\/ -->\n<title>PROHERO SZETT - RAGASZT-JAV\u00cdT-KIT\u00d6LT - Tytan Professional Magyarorsz\u00e1g<\/title>\n<meta name=\"description\" content=\"Ismerje meg a ProHero k\u00e9szletet: rendk\u00edv\u00fcl er\u0151s r\u00f6gz\u00edt\u00e9si ragaszt\u00f3 \u00e9s univerz\u00e1lis t\u00f6m\u00edt\u0151anyag. Megb\u00edzhat\u00f3 du\u00f3 a legt\u00f6bb szerel\u00e9si, befejez\u0151 \u00e9s jav\u00edt\u00e1si munk\u00e1hoz.\" \/>\n<meta name=\"robots\" content=\"index, follow, max-snippet:-1, max-image-preview:large, max-video-preview:-1\" \/>\n<link rel=\"canonical\" href=\"https:\/\/tytan.com\/hu\/prohero\/\" \/>\n<meta property=\"og:locale\" content=\"hu_HU\" \/>\n<meta property=\"og:type\" content=\"article\" \/>\n<meta property=\"og:title\" content=\"PROHERO SZETT - RAGASZT-JAV\u00cdT-KIT\u00d6LT\" \/>\n<meta property=\"og:description\" content=\"Ismerje meg a ProHero k\u00e9szletet: rendk\u00edv\u00fcl er\u0151s r\u00f6gz\u00edt\u00e9si ragaszt\u00f3 \u00e9s univerz\u00e1lis t\u00f6m\u00edt\u0151anyag. Megb\u00edzhat\u00f3 du\u00f3 a legt\u00f6bb szerel\u00e9si, befejez\u0151 \u00e9s jav\u00edt\u00e1si munk\u00e1hoz.\" \/>\n<meta property=\"og:url\" content=\"https:\/\/tytan.com\/hu\/prohero\/\" \/>\n<meta property=\"og:site_name\" content=\"Tytan Professional Magyarorsz\u00e1g\" \/>\n<meta property=\"article:publisher\" content=\"https:\/\/www.facebook.com\/tytanprofessionalHU\" \/>\n<meta property=\"article:modified_time\" content=\"2022-10-19T06:52:27+00:00\" \/>\n<meta property=\"og:image\" content=\"https:\/\/tytan-cdn.tytan.com\/uploads\/sites\/24\/2022\/03\/Tytan-Professional-building-chemistry.png\" \/>\n\t<meta property=\"og:image:width\" content=\"1200\" \/>\n\t<meta property=\"og:image:height\" content=\"600\" \/>\n\t<meta property=\"og:image:type\" content=\"image\/png\" \/>\n<meta name=\"twitter:card\" content=\"summary_large_image\" \/>\n<script type=\"application\/ld+json\" class=\"yoast-schema-graph\">{\"@context\":\"https:\/\/schema.org\",\"@graph\":[{\"@type\":\"WebPage\",\"@id\":\"https:\/\/tytan.com\/hu\/prohero\/\",\"url\":\"https:\/\/tytan.com\/hu\/prohero\/\",\"name\":\"PROHERO SZETT - RAGASZT-JAV\u00cdT-KIT\u00d6LT - Tytan Professional Magyarorsz\u00e1g\",\"isPartOf\":{\"@id\":\"https:\/\/tytan.com\/hu\/#website\"},\"datePublished\":\"2022-04-22T06:55:37+00:00\",\"dateModified\":\"2022-10-19T06:52:27+00:00\",\"description\":\"Ismerje meg a ProHero k\u00e9szletet: rendk\u00edv\u00fcl er\u0151s r\u00f6gz\u00edt\u00e9si ragaszt\u00f3 \u00e9s univerz\u00e1lis t\u00f6m\u00edt\u0151anyag. Megb\u00edzhat\u00f3 du\u00f3 a legt\u00f6bb szerel\u00e9si, befejez\u0151 \u00e9s jav\u00edt\u00e1si munk\u00e1hoz.\",\"breadcrumb\":{\"@id\":\"https:\/\/tytan.com\/hu\/prohero\/#breadcrumb\"},\"inLanguage\":\"hu-HU\",\"potentialAction\":[{\"@type\":\"ReadAction\",\"target\":[\"https:\/\/tytan.com\/hu\/prohero\/\"]}]},{\"@type\":\"BreadcrumbList\",\"@id\":\"https:\/\/tytan.com\/hu\/prohero\/#breadcrumb\",\"itemListElement\":[{\"@type\":\"ListItem\",\"position\":1,\"name\":\"Home\",\"item\":\"https:\/\/tytan.com\/hu\/\"},{\"@type\":\"ListItem\",\"position\":2,\"name\":\"PROHERO SZETT - RAGASZT-JAV\u00cdT-KIT\u00d6LT\"}]},{\"@type\":\"WebSite\",\"@id\":\"https:\/\/tytan.com\/hu\/#website\",\"url\":\"https:\/\/tytan.com\/hu\/\",\"name\":\"Tytan Professional Magyarorsz\u00e1g\",\"description\":\"Brand TYTAN k\u00edn\u00e1l, innovat\u00edv term\u00e9kek, mint a ragaszt\u00f3k, vakolat, habarcs, fest\u00e9k, tart\u00f3s\u00edt\u00f3szerek - minden, ami sz\u00fcks\u00e9ges az \u00e9p\u00edtkez\u00e9s sor\u00e1n.\",\"potentialAction\":[{\"@type\":\"SearchAction\",\"target\":{\"@type\":\"EntryPoint\",\"urlTemplate\":\"https:\/\/tytan.com\/hu\/?s={search_term_string}\"},\"query-input\":{\"@type\":\"PropertyValueSpecification\",\"valueRequired\":true,\"valueName\":\"search_term_string\"}}],\"inLanguage\":\"hu-HU\"}]}<\/script>\n<!-- \/ Yoast SEO Premium plugin. -->","yoast_head_json":{"title":"PROHERO SZETT - RAGASZT-JAV\u00cdT-KIT\u00d6LT - Tytan Professional Magyarorsz\u00e1g","description":"Ismerje meg a ProHero k\u00e9szletet: rendk\u00edv\u00fcl er\u0151s r\u00f6gz\u00edt\u00e9si ragaszt\u00f3 \u00e9s univerz\u00e1lis t\u00f6m\u00edt\u0151anyag. Megb\u00edzhat\u00f3 du\u00f3 a legt\u00f6bb szerel\u00e9si, befejez\u0151 \u00e9s jav\u00edt\u00e1si munk\u00e1hoz.","robots":{"index":"index","follow":"follow","max-snippet":"max-snippet:-1","max-image-preview":"max-image-preview:large","max-video-preview":"max-video-preview:-1"},"canonical":"https:\/\/tytan.com\/hu\/prohero\/","og_locale":"hu_HU","og_type":"article","og_title":"PROHERO SZETT - RAGASZT-JAV\u00cdT-KIT\u00d6LT","og_description":"Ismerje meg a ProHero k\u00e9szletet: rendk\u00edv\u00fcl er\u0151s r\u00f6gz\u00edt\u00e9si ragaszt\u00f3 \u00e9s univerz\u00e1lis t\u00f6m\u00edt\u0151anyag. Megb\u00edzhat\u00f3 du\u00f3 a legt\u00f6bb szerel\u00e9si, befejez\u0151 \u00e9s jav\u00edt\u00e1si munk\u00e1hoz.","og_url":"https:\/\/tytan.com\/hu\/prohero\/","og_site_name":"Tytan Professional Magyarorsz\u00e1g","article_publisher":"https:\/\/www.facebook.com\/tytanprofessionalHU","article_modified_time":"2022-10-19T06:52:27+00:00","og_image":[{"width":1200,"height":600,"url":"https:\/\/tytan-cdn.tytan.com\/uploads\/sites\/24\/2022\/03\/Tytan-Professional-building-chemistry.png","type":"image\/png"}],"twitter_card":"summary_large_image","schema":{"@context":"https:\/\/schema.org","@graph":[{"@type":"WebPage","@id":"https:\/\/tytan.com\/hu\/prohero\/","url":"https:\/\/tytan.com\/hu\/prohero\/","name":"PROHERO SZETT - RAGASZT-JAV\u00cdT-KIT\u00d6LT - Tytan Professional Magyarorsz\u00e1g","isPartOf":{"@id":"https:\/\/tytan.com\/hu\/#website"},"datePublished":"2022-04-22T06:55:37+00:00","dateModified":"2022-10-19T06:52:27+00:00","description":"Ismerje meg a ProHero k\u00e9szletet: rendk\u00edv\u00fcl er\u0151s r\u00f6gz\u00edt\u00e9si ragaszt\u00f3 \u00e9s univerz\u00e1lis t\u00f6m\u00edt\u0151anyag. Megb\u00edzhat\u00f3 du\u00f3 a legt\u00f6bb szerel\u00e9si, befejez\u0151 \u00e9s jav\u00edt\u00e1si munk\u00e1hoz.","breadcrumb":{"@id":"https:\/\/tytan.com\/hu\/prohero\/#breadcrumb"},"inLanguage":"hu-HU","potentialAction":[{"@type":"ReadAction","target":["https:\/\/tytan.com\/hu\/prohero\/"]}]},{"@type":"BreadcrumbList","@id":"https:\/\/tytan.com\/hu\/prohero\/#breadcrumb","itemListElement":[{"@type":"ListItem","position":1,"name":"Home","item":"https:\/\/tytan.com\/hu\/"},{"@type":"ListItem","position":2,"name":"PROHERO SZETT - RAGASZT-JAV\u00cdT-KIT\u00d6LT"}]},{"@type":"WebSite","@id":"https:\/\/tytan.com\/hu\/#website","url":"https:\/\/tytan.com\/hu\/","name":"Tytan Professional Magyarorsz\u00e1g","description":"Brand TYTAN k\u00edn\u00e1l, innovat\u00edv term\u00e9kek, mint a ragaszt\u00f3k, vakolat, habarcs, fest\u00e9k, tart\u00f3s\u00edt\u00f3szerek - minden, ami sz\u00fcks\u00e9ges az \u00e9p\u00edtkez\u00e9s sor\u00e1n.","potentialAction":[{"@type":"SearchAction","target":{"@type":"EntryPoint","urlTemplate":"https:\/\/tytan.com\/hu\/?s={search_term_string}"},"query-input":{"@type":"PropertyValueSpecification","valueRequired":true,"valueName":"search_term_string"}}],"inLanguage":"hu-HU"}]}},"_links":{"self":[{"href":"https:\/\/tytan.com\/hu\/wp-json\/wp\/v2\/pages\/150354","targetHints":{"allow":["GET"]}}],"collection":[{"href":"https:\/\/tytan.com\/hu\/wp-json\/wp\/v2\/pages"}],"about":[{"href":"https:\/\/tytan.com\/hu\/wp-json\/wp\/v2\/types\/page"}],"author":[{"embeddable":true,"href":"https:\/\/tytan.com\/hu\/wp-json\/wp\/v2\/users\/15"}],"replies":[{"embeddable":true,"href":"https:\/\/tytan.com\/hu\/wp-json\/wp\/v2\/comments?post=150354"}],"version-history":[{"count":13,"href":"https:\/\/tytan.com\/hu\/wp-json\/wp\/v2\/pages\/150354\/revisions"}],"predecessor-version":[{"id":151027,"href":"https:\/\/tytan.com\/hu\/wp-json\/wp\/v2\/pages\/150354\/revisions\/151027"}],"wp:attachment":[{"href":"https:\/\/tytan.com\/hu\/wp-json\/wp\/v2\/media?parent=150354"}],"curies":[{"name":"wp","href":"https:\/\/api.w.org\/{rel}","templated":true}]}}