{"id":6420,"date":"2020-01-04T12:08:22","date_gmt":"2020-01-04T11:08:22","guid":{"rendered":"http:\/\/wordpress-selena-lb.eu-central-1.elasticbeanstalk.com\/?page_id=32"},"modified":"2023-09-26T12:16:01","modified_gmt":"2023-09-26T10:16:01","slug":"o-nama","status":"publish","type":"page","link":"https:\/\/tytan.com\/hr\/o-nama\/","title":{"rendered":"O nama"},"content":{"rendered":"","protected":false},"excerpt":{"rendered":"","protected":false},"author":3,"featured_media":0,"parent":0,"menu_order":0,"comment_status":"closed","ping_status":"closed","template":"page-full.php","meta":{"_acf_changed":false,"footnotes":""},"class_list":["post-6420","page","type-page","status-publish","hentry"],"acf":[],"yoast_head":"<!-- This site is optimized with the Yoast SEO Premium plugin v27.2 (Yoast SEO v27.2) - https:\/\/yoast.com\/product\/yoast-seo-premium-wordpress\/ -->\n<title>O nama - Tytan Professional Hrvatska<\/title>\n<meta name=\"description\" content=\"Tytan Professional stvara proizvode za gra\u0111evinske i zavr\u0161ne radove, dizajnirane za svaku fazu izgradnje i obnove. Mi smo dio Selena grupe.\" \/>\n<meta name=\"robots\" content=\"index, follow, max-snippet:-1, max-image-preview:large, max-video-preview:-1\" \/>\n<link rel=\"canonical\" href=\"https:\/\/tytan.com\/hr\/o-nama\/\" \/>\n<meta property=\"og:locale\" content=\"hr_HR\" \/>\n<meta property=\"og:type\" content=\"article\" \/>\n<meta property=\"og:title\" content=\"O nama\" \/>\n<meta property=\"og:description\" content=\"Tytan Professional stvara proizvode za gra\u0111evinske i zavr\u0161ne radove, dizajnirane za svaku fazu izgradnje i obnove. Mi smo dio Selena grupe.\" \/>\n<meta property=\"og:url\" content=\"https:\/\/tytan.com\/hr\/o-nama\/\" \/>\n<meta property=\"og:site_name\" content=\"Tytan Professional Hrvatska\" \/>\n<meta property=\"article:publisher\" content=\"https:\/\/www.facebook.com\/TytanProfessionalPolska\/\" \/>\n<meta property=\"article:modified_time\" content=\"2023-09-26T10:16:01+00:00\" \/>\n<meta property=\"og:image\" content=\"https:\/\/tytan-cdn.tytan.com\/uploads\/sites\/35\/2022\/03\/Tytan-Professional-building-chemistry.png\" \/>\n\t<meta property=\"og:image:width\" content=\"1200\" \/>\n\t<meta property=\"og:image:height\" content=\"600\" \/>\n\t<meta property=\"og:image:type\" content=\"image\/png\" \/>\n<meta name=\"twitter:card\" content=\"summary_large_image\" \/>\n<script type=\"application\/ld+json\" class=\"yoast-schema-graph\">{\"@context\":\"https:\/\/schema.org\",\"@graph\":[{\"@type\":\"WebPage\",\"@id\":\"https:\/\/tytan.com\/hr\/o-nama\/\",\"url\":\"https:\/\/tytan.com\/hr\/o-nama\/\",\"name\":\"O nama - Tytan Professional Hrvatska\",\"isPartOf\":{\"@id\":\"https:\/\/tytan.com\/hr\/#website\"},\"datePublished\":\"2020-01-04T11:08:22+00:00\",\"dateModified\":\"2023-09-26T10:16:01+00:00\",\"description\":\"Tytan Professional stvara proizvode za gra\u0111evinske i zavr\u0161ne radove, dizajnirane za svaku fazu izgradnje i obnove. Mi smo dio Selena grupe.\",\"breadcrumb\":{\"@id\":\"https:\/\/tytan.com\/hr\/o-nama\/#breadcrumb\"},\"inLanguage\":\"hr\",\"potentialAction\":[{\"@type\":\"ReadAction\",\"target\":[\"https:\/\/tytan.com\/hr\/o-nama\/\"]}]},{\"@type\":\"BreadcrumbList\",\"@id\":\"https:\/\/tytan.com\/hr\/o-nama\/#breadcrumb\",\"itemListElement\":[{\"@type\":\"ListItem\",\"position\":1,\"name\":\"Home\",\"item\":\"https:\/\/tytan.com\/hr\/\"},{\"@type\":\"ListItem\",\"position\":2,\"name\":\"O nama\"}]},{\"@type\":\"WebSite\",\"@id\":\"https:\/\/tytan.com\/hr\/#website\",\"url\":\"https:\/\/tytan.com\/hr\/\",\"name\":\"Tytan Professional Hrvatska\",\"description\":\"Gradite s povjerenjem uz Tytan Professional! Pogledajte \u0161iroku ponudu proizvoda za gra\u0111evinske i zavr\u0161ne radove: pjenasta ljepila, brtvila, monta\u017ena ljepila, hidroizolacijske mase, ETICS sustavi i vi\u0161e!\",\"publisher\":{\"@id\":\"https:\/\/tytan.com\/hr\/#organization\"},\"potentialAction\":[{\"@type\":\"SearchAction\",\"target\":{\"@type\":\"EntryPoint\",\"urlTemplate\":\"https:\/\/tytan.com\/hr\/?s={search_term_string}\"},\"query-input\":{\"@type\":\"PropertyValueSpecification\",\"valueRequired\":true,\"valueName\":\"search_term_string\"}}],\"inLanguage\":\"hr\"},{\"@type\":\"Organization\",\"@id\":\"https:\/\/tytan.com\/hr\/#organization\",\"name\":\"Tytan Professional\",\"url\":\"https:\/\/tytan.com\/hr\/\",\"logo\":{\"@type\":\"ImageObject\",\"inLanguage\":\"hr\",\"@id\":\"https:\/\/tytan.com\/hr\/#\/schema\/logo\/image\/\",\"url\":\"https:\/\/tytan-wordpress-uploads.s3.amazonaws.com\/uploads\/sites\/18\/2021\/07\/logo-white.png\",\"contentUrl\":\"https:\/\/tytan-wordpress-uploads.s3.amazonaws.com\/uploads\/sites\/18\/2021\/07\/logo-white.png\",\"width\":474,\"height\":234,\"caption\":\"Tytan Professional\"},\"image\":{\"@id\":\"https:\/\/tytan.com\/hr\/#\/schema\/logo\/image\/\"},\"sameAs\":[\"https:\/\/www.facebook.com\/TytanProfessionalPolska\/\",\"https:\/\/www.instagram.com\/tytan_professional_poland\/\",\"https:\/\/www.youtube.com\/user\/TYTANPROFESSIONAL\"]}]}<\/script>\n<!-- \/ Yoast SEO Premium plugin. -->","yoast_head_json":{"title":"O nama - Tytan Professional Hrvatska","description":"Tytan Professional stvara proizvode za gra\u0111evinske i zavr\u0161ne radove, dizajnirane za svaku fazu izgradnje i obnove. Mi smo dio Selena grupe.","robots":{"index":"index","follow":"follow","max-snippet":"max-snippet:-1","max-image-preview":"max-image-preview:large","max-video-preview":"max-video-preview:-1"},"canonical":"https:\/\/tytan.com\/hr\/o-nama\/","og_locale":"hr_HR","og_type":"article","og_title":"O nama","og_description":"Tytan Professional stvara proizvode za gra\u0111evinske i zavr\u0161ne radove, dizajnirane za svaku fazu izgradnje i obnove. Mi smo dio Selena grupe.","og_url":"https:\/\/tytan.com\/hr\/o-nama\/","og_site_name":"Tytan Professional Hrvatska","article_publisher":"https:\/\/www.facebook.com\/TytanProfessionalPolska\/","article_modified_time":"2023-09-26T10:16:01+00:00","og_image":[{"width":1200,"height":600,"url":"https:\/\/tytan-cdn.tytan.com\/uploads\/sites\/35\/2022\/03\/Tytan-Professional-building-chemistry.png","type":"image\/png"}],"twitter_card":"summary_large_image","schema":{"@context":"https:\/\/schema.org","@graph":[{"@type":"WebPage","@id":"https:\/\/tytan.com\/hr\/o-nama\/","url":"https:\/\/tytan.com\/hr\/o-nama\/","name":"O nama - Tytan Professional Hrvatska","isPartOf":{"@id":"https:\/\/tytan.com\/hr\/#website"},"datePublished":"2020-01-04T11:08:22+00:00","dateModified":"2023-09-26T10:16:01+00:00","description":"Tytan Professional stvara proizvode za gra\u0111evinske i zavr\u0161ne radove, dizajnirane za svaku fazu izgradnje i obnove. Mi smo dio Selena grupe.","breadcrumb":{"@id":"https:\/\/tytan.com\/hr\/o-nama\/#breadcrumb"},"inLanguage":"hr","potentialAction":[{"@type":"ReadAction","target":["https:\/\/tytan.com\/hr\/o-nama\/"]}]},{"@type":"BreadcrumbList","@id":"https:\/\/tytan.com\/hr\/o-nama\/#breadcrumb","itemListElement":[{"@type":"ListItem","position":1,"name":"Home","item":"https:\/\/tytan.com\/hr\/"},{"@type":"ListItem","position":2,"name":"O nama"}]},{"@type":"WebSite","@id":"https:\/\/tytan.com\/hr\/#website","url":"https:\/\/tytan.com\/hr\/","name":"Tytan Professional Hrvatska","description":"Gradite s povjerenjem uz Tytan Professional! Pogledajte \u0161iroku ponudu proizvoda za gra\u0111evinske i zavr\u0161ne radove: pjenasta ljepila, brtvila, monta\u017ena ljepila, hidroizolacijske mase, ETICS sustavi i vi\u0161e!","publisher":{"@id":"https:\/\/tytan.com\/hr\/#organization"},"potentialAction":[{"@type":"SearchAction","target":{"@type":"EntryPoint","urlTemplate":"https:\/\/tytan.com\/hr\/?s={search_term_string}"},"query-input":{"@type":"PropertyValueSpecification","valueRequired":true,"valueName":"search_term_string"}}],"inLanguage":"hr"},{"@type":"Organization","@id":"https:\/\/tytan.com\/hr\/#organization","name":"Tytan Professional","url":"https:\/\/tytan.com\/hr\/","logo":{"@type":"ImageObject","inLanguage":"hr","@id":"https:\/\/tytan.com\/hr\/#\/schema\/logo\/image\/","url":"https:\/\/tytan-wordpress-uploads.s3.amazonaws.com\/uploads\/sites\/18\/2021\/07\/logo-white.png","contentUrl":"https:\/\/tytan-wordpress-uploads.s3.amazonaws.com\/uploads\/sites\/18\/2021\/07\/logo-white.png","width":474,"height":234,"caption":"Tytan Professional"},"image":{"@id":"https:\/\/tytan.com\/hr\/#\/schema\/logo\/image\/"},"sameAs":["https:\/\/www.facebook.com\/TytanProfessionalPolska\/","https:\/\/www.instagram.com\/tytan_professional_poland\/","https:\/\/www.youtube.com\/user\/TYTANPROFESSIONAL"]}]}},"_links":{"self":[{"href":"https:\/\/tytan.com\/hr\/wp-json\/wp\/v2\/pages\/6420","targetHints":{"allow":["GET"]}}],"collection":[{"href":"https:\/\/tytan.com\/hr\/wp-json\/wp\/v2\/pages"}],"about":[{"href":"https:\/\/tytan.com\/hr\/wp-json\/wp\/v2\/types\/page"}],"author":[{"embeddable":true,"href":"https:\/\/tytan.com\/hr\/wp-json\/wp\/v2\/users\/3"}],"replies":[{"embeddable":true,"href":"https:\/\/tytan.com\/hr\/wp-json\/wp\/v2\/comments?post=6420"}],"version-history":[{"count":12,"href":"https:\/\/tytan.com\/hr\/wp-json\/wp\/v2\/pages\/6420\/revisions"}],"predecessor-version":[{"id":156640,"href":"https:\/\/tytan.com\/hr\/wp-json\/wp\/v2\/pages\/6420\/revisions\/156640"}],"wp:attachment":[{"href":"https:\/\/tytan.com\/hr\/wp-json\/wp\/v2\/media?parent=6420"}],"curies":[{"name":"wp","href":"https:\/\/api.w.org\/{rel}","templated":true}]}}