{"id":9588,"date":"2021-01-12T09:38:16","date_gmt":"2021-01-12T06:38:16","guid":{"rendered":"https:\/\/tytan.com\/fr\/?page_id=9588"},"modified":"2025-10-03T15:27:22","modified_gmt":"2025-10-03T13:27:22","slug":"catalogue","status":"publish","type":"page","link":"https:\/\/tytan.com\/fr\/catalogue\/","title":{"rendered":"Catalogue"},"content":{"rendered":"","protected":false},"excerpt":{"rendered":"","protected":false},"author":11,"featured_media":0,"parent":0,"menu_order":0,"comment_status":"closed","ping_status":"closed","template":"page-catalog.php","meta":{"_acf_changed":false,"footnotes":""},"class_list":["post-9588","page","type-page","status-publish","hentry"],"acf":[],"yoast_head":"<!-- This site is optimized with the Yoast SEO Premium plugin v27.2 (Yoast SEO v27.2) - https:\/\/yoast.com\/product\/yoast-seo-premium-wordpress\/ -->\n<title>Catalogue - Tytan Professional France<\/title>\n<meta name=\"description\" content=\"T\u00e9l\u00e9chargez le catalogue pour d\u00e9couvrir des centaines de produits chimiques de construction de Tytan Professional.\" \/>\n<meta name=\"robots\" content=\"index, follow, max-snippet:-1, max-image-preview:large, max-video-preview:-1\" \/>\n<link rel=\"canonical\" href=\"https:\/\/tytan.com\/fr\/catalogue\/\" \/>\n<meta property=\"og:locale\" content=\"fr_FR\" \/>\n<meta property=\"og:type\" content=\"article\" \/>\n<meta property=\"og:title\" content=\"Catalogue\" \/>\n<meta property=\"og:description\" content=\"T\u00e9l\u00e9chargez le catalogue pour d\u00e9couvrir des centaines de produits chimiques de construction de Tytan Professional.\" \/>\n<meta property=\"og:url\" content=\"https:\/\/tytan.com\/fr\/catalogue\/\" \/>\n<meta property=\"og:site_name\" content=\"Tytan Professional France\" \/>\n<meta property=\"article:modified_time\" content=\"2025-10-03T13:27:22+00:00\" \/>\n<meta property=\"og:image\" content=\"https:\/\/tytan-cdn.tytan.com\/uploads\/sites\/43\/2022\/03\/Tytan-Professional-building-chemistry.png\" \/>\n\t<meta property=\"og:image:width\" content=\"1200\" \/>\n\t<meta property=\"og:image:height\" content=\"600\" \/>\n\t<meta property=\"og:image:type\" content=\"image\/png\" \/>\n<meta name=\"twitter:card\" content=\"summary_large_image\" \/>\n<meta name=\"twitter:label1\" content=\"Est. reading time\" \/>\n\t<meta name=\"twitter:data1\" content=\"1 minute\" \/>\n<script type=\"application\/ld+json\" class=\"yoast-schema-graph\">{\"@context\":\"https:\/\/schema.org\",\"@graph\":[{\"@type\":\"WebPage\",\"@id\":\"https:\/\/tytan.com\/fr\/catalogue\/\",\"url\":\"https:\/\/tytan.com\/fr\/catalogue\/\",\"name\":\"Catalogue - Tytan Professional France\",\"isPartOf\":{\"@id\":\"https:\/\/tytan.com\/fr\/#website\"},\"datePublished\":\"2021-01-12T06:38:16+00:00\",\"dateModified\":\"2025-10-03T13:27:22+00:00\",\"description\":\"T\u00e9l\u00e9chargez le catalogue pour d\u00e9couvrir des centaines de produits chimiques de construction de Tytan Professional.\",\"breadcrumb\":{\"@id\":\"https:\/\/tytan.com\/fr\/catalogue\/#breadcrumb\"},\"inLanguage\":\"fr-FR\",\"potentialAction\":[{\"@type\":\"ReadAction\",\"target\":[\"https:\/\/tytan.com\/fr\/catalogue\/\"]}]},{\"@type\":\"BreadcrumbList\",\"@id\":\"https:\/\/tytan.com\/fr\/catalogue\/#breadcrumb\",\"itemListElement\":[{\"@type\":\"ListItem\",\"position\":1,\"name\":\"Home\",\"item\":\"https:\/\/tytan.com\/fr\/\"},{\"@type\":\"ListItem\",\"position\":2,\"name\":\"Catalogue\"}]},{\"@type\":\"WebSite\",\"@id\":\"https:\/\/tytan.com\/fr\/#website\",\"url\":\"https:\/\/tytan.com\/fr\/\",\"name\":\"Tytan Professional France\",\"description\":\"Build with confidence with Tytan Professional! See a wide range of products for construction and finishing works: foam adhesives, sealants, mounting adhesives, waterproofing compounds, ETICS systems and more!\u00a0\",\"potentialAction\":[{\"@type\":\"SearchAction\",\"target\":{\"@type\":\"EntryPoint\",\"urlTemplate\":\"https:\/\/tytan.com\/fr\/?s={search_term_string}\"},\"query-input\":{\"@type\":\"PropertyValueSpecification\",\"valueRequired\":true,\"valueName\":\"search_term_string\"}}],\"inLanguage\":\"fr-FR\"}]}<\/script>\n<!-- \/ Yoast SEO Premium plugin. -->","yoast_head_json":{"title":"Catalogue - Tytan Professional France","description":"T\u00e9l\u00e9chargez le catalogue pour d\u00e9couvrir des centaines de produits chimiques de construction de Tytan Professional.","robots":{"index":"index","follow":"follow","max-snippet":"max-snippet:-1","max-image-preview":"max-image-preview:large","max-video-preview":"max-video-preview:-1"},"canonical":"https:\/\/tytan.com\/fr\/catalogue\/","og_locale":"fr_FR","og_type":"article","og_title":"Catalogue","og_description":"T\u00e9l\u00e9chargez le catalogue pour d\u00e9couvrir des centaines de produits chimiques de construction de Tytan Professional.","og_url":"https:\/\/tytan.com\/fr\/catalogue\/","og_site_name":"Tytan Professional France","article_modified_time":"2025-10-03T13:27:22+00:00","og_image":[{"width":1200,"height":600,"url":"https:\/\/tytan-cdn.tytan.com\/uploads\/sites\/43\/2022\/03\/Tytan-Professional-building-chemistry.png","type":"image\/png"}],"twitter_card":"summary_large_image","twitter_misc":{"Est. reading time":"1 minute"},"schema":{"@context":"https:\/\/schema.org","@graph":[{"@type":"WebPage","@id":"https:\/\/tytan.com\/fr\/catalogue\/","url":"https:\/\/tytan.com\/fr\/catalogue\/","name":"Catalogue - Tytan Professional France","isPartOf":{"@id":"https:\/\/tytan.com\/fr\/#website"},"datePublished":"2021-01-12T06:38:16+00:00","dateModified":"2025-10-03T13:27:22+00:00","description":"T\u00e9l\u00e9chargez le catalogue pour d\u00e9couvrir des centaines de produits chimiques de construction de Tytan Professional.","breadcrumb":{"@id":"https:\/\/tytan.com\/fr\/catalogue\/#breadcrumb"},"inLanguage":"fr-FR","potentialAction":[{"@type":"ReadAction","target":["https:\/\/tytan.com\/fr\/catalogue\/"]}]},{"@type":"BreadcrumbList","@id":"https:\/\/tytan.com\/fr\/catalogue\/#breadcrumb","itemListElement":[{"@type":"ListItem","position":1,"name":"Home","item":"https:\/\/tytan.com\/fr\/"},{"@type":"ListItem","position":2,"name":"Catalogue"}]},{"@type":"WebSite","@id":"https:\/\/tytan.com\/fr\/#website","url":"https:\/\/tytan.com\/fr\/","name":"Tytan Professional France","description":"Build with confidence with Tytan Professional! See a wide range of products for construction and finishing works: foam adhesives, sealants, mounting adhesives, waterproofing compounds, ETICS systems and more!\u00a0","potentialAction":[{"@type":"SearchAction","target":{"@type":"EntryPoint","urlTemplate":"https:\/\/tytan.com\/fr\/?s={search_term_string}"},"query-input":{"@type":"PropertyValueSpecification","valueRequired":true,"valueName":"search_term_string"}}],"inLanguage":"fr-FR"}]}},"_links":{"self":[{"href":"https:\/\/tytan.com\/fr\/wp-json\/wp\/v2\/pages\/9588","targetHints":{"allow":["GET"]}}],"collection":[{"href":"https:\/\/tytan.com\/fr\/wp-json\/wp\/v2\/pages"}],"about":[{"href":"https:\/\/tytan.com\/fr\/wp-json\/wp\/v2\/types\/page"}],"author":[{"embeddable":true,"href":"https:\/\/tytan.com\/fr\/wp-json\/wp\/v2\/users\/11"}],"replies":[{"embeddable":true,"href":"https:\/\/tytan.com\/fr\/wp-json\/wp\/v2\/comments?post=9588"}],"version-history":[{"count":39,"href":"https:\/\/tytan.com\/fr\/wp-json\/wp\/v2\/pages\/9588\/revisions"}],"predecessor-version":[{"id":157442,"href":"https:\/\/tytan.com\/fr\/wp-json\/wp\/v2\/pages\/9588\/revisions\/157442"}],"wp:attachment":[{"href":"https:\/\/tytan.com\/fr\/wp-json\/wp\/v2\/media?parent=9588"}],"curies":[{"name":"wp","href":"https:\/\/api.w.org\/{rel}","templated":true}]}}