{"id":6420,"date":"2020-01-04T12:08:22","date_gmt":"2020-01-04T12:08:22","guid":{"rendered":"http:\/\/wordpress-selena-lb.eu-central-1.elasticbeanstalk.com\/?page_id=32"},"modified":"2024-04-26T13:29:48","modified_gmt":"2024-04-26T11:29:48","slug":"meista","status":"publish","type":"page","link":"https:\/\/tytan.com\/fi\/meista\/","title":{"rendered":"Meist\u00e4"},"content":{"rendered":"","protected":false},"excerpt":{"rendered":"","protected":false},"author":3,"featured_media":0,"parent":0,"menu_order":0,"comment_status":"closed","ping_status":"closed","template":"page-full-no-heading.php","meta":{"_acf_changed":false,"footnotes":""},"class_list":["post-6420","page","type-page","status-publish","hentry"],"acf":[],"yoast_head":"<!-- This site is optimized with the Yoast SEO Premium plugin v27.2 (Yoast SEO v27.2) - https:\/\/yoast.com\/product\/yoast-seo-premium-wordpress\/ -->\n<title>Meist\u00e4 - Tytan Professional Finland<\/title>\n<meta name=\"robots\" content=\"index, follow, max-snippet:-1, max-image-preview:large, max-video-preview:-1\" \/>\n<link rel=\"canonical\" href=\"https:\/\/tytan.com\/fi\/meista\/\" \/>\n<meta property=\"og:locale\" content=\"fi_FI\" \/>\n<meta property=\"og:type\" content=\"article\" \/>\n<meta property=\"og:title\" content=\"Meist\u00e4\" \/>\n<meta property=\"og:url\" content=\"https:\/\/tytan.com\/fi\/meista\/\" \/>\n<meta property=\"og:site_name\" content=\"Tytan Professional Finland\" \/>\n<meta property=\"article:modified_time\" content=\"2024-04-26T11:29:48+00:00\" \/>\n<meta name=\"twitter:card\" content=\"summary_large_image\" \/>\n<script type=\"application\/ld+json\" class=\"yoast-schema-graph\">{\"@context\":\"https:\/\/schema.org\",\"@graph\":[{\"@type\":\"WebPage\",\"@id\":\"https:\/\/tytan.com\/fi\/meista\/\",\"url\":\"https:\/\/tytan.com\/fi\/meista\/\",\"name\":\"Meist\u00e4 - Tytan Professional Finland\",\"isPartOf\":{\"@id\":\"https:\/\/tytan.com\/fi\/#website\"},\"datePublished\":\"2020-01-04T12:08:22+00:00\",\"dateModified\":\"2024-04-26T11:29:48+00:00\",\"breadcrumb\":{\"@id\":\"https:\/\/tytan.com\/fi\/meista\/#breadcrumb\"},\"inLanguage\":\"fi\",\"potentialAction\":[{\"@type\":\"ReadAction\",\"target\":[\"https:\/\/tytan.com\/fi\/meista\/\"]}]},{\"@type\":\"BreadcrumbList\",\"@id\":\"https:\/\/tytan.com\/fi\/meista\/#breadcrumb\",\"itemListElement\":[{\"@type\":\"ListItem\",\"position\":1,\"name\":\"Home\",\"item\":\"https:\/\/tytan.com\/fi\/\"},{\"@type\":\"ListItem\",\"position\":2,\"name\":\"Meist\u00e4\"}]},{\"@type\":\"WebSite\",\"@id\":\"https:\/\/tytan.com\/fi\/#website\",\"url\":\"https:\/\/tytan.com\/fi\/\",\"name\":\"Tytan Professional Finland\",\"description\":\"Erityisesti ammattik\u00e4ytt\u00e4jien vaatimuksia silm\u00e4ll\u00e4pit\u00e4en suunniteltu kattava valikoima sis\u00e4lt\u00e4\u00e4 polyuretaanivaahtoja, massoja, palokatkoja sek\u00e4 ty\u00f6v\u00e4lineit\u00e4.\",\"potentialAction\":[{\"@type\":\"SearchAction\",\"target\":{\"@type\":\"EntryPoint\",\"urlTemplate\":\"https:\/\/tytan.com\/fi\/?s={search_term_string}\"},\"query-input\":{\"@type\":\"PropertyValueSpecification\",\"valueRequired\":true,\"valueName\":\"search_term_string\"}}],\"inLanguage\":\"fi\"}]}<\/script>\n<!-- \/ Yoast SEO Premium plugin. -->","yoast_head_json":{"title":"Meist\u00e4 - Tytan Professional Finland","robots":{"index":"index","follow":"follow","max-snippet":"max-snippet:-1","max-image-preview":"max-image-preview:large","max-video-preview":"max-video-preview:-1"},"canonical":"https:\/\/tytan.com\/fi\/meista\/","og_locale":"fi_FI","og_type":"article","og_title":"Meist\u00e4","og_url":"https:\/\/tytan.com\/fi\/meista\/","og_site_name":"Tytan Professional Finland","article_modified_time":"2024-04-26T11:29:48+00:00","twitter_card":"summary_large_image","schema":{"@context":"https:\/\/schema.org","@graph":[{"@type":"WebPage","@id":"https:\/\/tytan.com\/fi\/meista\/","url":"https:\/\/tytan.com\/fi\/meista\/","name":"Meist\u00e4 - Tytan Professional Finland","isPartOf":{"@id":"https:\/\/tytan.com\/fi\/#website"},"datePublished":"2020-01-04T12:08:22+00:00","dateModified":"2024-04-26T11:29:48+00:00","breadcrumb":{"@id":"https:\/\/tytan.com\/fi\/meista\/#breadcrumb"},"inLanguage":"fi","potentialAction":[{"@type":"ReadAction","target":["https:\/\/tytan.com\/fi\/meista\/"]}]},{"@type":"BreadcrumbList","@id":"https:\/\/tytan.com\/fi\/meista\/#breadcrumb","itemListElement":[{"@type":"ListItem","position":1,"name":"Home","item":"https:\/\/tytan.com\/fi\/"},{"@type":"ListItem","position":2,"name":"Meist\u00e4"}]},{"@type":"WebSite","@id":"https:\/\/tytan.com\/fi\/#website","url":"https:\/\/tytan.com\/fi\/","name":"Tytan Professional Finland","description":"Erityisesti ammattik\u00e4ytt\u00e4jien vaatimuksia silm\u00e4ll\u00e4pit\u00e4en suunniteltu kattava valikoima sis\u00e4lt\u00e4\u00e4 polyuretaanivaahtoja, massoja, palokatkoja sek\u00e4 ty\u00f6v\u00e4lineit\u00e4.","potentialAction":[{"@type":"SearchAction","target":{"@type":"EntryPoint","urlTemplate":"https:\/\/tytan.com\/fi\/?s={search_term_string}"},"query-input":{"@type":"PropertyValueSpecification","valueRequired":true,"valueName":"search_term_string"}}],"inLanguage":"fi"}]}},"_links":{"self":[{"href":"https:\/\/tytan.com\/fi\/wp-json\/wp\/v2\/pages\/6420","targetHints":{"allow":["GET"]}}],"collection":[{"href":"https:\/\/tytan.com\/fi\/wp-json\/wp\/v2\/pages"}],"about":[{"href":"https:\/\/tytan.com\/fi\/wp-json\/wp\/v2\/types\/page"}],"author":[{"embeddable":true,"href":"https:\/\/tytan.com\/fi\/wp-json\/wp\/v2\/users\/3"}],"replies":[{"embeddable":true,"href":"https:\/\/tytan.com\/fi\/wp-json\/wp\/v2\/comments?post=6420"}],"version-history":[{"count":7,"href":"https:\/\/tytan.com\/fi\/wp-json\/wp\/v2\/pages\/6420\/revisions"}],"predecessor-version":[{"id":15325,"href":"https:\/\/tytan.com\/fi\/wp-json\/wp\/v2\/pages\/6420\/revisions\/15325"}],"wp:attachment":[{"href":"https:\/\/tytan.com\/fi\/wp-json\/wp\/v2\/media?parent=6420"}],"curies":[{"name":"wp","href":"https:\/\/api.w.org\/{rel}","templated":true}]}}