{"id":15012,"date":"2022-10-07T11:18:29","date_gmt":"2022-10-07T08:18:29","guid":{"rendered":"https:\/\/tytan.com\/sk\/?page_id=15012"},"modified":"2022-10-07T11:19:52","modified_gmt":"2022-10-07T08:19:52","slug":"where-to-buy","status":"publish","type":"page","link":"https:\/\/tytan.com\/fi\/where-to-buy\/","title":{"rendered":"Where to buy"},"content":{"rendered":"","protected":false},"excerpt":{"rendered":"","protected":false},"author":15,"featured_media":0,"parent":0,"menu_order":0,"comment_status":"closed","ping_status":"closed","template":"page-where-to-buy.php","meta":{"_acf_changed":false,"footnotes":""},"class_list":["post-15012","page","type-page","status-publish","hentry"],"acf":[],"yoast_head":"<!-- This site is optimized with the Yoast SEO Premium plugin v27.2 (Yoast SEO v27.2) - https:\/\/yoast.com\/product\/yoast-seo-premium-wordpress\/ -->\n<title>Where to buy - Tytan Professional Finland<\/title>\n<meta name=\"robots\" content=\"index, follow, max-snippet:-1, max-image-preview:large, max-video-preview:-1\" \/>\n<link rel=\"canonical\" href=\"https:\/\/tytan.com\/fi\/where-to-buy\/\" \/>\n<meta property=\"og:locale\" content=\"fi_FI\" \/>\n<meta property=\"og:type\" content=\"article\" \/>\n<meta property=\"og:title\" content=\"Where to buy\" \/>\n<meta property=\"og:url\" content=\"https:\/\/tytan.com\/fi\/where-to-buy\/\" \/>\n<meta property=\"og:site_name\" content=\"Tytan Professional Finland\" \/>\n<meta property=\"article:modified_time\" content=\"2022-10-07T08:19:52+00:00\" \/>\n<meta name=\"twitter:card\" content=\"summary_large_image\" \/>\n<script type=\"application\/ld+json\" class=\"yoast-schema-graph\">{\"@context\":\"https:\/\/schema.org\",\"@graph\":[{\"@type\":\"WebPage\",\"@id\":\"https:\/\/tytan.com\/fi\/where-to-buy\/\",\"url\":\"https:\/\/tytan.com\/fi\/where-to-buy\/\",\"name\":\"Where to buy - Tytan Professional Finland\",\"isPartOf\":{\"@id\":\"https:\/\/tytan.com\/fi\/#website\"},\"datePublished\":\"2022-10-07T08:18:29+00:00\",\"dateModified\":\"2022-10-07T08:19:52+00:00\",\"breadcrumb\":{\"@id\":\"https:\/\/tytan.com\/fi\/where-to-buy\/#breadcrumb\"},\"inLanguage\":\"fi\",\"potentialAction\":[{\"@type\":\"ReadAction\",\"target\":[\"https:\/\/tytan.com\/fi\/where-to-buy\/\"]}]},{\"@type\":\"BreadcrumbList\",\"@id\":\"https:\/\/tytan.com\/fi\/where-to-buy\/#breadcrumb\",\"itemListElement\":[{\"@type\":\"ListItem\",\"position\":1,\"name\":\"Home\",\"item\":\"https:\/\/tytan.com\/fi\/\"},{\"@type\":\"ListItem\",\"position\":2,\"name\":\"Where to buy\"}]},{\"@type\":\"WebSite\",\"@id\":\"https:\/\/tytan.com\/fi\/#website\",\"url\":\"https:\/\/tytan.com\/fi\/\",\"name\":\"Tytan Professional Finland\",\"description\":\"Erityisesti ammattik\u00e4ytt\u00e4jien vaatimuksia silm\u00e4ll\u00e4pit\u00e4en suunniteltu kattava valikoima sis\u00e4lt\u00e4\u00e4 polyuretaanivaahtoja, massoja, palokatkoja sek\u00e4 ty\u00f6v\u00e4lineit\u00e4.\",\"potentialAction\":[{\"@type\":\"SearchAction\",\"target\":{\"@type\":\"EntryPoint\",\"urlTemplate\":\"https:\/\/tytan.com\/fi\/?s={search_term_string}\"},\"query-input\":{\"@type\":\"PropertyValueSpecification\",\"valueRequired\":true,\"valueName\":\"search_term_string\"}}],\"inLanguage\":\"fi\"}]}<\/script>\n<!-- \/ Yoast SEO Premium plugin. -->","yoast_head_json":{"title":"Where to buy - Tytan Professional Finland","robots":{"index":"index","follow":"follow","max-snippet":"max-snippet:-1","max-image-preview":"max-image-preview:large","max-video-preview":"max-video-preview:-1"},"canonical":"https:\/\/tytan.com\/fi\/where-to-buy\/","og_locale":"fi_FI","og_type":"article","og_title":"Where to buy","og_url":"https:\/\/tytan.com\/fi\/where-to-buy\/","og_site_name":"Tytan Professional Finland","article_modified_time":"2022-10-07T08:19:52+00:00","twitter_card":"summary_large_image","schema":{"@context":"https:\/\/schema.org","@graph":[{"@type":"WebPage","@id":"https:\/\/tytan.com\/fi\/where-to-buy\/","url":"https:\/\/tytan.com\/fi\/where-to-buy\/","name":"Where to buy - Tytan Professional Finland","isPartOf":{"@id":"https:\/\/tytan.com\/fi\/#website"},"datePublished":"2022-10-07T08:18:29+00:00","dateModified":"2022-10-07T08:19:52+00:00","breadcrumb":{"@id":"https:\/\/tytan.com\/fi\/where-to-buy\/#breadcrumb"},"inLanguage":"fi","potentialAction":[{"@type":"ReadAction","target":["https:\/\/tytan.com\/fi\/where-to-buy\/"]}]},{"@type":"BreadcrumbList","@id":"https:\/\/tytan.com\/fi\/where-to-buy\/#breadcrumb","itemListElement":[{"@type":"ListItem","position":1,"name":"Home","item":"https:\/\/tytan.com\/fi\/"},{"@type":"ListItem","position":2,"name":"Where to buy"}]},{"@type":"WebSite","@id":"https:\/\/tytan.com\/fi\/#website","url":"https:\/\/tytan.com\/fi\/","name":"Tytan Professional Finland","description":"Erityisesti ammattik\u00e4ytt\u00e4jien vaatimuksia silm\u00e4ll\u00e4pit\u00e4en suunniteltu kattava valikoima sis\u00e4lt\u00e4\u00e4 polyuretaanivaahtoja, massoja, palokatkoja sek\u00e4 ty\u00f6v\u00e4lineit\u00e4.","potentialAction":[{"@type":"SearchAction","target":{"@type":"EntryPoint","urlTemplate":"https:\/\/tytan.com\/fi\/?s={search_term_string}"},"query-input":{"@type":"PropertyValueSpecification","valueRequired":true,"valueName":"search_term_string"}}],"inLanguage":"fi"}]}},"_links":{"self":[{"href":"https:\/\/tytan.com\/fi\/wp-json\/wp\/v2\/pages\/15012","targetHints":{"allow":["GET"]}}],"collection":[{"href":"https:\/\/tytan.com\/fi\/wp-json\/wp\/v2\/pages"}],"about":[{"href":"https:\/\/tytan.com\/fi\/wp-json\/wp\/v2\/types\/page"}],"author":[{"embeddable":true,"href":"https:\/\/tytan.com\/fi\/wp-json\/wp\/v2\/users\/15"}],"replies":[{"embeddable":true,"href":"https:\/\/tytan.com\/fi\/wp-json\/wp\/v2\/comments?post=15012"}],"version-history":[{"count":1,"href":"https:\/\/tytan.com\/fi\/wp-json\/wp\/v2\/pages\/15012\/revisions"}],"predecessor-version":[{"id":15013,"href":"https:\/\/tytan.com\/fi\/wp-json\/wp\/v2\/pages\/15012\/revisions\/15013"}],"wp:attachment":[{"href":"https:\/\/tytan.com\/fi\/wp-json\/wp\/v2\/media?parent=15012"}],"curies":[{"name":"wp","href":"https:\/\/api.w.org\/{rel}","templated":true}]}}