{"id":6421,"date":"2020-01-04T12:08:53","date_gmt":"2020-01-04T12:08:53","guid":{"rendered":"http:\/\/wordpress-selena-lb.eu-central-1.elasticbeanstalk.com\/?page_id=36"},"modified":"2025-01-14T15:04:04","modified_gmt":"2025-01-14T15:04:04","slug":"kontakt","status":"publish","type":"page","link":"https:\/\/tytan.com\/ee\/kontakt\/","title":{"rendered":"Kontakt"},"content":{"rendered":"","protected":false},"excerpt":{"rendered":"","protected":false},"author":29,"featured_media":0,"parent":0,"menu_order":0,"comment_status":"closed","ping_status":"closed","template":"page-contact.php","meta":{"_acf_changed":false,"footnotes":""},"class_list":["post-6421","page","type-page","status-publish","hentry"],"acf":[],"yoast_head":"<!-- This site is optimized with the Yoast SEO Premium plugin v27.2 (Yoast SEO v27.2) - https:\/\/yoast.com\/product\/yoast-seo-premium-wordpress\/ -->\n<title>Kontakt - Tytan Professional Eesti<\/title>\n<meta name=\"description\" content=\"Kas teil on k\u00fcsimusi Tytan Professionali lahenduste kohta? Palun helistage +48 71 78 38 290, kui vajate abi.\" \/>\n<meta name=\"robots\" content=\"index, follow, max-snippet:-1, max-image-preview:large, max-video-preview:-1\" \/>\n<link rel=\"canonical\" href=\"https:\/\/tytan.com\/ee\/kontakt\/\" \/>\n<meta property=\"og:locale\" content=\"et_EE\" \/>\n<meta property=\"og:type\" content=\"article\" \/>\n<meta property=\"og:title\" content=\"Kontakt\" \/>\n<meta property=\"og:description\" content=\"Kas teil on k\u00fcsimusi Tytan Professionali lahenduste kohta? Palun helistage +48 71 78 38 290, kui vajate abi.\" \/>\n<meta property=\"og:url\" content=\"https:\/\/tytan.com\/ee\/kontakt\/\" \/>\n<meta property=\"og:site_name\" content=\"Tytan Professional Eesti\" \/>\n<meta property=\"article:publisher\" content=\"https:\/\/www.facebook.com\/TytanProfessionalPolska\/\" \/>\n<meta property=\"article:modified_time\" content=\"2025-01-14T15:04:04+00:00\" \/>\n<meta property=\"og:image\" content=\"https:\/\/tytan-cdn.tytan.com\/uploads\/sites\/56\/2024\/06\/Tytan-Professional-Job-Well-Done-KV_Some_F_1200x675px.jpg\" \/>\n\t<meta property=\"og:image:width\" content=\"1200\" \/>\n\t<meta property=\"og:image:height\" content=\"675\" \/>\n\t<meta property=\"og:image:type\" content=\"image\/jpeg\" \/>\n<meta name=\"twitter:card\" content=\"summary_large_image\" \/>\n<meta name=\"twitter:label1\" content=\"Est. reading time\" \/>\n\t<meta name=\"twitter:data1\" content=\"1 minute\" \/>\n<script type=\"application\/ld+json\" class=\"yoast-schema-graph\">{\"@context\":\"https:\/\/schema.org\",\"@graph\":[{\"@type\":\"WebPage\",\"@id\":\"https:\/\/tytan.com\/ee\/kontakt\/\",\"url\":\"https:\/\/tytan.com\/ee\/kontakt\/\",\"name\":\"Kontakt - Tytan Professional Eesti\",\"isPartOf\":{\"@id\":\"https:\/\/tytan.com\/ee\/#website\"},\"datePublished\":\"2020-01-04T12:08:53+00:00\",\"dateModified\":\"2025-01-14T15:04:04+00:00\",\"description\":\"Kas teil on k\u00fcsimusi Tytan Professionali lahenduste kohta? Palun helistage +48 71 78 38 290, kui vajate abi.\",\"breadcrumb\":{\"@id\":\"https:\/\/tytan.com\/ee\/kontakt\/#breadcrumb\"},\"inLanguage\":\"et\",\"potentialAction\":[{\"@type\":\"ReadAction\",\"target\":[\"https:\/\/tytan.com\/ee\/kontakt\/\"]}]},{\"@type\":\"BreadcrumbList\",\"@id\":\"https:\/\/tytan.com\/ee\/kontakt\/#breadcrumb\",\"itemListElement\":[{\"@type\":\"ListItem\",\"position\":1,\"name\":\"Home\",\"item\":\"https:\/\/tytan.com\/ee\/\"},{\"@type\":\"ListItem\",\"position\":2,\"name\":\"Kontakt\"}]},{\"@type\":\"WebSite\",\"@id\":\"https:\/\/tytan.com\/ee\/#website\",\"url\":\"https:\/\/tytan.com\/ee\/\",\"name\":\"Tytan Professional Eesti\",\"description\":\"Ehita kindlalt Tytan Professionaliga! Tutvu laia valikuga ehitus- ja viimistlust\u00f6\u00f6de toodetega: vaht-tuumendid, tihendid, paigaldustuumendid, veekindlad seguained, ETICS-s\u00fcsteemid ja palju muud!\",\"publisher\":{\"@id\":\"https:\/\/tytan.com\/ee\/#organization\"},\"potentialAction\":[{\"@type\":\"SearchAction\",\"target\":{\"@type\":\"EntryPoint\",\"urlTemplate\":\"https:\/\/tytan.com\/ee\/?s={search_term_string}\"},\"query-input\":{\"@type\":\"PropertyValueSpecification\",\"valueRequired\":true,\"valueName\":\"search_term_string\"}}],\"inLanguage\":\"et\"},{\"@type\":\"Organization\",\"@id\":\"https:\/\/tytan.com\/ee\/#organization\",\"name\":\"Tytan Professional\",\"url\":\"https:\/\/tytan.com\/ee\/\",\"logo\":{\"@type\":\"ImageObject\",\"inLanguage\":\"et\",\"@id\":\"https:\/\/tytan.com\/ee\/#\/schema\/logo\/image\/\",\"url\":\"https:\/\/tytan-cdn.tytan.com\/uploads\/sites\/18\/2021\/07\/logo-white.png\",\"contentUrl\":\"https:\/\/tytan-cdn.tytan.com\/uploads\/sites\/18\/2021\/07\/logo-white.png\",\"width\":474,\"height\":234,\"caption\":\"Tytan Professional\"},\"image\":{\"@id\":\"https:\/\/tytan.com\/ee\/#\/schema\/logo\/image\/\"},\"sameAs\":[\"https:\/\/www.facebook.com\/TytanProfessionalPolska\/\",\"https:\/\/www.instagram.com\/tytan_professional_poland\/\",\"https:\/\/www.youtube.com\/user\/TYTANPROFESSIONAL\"]}]}<\/script>\n<!-- \/ Yoast SEO Premium plugin. -->","yoast_head_json":{"title":"Kontakt - Tytan Professional Eesti","description":"Kas teil on k\u00fcsimusi Tytan Professionali lahenduste kohta? Palun helistage +48 71 78 38 290, kui vajate abi.","robots":{"index":"index","follow":"follow","max-snippet":"max-snippet:-1","max-image-preview":"max-image-preview:large","max-video-preview":"max-video-preview:-1"},"canonical":"https:\/\/tytan.com\/ee\/kontakt\/","og_locale":"et_EE","og_type":"article","og_title":"Kontakt","og_description":"Kas teil on k\u00fcsimusi Tytan Professionali lahenduste kohta? Palun helistage +48 71 78 38 290, kui vajate abi.","og_url":"https:\/\/tytan.com\/ee\/kontakt\/","og_site_name":"Tytan Professional Eesti","article_publisher":"https:\/\/www.facebook.com\/TytanProfessionalPolska\/","article_modified_time":"2025-01-14T15:04:04+00:00","og_image":[{"width":1200,"height":675,"url":"https:\/\/tytan-cdn.tytan.com\/uploads\/sites\/56\/2024\/06\/Tytan-Professional-Job-Well-Done-KV_Some_F_1200x675px.jpg","type":"image\/jpeg"}],"twitter_card":"summary_large_image","twitter_misc":{"Est. reading time":"1 minute"},"schema":{"@context":"https:\/\/schema.org","@graph":[{"@type":"WebPage","@id":"https:\/\/tytan.com\/ee\/kontakt\/","url":"https:\/\/tytan.com\/ee\/kontakt\/","name":"Kontakt - Tytan Professional Eesti","isPartOf":{"@id":"https:\/\/tytan.com\/ee\/#website"},"datePublished":"2020-01-04T12:08:53+00:00","dateModified":"2025-01-14T15:04:04+00:00","description":"Kas teil on k\u00fcsimusi Tytan Professionali lahenduste kohta? Palun helistage +48 71 78 38 290, kui vajate abi.","breadcrumb":{"@id":"https:\/\/tytan.com\/ee\/kontakt\/#breadcrumb"},"inLanguage":"et","potentialAction":[{"@type":"ReadAction","target":["https:\/\/tytan.com\/ee\/kontakt\/"]}]},{"@type":"BreadcrumbList","@id":"https:\/\/tytan.com\/ee\/kontakt\/#breadcrumb","itemListElement":[{"@type":"ListItem","position":1,"name":"Home","item":"https:\/\/tytan.com\/ee\/"},{"@type":"ListItem","position":2,"name":"Kontakt"}]},{"@type":"WebSite","@id":"https:\/\/tytan.com\/ee\/#website","url":"https:\/\/tytan.com\/ee\/","name":"Tytan Professional Eesti","description":"Ehita kindlalt Tytan Professionaliga! Tutvu laia valikuga ehitus- ja viimistlust\u00f6\u00f6de toodetega: vaht-tuumendid, tihendid, paigaldustuumendid, veekindlad seguained, ETICS-s\u00fcsteemid ja palju muud!","publisher":{"@id":"https:\/\/tytan.com\/ee\/#organization"},"potentialAction":[{"@type":"SearchAction","target":{"@type":"EntryPoint","urlTemplate":"https:\/\/tytan.com\/ee\/?s={search_term_string}"},"query-input":{"@type":"PropertyValueSpecification","valueRequired":true,"valueName":"search_term_string"}}],"inLanguage":"et"},{"@type":"Organization","@id":"https:\/\/tytan.com\/ee\/#organization","name":"Tytan Professional","url":"https:\/\/tytan.com\/ee\/","logo":{"@type":"ImageObject","inLanguage":"et","@id":"https:\/\/tytan.com\/ee\/#\/schema\/logo\/image\/","url":"https:\/\/tytan-cdn.tytan.com\/uploads\/sites\/18\/2021\/07\/logo-white.png","contentUrl":"https:\/\/tytan-cdn.tytan.com\/uploads\/sites\/18\/2021\/07\/logo-white.png","width":474,"height":234,"caption":"Tytan Professional"},"image":{"@id":"https:\/\/tytan.com\/ee\/#\/schema\/logo\/image\/"},"sameAs":["https:\/\/www.facebook.com\/TytanProfessionalPolska\/","https:\/\/www.instagram.com\/tytan_professional_poland\/","https:\/\/www.youtube.com\/user\/TYTANPROFESSIONAL"]}]}},"_links":{"self":[{"href":"https:\/\/tytan.com\/ee\/wp-json\/wp\/v2\/pages\/6421","targetHints":{"allow":["GET"]}}],"collection":[{"href":"https:\/\/tytan.com\/ee\/wp-json\/wp\/v2\/pages"}],"about":[{"href":"https:\/\/tytan.com\/ee\/wp-json\/wp\/v2\/types\/page"}],"author":[{"embeddable":true,"href":"https:\/\/tytan.com\/ee\/wp-json\/wp\/v2\/users\/29"}],"replies":[{"embeddable":true,"href":"https:\/\/tytan.com\/ee\/wp-json\/wp\/v2\/comments?post=6421"}],"version-history":[{"count":29,"href":"https:\/\/tytan.com\/ee\/wp-json\/wp\/v2\/pages\/6421\/revisions"}],"predecessor-version":[{"id":157296,"href":"https:\/\/tytan.com\/ee\/wp-json\/wp\/v2\/pages\/6421\/revisions\/157296"}],"wp:attachment":[{"href":"https:\/\/tytan.com\/ee\/wp-json\/wp\/v2\/media?parent=6421"}],"curies":[{"name":"wp","href":"https:\/\/api.w.org\/{rel}","templated":true}]}}