{"id":6420,"date":"2020-01-04T12:08:22","date_gmt":"2020-01-04T11:08:22","guid":{"rendered":"http:\/\/wordpress-selena-lb.eu-central-1.elasticbeanstalk.com\/?page_id=32"},"modified":"2024-11-28T13:36:42","modified_gmt":"2024-11-28T13:36:42","slug":"meie-kohta","status":"publish","type":"page","link":"https:\/\/tytan.com\/ee\/meie-kohta\/","title":{"rendered":"Meie kohta"},"content":{"rendered":"","protected":false},"excerpt":{"rendered":"","protected":false},"author":29,"featured_media":0,"parent":0,"menu_order":0,"comment_status":"closed","ping_status":"closed","template":"page-full-no-heading.php","meta":{"_acf_changed":false,"footnotes":""},"class_list":["post-6420","page","type-page","status-publish","hentry"],"acf":[],"yoast_head":"<!-- This site is optimized with the Yoast SEO Premium plugin v27.2 (Yoast SEO v27.2) - https:\/\/yoast.com\/product\/yoast-seo-premium-wordpress\/ -->\n<title>Meie kohta - Tytan Professional Eesti<\/title>\n<meta name=\"description\" content=\"Tytan Professional loob tooteid ehitus- ja viimistlust\u00f6\u00f6deks, mis on m\u00f5eldud igaks ehitus- ja renoveerimisetapiks. Me oleme osa Selena Groupist.\" \/>\n<meta name=\"robots\" content=\"index, follow, max-snippet:-1, max-image-preview:large, max-video-preview:-1\" \/>\n<link rel=\"canonical\" href=\"https:\/\/tytan.com\/ee\/meie-kohta\/\" \/>\n<meta property=\"og:locale\" content=\"et_EE\" \/>\n<meta property=\"og:type\" content=\"article\" \/>\n<meta property=\"og:title\" content=\"Meie kohta\" \/>\n<meta property=\"og:description\" content=\"Tytan Professional loob tooteid ehitus- ja viimistlust\u00f6\u00f6deks, mis on m\u00f5eldud igaks ehitus- ja renoveerimisetapiks. Me oleme osa Selena Groupist.\" \/>\n<meta property=\"og:url\" content=\"https:\/\/tytan.com\/ee\/meie-kohta\/\" \/>\n<meta property=\"og:site_name\" content=\"Tytan Professional Eesti\" \/>\n<meta property=\"article:publisher\" content=\"https:\/\/www.facebook.com\/TytanProfessionalPolska\/\" \/>\n<meta property=\"article:modified_time\" content=\"2024-11-28T13:36:42+00:00\" \/>\n<meta property=\"og:image\" content=\"https:\/\/tytan-cdn.tytan.com\/uploads\/sites\/56\/2024\/06\/Tytan-Professional-Job-Well-Done-KV_Some_F_1200x675px.jpg\" \/>\n\t<meta property=\"og:image:width\" content=\"1200\" \/>\n\t<meta property=\"og:image:height\" content=\"675\" \/>\n\t<meta property=\"og:image:type\" content=\"image\/jpeg\" \/>\n<meta name=\"twitter:card\" content=\"summary_large_image\" \/>\n<meta name=\"twitter:label1\" content=\"Est. reading time\" \/>\n\t<meta name=\"twitter:data1\" content=\"4 minutes\" \/>\n<script type=\"application\/ld+json\" class=\"yoast-schema-graph\">{\"@context\":\"https:\/\/schema.org\",\"@graph\":[{\"@type\":\"WebPage\",\"@id\":\"https:\/\/tytan.com\/ee\/meie-kohta\/\",\"url\":\"https:\/\/tytan.com\/ee\/meie-kohta\/\",\"name\":\"Meie kohta - Tytan Professional Eesti\",\"isPartOf\":{\"@id\":\"https:\/\/tytan.com\/ee\/#website\"},\"datePublished\":\"2020-01-04T11:08:22+00:00\",\"dateModified\":\"2024-11-28T13:36:42+00:00\",\"description\":\"Tytan Professional loob tooteid ehitus- ja viimistlust\u00f6\u00f6deks, mis on m\u00f5eldud igaks ehitus- ja renoveerimisetapiks. Me oleme osa Selena Groupist.\",\"breadcrumb\":{\"@id\":\"https:\/\/tytan.com\/ee\/meie-kohta\/#breadcrumb\"},\"inLanguage\":\"et\",\"potentialAction\":[{\"@type\":\"ReadAction\",\"target\":[\"https:\/\/tytan.com\/ee\/meie-kohta\/\"]}]},{\"@type\":\"BreadcrumbList\",\"@id\":\"https:\/\/tytan.com\/ee\/meie-kohta\/#breadcrumb\",\"itemListElement\":[{\"@type\":\"ListItem\",\"position\":1,\"name\":\"Home\",\"item\":\"https:\/\/tytan.com\/ee\/\"},{\"@type\":\"ListItem\",\"position\":2,\"name\":\"Meie kohta\"}]},{\"@type\":\"WebSite\",\"@id\":\"https:\/\/tytan.com\/ee\/#website\",\"url\":\"https:\/\/tytan.com\/ee\/\",\"name\":\"Tytan Professional Eesti\",\"description\":\"Ehita kindlalt Tytan Professionaliga! Tutvu laia valikuga ehitus- ja viimistlust\u00f6\u00f6de toodetega: vaht-tuumendid, tihendid, paigaldustuumendid, veekindlad seguained, ETICS-s\u00fcsteemid ja palju muud!\",\"publisher\":{\"@id\":\"https:\/\/tytan.com\/ee\/#organization\"},\"potentialAction\":[{\"@type\":\"SearchAction\",\"target\":{\"@type\":\"EntryPoint\",\"urlTemplate\":\"https:\/\/tytan.com\/ee\/?s={search_term_string}\"},\"query-input\":{\"@type\":\"PropertyValueSpecification\",\"valueRequired\":true,\"valueName\":\"search_term_string\"}}],\"inLanguage\":\"et\"},{\"@type\":\"Organization\",\"@id\":\"https:\/\/tytan.com\/ee\/#organization\",\"name\":\"Tytan Professional\",\"url\":\"https:\/\/tytan.com\/ee\/\",\"logo\":{\"@type\":\"ImageObject\",\"inLanguage\":\"et\",\"@id\":\"https:\/\/tytan.com\/ee\/#\/schema\/logo\/image\/\",\"url\":\"https:\/\/tytan-cdn.tytan.com\/uploads\/sites\/18\/2021\/07\/logo-white.png\",\"contentUrl\":\"https:\/\/tytan-cdn.tytan.com\/uploads\/sites\/18\/2021\/07\/logo-white.png\",\"width\":474,\"height\":234,\"caption\":\"Tytan Professional\"},\"image\":{\"@id\":\"https:\/\/tytan.com\/ee\/#\/schema\/logo\/image\/\"},\"sameAs\":[\"https:\/\/www.facebook.com\/TytanProfessionalPolska\/\",\"https:\/\/www.instagram.com\/tytan_professional_poland\/\",\"https:\/\/www.youtube.com\/user\/TYTANPROFESSIONAL\"]}]}<\/script>\n<!-- \/ Yoast SEO Premium plugin. -->","yoast_head_json":{"title":"Meie kohta - Tytan Professional Eesti","description":"Tytan Professional loob tooteid ehitus- ja viimistlust\u00f6\u00f6deks, mis on m\u00f5eldud igaks ehitus- ja renoveerimisetapiks. Me oleme osa Selena Groupist.","robots":{"index":"index","follow":"follow","max-snippet":"max-snippet:-1","max-image-preview":"max-image-preview:large","max-video-preview":"max-video-preview:-1"},"canonical":"https:\/\/tytan.com\/ee\/meie-kohta\/","og_locale":"et_EE","og_type":"article","og_title":"Meie kohta","og_description":"Tytan Professional loob tooteid ehitus- ja viimistlust\u00f6\u00f6deks, mis on m\u00f5eldud igaks ehitus- ja renoveerimisetapiks. Me oleme osa Selena Groupist.","og_url":"https:\/\/tytan.com\/ee\/meie-kohta\/","og_site_name":"Tytan Professional Eesti","article_publisher":"https:\/\/www.facebook.com\/TytanProfessionalPolska\/","article_modified_time":"2024-11-28T13:36:42+00:00","og_image":[{"width":1200,"height":675,"url":"https:\/\/tytan-cdn.tytan.com\/uploads\/sites\/56\/2024\/06\/Tytan-Professional-Job-Well-Done-KV_Some_F_1200x675px.jpg","type":"image\/jpeg"}],"twitter_card":"summary_large_image","twitter_misc":{"Est. reading time":"4 minutes"},"schema":{"@context":"https:\/\/schema.org","@graph":[{"@type":"WebPage","@id":"https:\/\/tytan.com\/ee\/meie-kohta\/","url":"https:\/\/tytan.com\/ee\/meie-kohta\/","name":"Meie kohta - Tytan Professional Eesti","isPartOf":{"@id":"https:\/\/tytan.com\/ee\/#website"},"datePublished":"2020-01-04T11:08:22+00:00","dateModified":"2024-11-28T13:36:42+00:00","description":"Tytan Professional loob tooteid ehitus- ja viimistlust\u00f6\u00f6deks, mis on m\u00f5eldud igaks ehitus- ja renoveerimisetapiks. Me oleme osa Selena Groupist.","breadcrumb":{"@id":"https:\/\/tytan.com\/ee\/meie-kohta\/#breadcrumb"},"inLanguage":"et","potentialAction":[{"@type":"ReadAction","target":["https:\/\/tytan.com\/ee\/meie-kohta\/"]}]},{"@type":"BreadcrumbList","@id":"https:\/\/tytan.com\/ee\/meie-kohta\/#breadcrumb","itemListElement":[{"@type":"ListItem","position":1,"name":"Home","item":"https:\/\/tytan.com\/ee\/"},{"@type":"ListItem","position":2,"name":"Meie kohta"}]},{"@type":"WebSite","@id":"https:\/\/tytan.com\/ee\/#website","url":"https:\/\/tytan.com\/ee\/","name":"Tytan Professional Eesti","description":"Ehita kindlalt Tytan Professionaliga! Tutvu laia valikuga ehitus- ja viimistlust\u00f6\u00f6de toodetega: vaht-tuumendid, tihendid, paigaldustuumendid, veekindlad seguained, ETICS-s\u00fcsteemid ja palju muud!","publisher":{"@id":"https:\/\/tytan.com\/ee\/#organization"},"potentialAction":[{"@type":"SearchAction","target":{"@type":"EntryPoint","urlTemplate":"https:\/\/tytan.com\/ee\/?s={search_term_string}"},"query-input":{"@type":"PropertyValueSpecification","valueRequired":true,"valueName":"search_term_string"}}],"inLanguage":"et"},{"@type":"Organization","@id":"https:\/\/tytan.com\/ee\/#organization","name":"Tytan Professional","url":"https:\/\/tytan.com\/ee\/","logo":{"@type":"ImageObject","inLanguage":"et","@id":"https:\/\/tytan.com\/ee\/#\/schema\/logo\/image\/","url":"https:\/\/tytan-cdn.tytan.com\/uploads\/sites\/18\/2021\/07\/logo-white.png","contentUrl":"https:\/\/tytan-cdn.tytan.com\/uploads\/sites\/18\/2021\/07\/logo-white.png","width":474,"height":234,"caption":"Tytan Professional"},"image":{"@id":"https:\/\/tytan.com\/ee\/#\/schema\/logo\/image\/"},"sameAs":["https:\/\/www.facebook.com\/TytanProfessionalPolska\/","https:\/\/www.instagram.com\/tytan_professional_poland\/","https:\/\/www.youtube.com\/user\/TYTANPROFESSIONAL"]}]}},"_links":{"self":[{"href":"https:\/\/tytan.com\/ee\/wp-json\/wp\/v2\/pages\/6420","targetHints":{"allow":["GET"]}}],"collection":[{"href":"https:\/\/tytan.com\/ee\/wp-json\/wp\/v2\/pages"}],"about":[{"href":"https:\/\/tytan.com\/ee\/wp-json\/wp\/v2\/types\/page"}],"author":[{"embeddable":true,"href":"https:\/\/tytan.com\/ee\/wp-json\/wp\/v2\/users\/29"}],"replies":[{"embeddable":true,"href":"https:\/\/tytan.com\/ee\/wp-json\/wp\/v2\/comments?post=6420"}],"version-history":[{"count":15,"href":"https:\/\/tytan.com\/ee\/wp-json\/wp\/v2\/pages\/6420\/revisions"}],"predecessor-version":[{"id":157272,"href":"https:\/\/tytan.com\/ee\/wp-json\/wp\/v2\/pages\/6420\/revisions\/157272"}],"wp:attachment":[{"href":"https:\/\/tytan.com\/ee\/wp-json\/wp\/v2\/media?parent=6420"}],"curies":[{"name":"wp","href":"https:\/\/api.w.org\/{rel}","templated":true}]}}