{"id":6766,"date":"2020-11-13T10:51:29","date_gmt":"2020-11-13T08:51:29","guid":{"rendered":"https:\/\/tytan.com\/cz\/?page_id=6766"},"modified":"2026-02-17T14:57:31","modified_gmt":"2026-02-17T13:57:31","slug":"katalog","status":"publish","type":"page","link":"https:\/\/tytan.com\/cz\/katalog\/","title":{"rendered":"Katalog"},"content":{"rendered":"\t\t<section id=\"f447cd7dc0a80d7838cbfe5160f77f7f\" class=\"catalogs block catalogs alignwide \">\n\t\t\t<div class=\"container\">\n\t\t\t\t<div class=\"row\">\n\t\t\t\t\t<div class=\"col-12\">\n\t\t\t\t\t\t<div class=\"catalogs-list\">\n\t\t\t\t\t\t\t<div class=\"catalogs-list__row\">\n\t\t\t\t\t\t\t\t\t\t\t\t\t\t\t\t\t\t<div class=\"catalogs-list__col \">\n\t\t\t\t\t\t\t\t\t\t\t<div class=\"catalogs-list__item\">\n\t\t\t\t\t\t\t\t\t\t\t\t<div class=\"catalogs-list__iframe\">\n\t\t\t\t\t\t\t\t\t\t\t\t\t<iframe loading=\"lazy\" src=\"https:\/\/player.flipsnack.com?hash=RkNERERDQzhCN0ErZjFwaTJtZjk3\" width=\"100%\" height=\"600\" seamless=\"seamless\" scrolling=\"no\" frameBorder=\"0\" allowFullScreen allow=\"autoplay; clipboard-read; clipboard-write\"><\/iframe>\t\t\t\t\t\t\t\t\t\t\t\t<\/div>\n\t\t\t\t\t\t\t\t\t\t\t\t<div class=\"catalogs-list__btm\">\n\t\t\t\t\t\t\t\t\t\t\t\t\t<div class=\"catalogs-list__desc\">\n\t\t\t\t\t\t\t\t\t\t\t\t\t\t\t\t\t\t\t\t\t\t\t\t\t\t\t\t<p class=\"catalogs-list__mtitle\">Pr\u016fvodce produkty<\/p>\n\t\t\t\t\t\t\t\t\t\t\t\t\t\t\n\t\t\t\t\t\t\t\t\t\t\t\t\t\t\t\t\t\t\t\t\t\t\t\t\t\t\t\t<h2 class=\"catalogs-list__title\">TYTAN PROFESSIONAL<\/h2>\n\t\t\t\t\t\t\t\t\t\t\t\t\t\t\n\t\t\t\t\t\t\t\t\t\t\t\t\t\t\t\t\t\t\t\t\t\t\t\t\t\t\t\t<h3 class=\"catalogs-list__stitle\">Profesion\u00e1ln\u00ed Produkty Pro Stavebnictv\u00ed<\/h3>\n\t\t\t\t\t\t\t\t\t\t\t\t\t\t\t\t\t\t\t\t\t\t\t\t\t\t\t<\/div>\n\t\t\t\t\t\t\t\t\t\t\t\t\t<div class=\"catalogs-list__btns\">\n\t\t\t\t\t\t\t\t\t\t\t\t\t\t\t\t\t\t\t\t\t\t\t\t\t\t\t\t<a class=\"catalogs-list__btn catalogs-list__btn--download\" href=\"https:\/\/www.flipsnack.com\/selenagroup\/tytan-professional-produktovy-katalog\/download-pdf.html\">\n\t\t\t\t\t\t\t\t\t\t\t\t\t\t<svg width=\"24\" height=\"24\" viewBox=\"0 0 24 24\" fill=\"none\" xmlns=\"http:\/\/www.w3.org\/2000\/svg\">\n\t\t\t\t\t\t\t\t\t\t\t\t\t\t\t<path d=\"M21 15v4a2 2 0 01-2 2H5a2 2 0 01-2-2v-4m4-5l5 5 5-5m-5 5V3\" stroke=\"#D71920\" stroke-width=\"2\" stroke-linecap=\"round\" stroke-linejoin=\"round\"\/>\n\t\t\t\t\t\t\t\t\t\t\t\t\t\t<\/svg> St\u00e1hnout\t\t\t\t\t\t\t\t\t\t\t\t\t\t<\/a>\n\t\t\t\t\t\t\t\t\t\t\t\t\t\t\n\t\t\t\t\t\t\t\t\t\t\t\t\t\t<button type=\"button\" class=\"catalogs-list__btn catalogs-list__btn--modal\" data-toggle=\"modal\" data-target=\"#catalog-modal-0\">Zobrazit<\/button>\n\t\t\t\t\t\t\t\t\t\t\t\t\t<\/div>\n\t\t\t\t\t\t\t\t\t\t\t\t<\/div>\n\t\t\t\t\t\t\t\t\t\t\t<\/div>\n\t\t\t\t\t\t\t\t\t\t<\/div>\n\t\t\t\t\t\t\t\t\t\t\t\t\t\t\t\t\t<\/div>\n\t\t\t\t\t\t<\/div>\n\t\t\t\t\t<\/div>\n\t\t\t\t<\/div>\n\t\t\t<\/div>\n\t\t<\/section>\n\n\t\t\t\t\t\t<dialog class=\"catalog-modal\" id=\"catalog-modal-0\" tabindex=\"-1\" role=\"dialog\" aria-labelledby=\"exampleModalLabel\" aria-hidden=\"true\">\n\t\t\t\t\t<div class=\"catalog-modal__wrapper\" role=\"document\">\n\t\t\t\t\t\t<div class=\"catalog-modal__modal-body\">\n\n\t\t\t\t\t\t\t<div class=\"catalog-modal__header\">\n\t\t\t\t\t\t\t\t<div>\n\t\t\t\t\t\t\t\t\t\t\t\t\t\t\t\t\t\t<span>Pr\u016fvodce produkty<\/span>\n\t\t\t\t\t\t\t\t\t\t\t\t\t\t\t\t\t\t\n\t\t\t\t\t\t\t\t\t\t\t\t\t\t\t\t\t\t<span>TYTAN PROFESSIONAL<\/span>\n\t\t\t\t\t\t\t\t\t\t\t\t\t\t\t\t\t<\/div>\n\t\t\t\t\t\t\t\t\t\n\t\t\t\t\t\t\t\t<button type=\"button\" class=\"close catalog-modal__close-button\" data-dismiss=\"modal\" aria-label=\"Close\">\n\t\t\t\t\t\t\t\t\t<span>Odej\u00edt<\/span>\n\t\t\t\t\t\t\t\t<\/button>\n\t\t\t\t\t\t\t<\/div>\n\t\t\t\t\t\t\t\t\t\n\t\t\t\t\t\t\t<div class=\"catalog-modal__iframe\">\n\t\t\t\t\t\t\t\t<iframe loading=\"lazy\" src=\"https:\/\/player.flipsnack.com?hash=RkNERERDQzhCN0ErZjFwaTJtZjk3\" width=\"100%\" height=\"600\" seamless=\"seamless\" scrolling=\"no\" frameBorder=\"0\" allowFullScreen allow=\"autoplay; clipboard-read; clipboard-write\"><\/iframe>\t\t\t\t\t\t\t<\/div>\n\t\t\t\t\t\t<\/div>\n\t\t\t\t\t<\/div>\n\t\t\t\t<\/dialog>\n\t\t\t\t","protected":false},"excerpt":{"rendered":"","protected":false},"author":11,"featured_media":0,"parent":0,"menu_order":0,"comment_status":"closed","ping_status":"closed","template":"page-gutenberg-page.php","meta":{"_acf_changed":false,"footnotes":""},"class_list":["post-6766","page","type-page","status-publish","hentry"],"acf":[],"yoast_head":"<!-- This site is optimized with the Yoast SEO Premium plugin v27.2 (Yoast SEO v27.2) - https:\/\/yoast.com\/product\/yoast-seo-premium-wordpress\/ -->\n<title>Katalog - Tytan Professional \u010cesk\u00e1 Republika<\/title>\n<meta name=\"description\" content=\"St\u00e1hn\u011bte si katalog a prohl\u00e9dn\u011bte si na\u0161e produkty stavebn\u00ed chemie Tytan Professional.\" \/>\n<meta name=\"robots\" content=\"index, follow, max-snippet:-1, max-image-preview:large, max-video-preview:-1\" \/>\n<link rel=\"canonical\" href=\"https:\/\/tytan.com\/cz\/katalog\/\" \/>\n<meta property=\"og:locale\" content=\"cs_CZ\" \/>\n<meta property=\"og:type\" content=\"article\" \/>\n<meta property=\"og:title\" content=\"Katalog\" \/>\n<meta property=\"og:description\" content=\"St\u00e1hn\u011bte si katalog a prohl\u00e9dn\u011bte si na\u0161e produkty stavebn\u00ed chemie Tytan Professional.\" \/>\n<meta property=\"og:url\" content=\"https:\/\/tytan.com\/cz\/katalog\/\" \/>\n<meta property=\"og:site_name\" content=\"Tytan Professional \u010cesk\u00e1 Republika\" \/>\n<meta property=\"article:publisher\" content=\"https:\/\/www.facebook.com\/tytanprofessionalCZ\/\" \/>\n<meta property=\"article:modified_time\" content=\"2026-02-17T13:57:31+00:00\" \/>\n<meta property=\"og:image\" content=\"https:\/\/tytan-cdn.tytan.com\/uploads\/sites\/8\/2022\/03\/Tytan-Professional-building-chemistry.png\" \/>\n\t<meta property=\"og:image:width\" content=\"1200\" \/>\n\t<meta property=\"og:image:height\" content=\"600\" \/>\n\t<meta property=\"og:image:type\" content=\"image\/png\" \/>\n<meta name=\"twitter:label1\" content=\"Est. reading time\" \/>\n\t<meta name=\"twitter:data1\" content=\"1 minute\" \/>\n<script type=\"application\/ld+json\" class=\"yoast-schema-graph\">{\"@context\":\"https:\/\/schema.org\",\"@graph\":[{\"@type\":\"WebPage\",\"@id\":\"https:\/\/tytan.com\/cz\/katalog\/\",\"url\":\"https:\/\/tytan.com\/cz\/katalog\/\",\"name\":\"Katalog - Tytan Professional \u010cesk\u00e1 Republika\",\"isPartOf\":{\"@id\":\"https:\/\/tytan.com\/cz\/#website\"},\"datePublished\":\"2020-11-13T08:51:29+00:00\",\"dateModified\":\"2026-02-17T13:57:31+00:00\",\"description\":\"St\u00e1hn\u011bte si katalog a prohl\u00e9dn\u011bte si na\u0161e produkty stavebn\u00ed chemie Tytan Professional.\",\"breadcrumb\":{\"@id\":\"https:\/\/tytan.com\/cz\/katalog\/#breadcrumb\"},\"inLanguage\":\"cs-CZ\",\"potentialAction\":[{\"@type\":\"ReadAction\",\"target\":[\"https:\/\/tytan.com\/cz\/katalog\/\"]}]},{\"@type\":\"BreadcrumbList\",\"@id\":\"https:\/\/tytan.com\/cz\/katalog\/#breadcrumb\",\"itemListElement\":[{\"@type\":\"ListItem\",\"position\":1,\"name\":\"Home\",\"item\":\"https:\/\/tytan.com\/cz\/\"},{\"@type\":\"ListItem\",\"position\":2,\"name\":\"Katalog\"}]},{\"@type\":\"WebSite\",\"@id\":\"https:\/\/tytan.com\/cz\/#website\",\"url\":\"https:\/\/tytan.com\/cz\/\",\"name\":\"Tytan Professional \u010cesk\u00e1 Republika\",\"description\":\"Stav\u011bt s d\u016fv\u011brou s Tytan Professional! Prohl\u00e9dn\u011bte si \u0161irokou \u0161k\u00e1lu produkt\u016f pro stavebn\u00ed a dokon\u010dovac\u00ed pr\u00e1ce: p\u011bnov\u00e1 lepidla, tmely, mont\u00e1\u017en\u00ed lepidla, hydroizola\u010dn\u00ed hmoty, syst\u00e9my ETICS a dal\u0161\u00ed!\",\"potentialAction\":[{\"@type\":\"SearchAction\",\"target\":{\"@type\":\"EntryPoint\",\"urlTemplate\":\"https:\/\/tytan.com\/cz\/?s={search_term_string}\"},\"query-input\":{\"@type\":\"PropertyValueSpecification\",\"valueRequired\":true,\"valueName\":\"search_term_string\"}}],\"inLanguage\":\"cs-CZ\"}]}<\/script>\n<!-- \/ Yoast SEO Premium plugin. -->","yoast_head_json":{"title":"Katalog - Tytan Professional \u010cesk\u00e1 Republika","description":"St\u00e1hn\u011bte si katalog a prohl\u00e9dn\u011bte si na\u0161e produkty stavebn\u00ed chemie Tytan Professional.","robots":{"index":"index","follow":"follow","max-snippet":"max-snippet:-1","max-image-preview":"max-image-preview:large","max-video-preview":"max-video-preview:-1"},"canonical":"https:\/\/tytan.com\/cz\/katalog\/","og_locale":"cs_CZ","og_type":"article","og_title":"Katalog","og_description":"St\u00e1hn\u011bte si katalog a prohl\u00e9dn\u011bte si na\u0161e produkty stavebn\u00ed chemie Tytan Professional.","og_url":"https:\/\/tytan.com\/cz\/katalog\/","og_site_name":"Tytan Professional \u010cesk\u00e1 Republika","article_publisher":"https:\/\/www.facebook.com\/tytanprofessionalCZ\/","article_modified_time":"2026-02-17T13:57:31+00:00","og_image":[{"width":1200,"height":600,"url":"https:\/\/tytan-cdn.tytan.com\/uploads\/sites\/8\/2022\/03\/Tytan-Professional-building-chemistry.png","type":"image\/png"}],"twitter_misc":{"Est. reading time":"1 minute"},"schema":{"@context":"https:\/\/schema.org","@graph":[{"@type":"WebPage","@id":"https:\/\/tytan.com\/cz\/katalog\/","url":"https:\/\/tytan.com\/cz\/katalog\/","name":"Katalog - Tytan Professional \u010cesk\u00e1 Republika","isPartOf":{"@id":"https:\/\/tytan.com\/cz\/#website"},"datePublished":"2020-11-13T08:51:29+00:00","dateModified":"2026-02-17T13:57:31+00:00","description":"St\u00e1hn\u011bte si katalog a prohl\u00e9dn\u011bte si na\u0161e produkty stavebn\u00ed chemie Tytan Professional.","breadcrumb":{"@id":"https:\/\/tytan.com\/cz\/katalog\/#breadcrumb"},"inLanguage":"cs-CZ","potentialAction":[{"@type":"ReadAction","target":["https:\/\/tytan.com\/cz\/katalog\/"]}]},{"@type":"BreadcrumbList","@id":"https:\/\/tytan.com\/cz\/katalog\/#breadcrumb","itemListElement":[{"@type":"ListItem","position":1,"name":"Home","item":"https:\/\/tytan.com\/cz\/"},{"@type":"ListItem","position":2,"name":"Katalog"}]},{"@type":"WebSite","@id":"https:\/\/tytan.com\/cz\/#website","url":"https:\/\/tytan.com\/cz\/","name":"Tytan Professional \u010cesk\u00e1 Republika","description":"Stav\u011bt s d\u016fv\u011brou s Tytan Professional! Prohl\u00e9dn\u011bte si \u0161irokou \u0161k\u00e1lu produkt\u016f pro stavebn\u00ed a dokon\u010dovac\u00ed pr\u00e1ce: p\u011bnov\u00e1 lepidla, tmely, mont\u00e1\u017en\u00ed lepidla, hydroizola\u010dn\u00ed hmoty, syst\u00e9my ETICS a dal\u0161\u00ed!","potentialAction":[{"@type":"SearchAction","target":{"@type":"EntryPoint","urlTemplate":"https:\/\/tytan.com\/cz\/?s={search_term_string}"},"query-input":{"@type":"PropertyValueSpecification","valueRequired":true,"valueName":"search_term_string"}}],"inLanguage":"cs-CZ"}]}},"_links":{"self":[{"href":"https:\/\/tytan.com\/cz\/wp-json\/wp\/v2\/pages\/6766","targetHints":{"allow":["GET"]}}],"collection":[{"href":"https:\/\/tytan.com\/cz\/wp-json\/wp\/v2\/pages"}],"about":[{"href":"https:\/\/tytan.com\/cz\/wp-json\/wp\/v2\/types\/page"}],"author":[{"embeddable":true,"href":"https:\/\/tytan.com\/cz\/wp-json\/wp\/v2\/users\/11"}],"replies":[{"embeddable":true,"href":"https:\/\/tytan.com\/cz\/wp-json\/wp\/v2\/comments?post=6766"}],"version-history":[{"count":7,"href":"https:\/\/tytan.com\/cz\/wp-json\/wp\/v2\/pages\/6766\/revisions"}],"predecessor-version":[{"id":156889,"href":"https:\/\/tytan.com\/cz\/wp-json\/wp\/v2\/pages\/6766\/revisions\/156889"}],"wp:attachment":[{"href":"https:\/\/tytan.com\/cz\/wp-json\/wp\/v2\/media?parent=6766"}],"curies":[{"name":"wp","href":"https:\/\/api.w.org\/{rel}","templated":true}]}}