{"id":14104,"date":"2021-02-03T09:49:03","date_gmt":"2021-02-03T08:49:03","guid":{"rendered":"https:\/\/www.tytan.pl\/?page_id=11504"},"modified":"2021-12-08T13:10:06","modified_gmt":"2021-12-08T12:10:06","slug":"vzornik-barev","status":"publish","type":"page","link":"https:\/\/tytan.com\/cz\/zona-architekta\/vzornik-barev\/","title":{"rendered":"Vzorn\u00edk barev"},"content":{"rendered":"","protected":false},"excerpt":{"rendered":"","protected":false},"author":11,"featured_media":9507,"parent":13722,"menu_order":4,"comment_status":"closed","ping_status":"closed","template":"page-architectzone.php","meta":{"_acf_changed":false,"footnotes":""},"class_list":["post-14104","page","type-page","status-publish","has-post-thumbnail","hentry"],"acf":[],"yoast_head":"<!-- This site is optimized with the Yoast SEO Premium plugin v27.2 (Yoast SEO v27.2) - https:\/\/yoast.com\/product\/yoast-seo-premium-wordpress\/ -->\n<title>Vzorn\u00edk barev - Tytan Professional \u010cesk\u00e1 Republika<\/title>\n<meta name=\"robots\" content=\"index, follow, max-snippet:-1, max-image-preview:large, max-video-preview:-1\" \/>\n<link rel=\"canonical\" href=\"https:\/\/tytan.com\/cz\/zona-architekta\/vzornik-barev\/\" \/>\n<meta property=\"og:locale\" content=\"cs_CZ\" \/>\n<meta property=\"og:type\" content=\"article\" \/>\n<meta property=\"og:title\" content=\"Vzorn\u00edk barev\" \/>\n<meta property=\"og:url\" content=\"https:\/\/tytan.com\/cz\/zona-architekta\/vzornik-barev\/\" \/>\n<meta property=\"og:site_name\" content=\"Tytan Professional \u010cesk\u00e1 Republika\" \/>\n<meta property=\"article:publisher\" content=\"https:\/\/www.facebook.com\/tytanprofessionalCZ\/\" \/>\n<meta property=\"article:modified_time\" content=\"2021-12-08T12:10:06+00:00\" \/>\n<meta property=\"og:image\" content=\"https:\/\/tytan-cdn.tytan.com\/uploads\/sites\/8\/2022\/03\/Tytan-Professional-building-chemistry.png\" \/>\n\t<meta property=\"og:image:width\" content=\"1200\" \/>\n\t<meta property=\"og:image:height\" content=\"600\" \/>\n\t<meta property=\"og:image:type\" content=\"image\/png\" \/>\n<script type=\"application\/ld+json\" class=\"yoast-schema-graph\">{\"@context\":\"https:\/\/schema.org\",\"@graph\":[{\"@type\":\"WebPage\",\"@id\":\"https:\/\/tytan.com\/cz\/zona-architekta\/vzornik-barev\/\",\"url\":\"https:\/\/tytan.com\/cz\/zona-architekta\/vzornik-barev\/\",\"name\":\"Vzorn\u00edk barev - Tytan Professional \u010cesk\u00e1 Republika\",\"isPartOf\":{\"@id\":\"https:\/\/tytan.com\/cz\/#website\"},\"primaryImageOfPage\":{\"@id\":\"https:\/\/tytan.com\/cz\/zona-architekta\/vzornik-barev\/#primaryimage\"},\"image\":{\"@id\":\"https:\/\/tytan.com\/cz\/zona-architekta\/vzornik-barev\/#primaryimage\"},\"thumbnailUrl\":\"\",\"datePublished\":\"2021-02-03T08:49:03+00:00\",\"dateModified\":\"2021-12-08T12:10:06+00:00\",\"breadcrumb\":{\"@id\":\"https:\/\/tytan.com\/cz\/zona-architekta\/vzornik-barev\/#breadcrumb\"},\"inLanguage\":\"cs-CZ\",\"potentialAction\":[{\"@type\":\"ReadAction\",\"target\":[\"https:\/\/tytan.com\/cz\/zona-architekta\/vzornik-barev\/\"]}]},{\"@type\":\"ImageObject\",\"inLanguage\":\"cs-CZ\",\"@id\":\"https:\/\/tytan.com\/cz\/zona-architekta\/vzornik-barev\/#primaryimage\",\"url\":\"\",\"contentUrl\":\"\"},{\"@type\":\"BreadcrumbList\",\"@id\":\"https:\/\/tytan.com\/cz\/zona-architekta\/vzornik-barev\/#breadcrumb\",\"itemListElement\":[{\"@type\":\"ListItem\",\"position\":1,\"name\":\"Home\",\"item\":\"https:\/\/tytan.com\/cz\/\"},{\"@type\":\"ListItem\",\"position\":2,\"name\":\"Z\u00f3na Architekta\",\"item\":\"https:\/\/tytan.com\/cz\/zona-architekta\/\"},{\"@type\":\"ListItem\",\"position\":3,\"name\":\"Vzorn\u00edk barev\"}]},{\"@type\":\"WebSite\",\"@id\":\"https:\/\/tytan.com\/cz\/#website\",\"url\":\"https:\/\/tytan.com\/cz\/\",\"name\":\"Tytan Professional \u010cesk\u00e1 Republika\",\"description\":\"Stav\u011bt s d\u016fv\u011brou s Tytan Professional! Prohl\u00e9dn\u011bte si \u0161irokou \u0161k\u00e1lu produkt\u016f pro stavebn\u00ed a dokon\u010dovac\u00ed pr\u00e1ce: p\u011bnov\u00e1 lepidla, tmely, mont\u00e1\u017en\u00ed lepidla, hydroizola\u010dn\u00ed hmoty, syst\u00e9my ETICS a dal\u0161\u00ed!\",\"potentialAction\":[{\"@type\":\"SearchAction\",\"target\":{\"@type\":\"EntryPoint\",\"urlTemplate\":\"https:\/\/tytan.com\/cz\/?s={search_term_string}\"},\"query-input\":{\"@type\":\"PropertyValueSpecification\",\"valueRequired\":true,\"valueName\":\"search_term_string\"}}],\"inLanguage\":\"cs-CZ\"}]}<\/script>\n<!-- \/ Yoast SEO Premium plugin. -->","yoast_head_json":{"title":"Vzorn\u00edk barev - Tytan Professional \u010cesk\u00e1 Republika","robots":{"index":"index","follow":"follow","max-snippet":"max-snippet:-1","max-image-preview":"max-image-preview:large","max-video-preview":"max-video-preview:-1"},"canonical":"https:\/\/tytan.com\/cz\/zona-architekta\/vzornik-barev\/","og_locale":"cs_CZ","og_type":"article","og_title":"Vzorn\u00edk barev","og_url":"https:\/\/tytan.com\/cz\/zona-architekta\/vzornik-barev\/","og_site_name":"Tytan Professional \u010cesk\u00e1 Republika","article_publisher":"https:\/\/www.facebook.com\/tytanprofessionalCZ\/","article_modified_time":"2021-12-08T12:10:06+00:00","og_image":[{"width":1200,"height":600,"url":"https:\/\/tytan-cdn.tytan.com\/uploads\/sites\/8\/2022\/03\/Tytan-Professional-building-chemistry.png","type":"image\/png"}],"schema":{"@context":"https:\/\/schema.org","@graph":[{"@type":"WebPage","@id":"https:\/\/tytan.com\/cz\/zona-architekta\/vzornik-barev\/","url":"https:\/\/tytan.com\/cz\/zona-architekta\/vzornik-barev\/","name":"Vzorn\u00edk barev - Tytan Professional \u010cesk\u00e1 Republika","isPartOf":{"@id":"https:\/\/tytan.com\/cz\/#website"},"primaryImageOfPage":{"@id":"https:\/\/tytan.com\/cz\/zona-architekta\/vzornik-barev\/#primaryimage"},"image":{"@id":"https:\/\/tytan.com\/cz\/zona-architekta\/vzornik-barev\/#primaryimage"},"thumbnailUrl":"","datePublished":"2021-02-03T08:49:03+00:00","dateModified":"2021-12-08T12:10:06+00:00","breadcrumb":{"@id":"https:\/\/tytan.com\/cz\/zona-architekta\/vzornik-barev\/#breadcrumb"},"inLanguage":"cs-CZ","potentialAction":[{"@type":"ReadAction","target":["https:\/\/tytan.com\/cz\/zona-architekta\/vzornik-barev\/"]}]},{"@type":"ImageObject","inLanguage":"cs-CZ","@id":"https:\/\/tytan.com\/cz\/zona-architekta\/vzornik-barev\/#primaryimage","url":"","contentUrl":""},{"@type":"BreadcrumbList","@id":"https:\/\/tytan.com\/cz\/zona-architekta\/vzornik-barev\/#breadcrumb","itemListElement":[{"@type":"ListItem","position":1,"name":"Home","item":"https:\/\/tytan.com\/cz\/"},{"@type":"ListItem","position":2,"name":"Z\u00f3na Architekta","item":"https:\/\/tytan.com\/cz\/zona-architekta\/"},{"@type":"ListItem","position":3,"name":"Vzorn\u00edk barev"}]},{"@type":"WebSite","@id":"https:\/\/tytan.com\/cz\/#website","url":"https:\/\/tytan.com\/cz\/","name":"Tytan Professional \u010cesk\u00e1 Republika","description":"Stav\u011bt s d\u016fv\u011brou s Tytan Professional! Prohl\u00e9dn\u011bte si \u0161irokou \u0161k\u00e1lu produkt\u016f pro stavebn\u00ed a dokon\u010dovac\u00ed pr\u00e1ce: p\u011bnov\u00e1 lepidla, tmely, mont\u00e1\u017en\u00ed lepidla, hydroizola\u010dn\u00ed hmoty, syst\u00e9my ETICS a dal\u0161\u00ed!","potentialAction":[{"@type":"SearchAction","target":{"@type":"EntryPoint","urlTemplate":"https:\/\/tytan.com\/cz\/?s={search_term_string}"},"query-input":{"@type":"PropertyValueSpecification","valueRequired":true,"valueName":"search_term_string"}}],"inLanguage":"cs-CZ"}]}},"_links":{"self":[{"href":"https:\/\/tytan.com\/cz\/wp-json\/wp\/v2\/pages\/14104","targetHints":{"allow":["GET"]}}],"collection":[{"href":"https:\/\/tytan.com\/cz\/wp-json\/wp\/v2\/pages"}],"about":[{"href":"https:\/\/tytan.com\/cz\/wp-json\/wp\/v2\/types\/page"}],"author":[{"embeddable":true,"href":"https:\/\/tytan.com\/cz\/wp-json\/wp\/v2\/users\/11"}],"replies":[{"embeddable":true,"href":"https:\/\/tytan.com\/cz\/wp-json\/wp\/v2\/comments?post=14104"}],"version-history":[{"count":3,"href":"https:\/\/tytan.com\/cz\/wp-json\/wp\/v2\/pages\/14104\/revisions"}],"predecessor-version":[{"id":14321,"href":"https:\/\/tytan.com\/cz\/wp-json\/wp\/v2\/pages\/14104\/revisions\/14321"}],"up":[{"embeddable":true,"href":"https:\/\/tytan.com\/cz\/wp-json\/wp\/v2\/pages\/13722"}],"wp:featuredmedia":[{"embeddable":true,"href":"https:\/\/tytan.com\/cz\/wp-json\/"}],"wp:attachment":[{"href":"https:\/\/tytan.com\/cz\/wp-json\/wp\/v2\/media?parent=14104"}],"curies":[{"name":"wp","href":"https:\/\/api.w.org\/{rel}","templated":true}]}}