{"id":9190,"date":"2022-02-01T11:03:47","date_gmt":"2022-02-01T14:03:47","guid":{"rendered":"https:\/\/tytan.com\/br\/?page_id=9190"},"modified":"2025-09-04T16:50:50","modified_gmt":"2025-09-04T19:50:50","slug":"catalogo","status":"publish","type":"page","link":"https:\/\/tytan.com\/br\/catalogo\/","title":{"rendered":"Cat\u00e1logo"},"content":{"rendered":"\t\t<section id=\"2b9886a0cd359a9679cac30db9888ad4\" class=\"catalogs block catalogs align \">\n\t\t\t<div class=\"container\">\n\t\t\t\t<div class=\"row\">\n\t\t\t\t\t<div class=\"col-12\">\n\t\t\t\t\t\t<div class=\"catalogs-list\">\n\t\t\t\t\t\t\t<div class=\"catalogs-list__row\">\n\t\t\t\t\t\t\t\t\t\t\t\t\t\t\t\t\t\t<div class=\"catalogs-list__col \">\n\t\t\t\t\t\t\t\t\t\t\t<div class=\"catalogs-list__item\">\n\t\t\t\t\t\t\t\t\t\t\t\t<div class=\"catalogs-list__iframe\">\n\t\t\t\t\t\t\t\t\t\t\t\t\t\t\t\t\t\t\t\t\t\t\t\t\t<\/div>\n\t\t\t\t\t\t\t\t\t\t\t\t<div class=\"catalogs-list__btm\">\n\t\t\t\t\t\t\t\t\t\t\t\t\t<div class=\"catalogs-list__desc\">\n\t\t\t\t\t\t\t\t\t\t\t\t\t\t\t\t\t\t\t\t\t\t\t\t\t\t\t\t<p class=\"catalogs-list__mtitle\">Catalogo 2025<\/p>\n\t\t\t\t\t\t\t\t\t\t\t\t\t\t\n\t\t\t\t\t\t\t\t\t\t\t\t\t\t\t\t\t\t\t\t\t\t\t\t\t\t\t\t<h2 class=\"catalogs-list__title\">TYTAN PROFESSIONAL<\/h2>\n\t\t\t\t\t\t\t\t\t\t\t\t\t\t\n\t\t\t\t\t\t\t\t\t\t\t\t\t\t\t\t\t\t\t\t\t\t\t\t\t\t\t<\/div>\n\t\t\t\t\t\t\t\t\t\t\t\t\t<div class=\"catalogs-list__btns\">\n\t\t\t\t\t\t\t\t\t\t\t\t\t\t\t\t\t\t\t\t\t\t\t\t\t\t\t\t<a class=\"catalogs-list__btn catalogs-list__btn--download\" href=\"http:\/\/drive.google.com\/file\/d\/1x0gLSjUPzE4PRwQM6fSb51Mw4gOhB3AL\/view?usp=drive_link\">\n\t\t\t\t\t\t\t\t\t\t\t\t\t\t<svg width=\"24\" height=\"24\" viewBox=\"0 0 24 24\" fill=\"none\" xmlns=\"http:\/\/www.w3.org\/2000\/svg\">\n\t\t\t\t\t\t\t\t\t\t\t\t\t\t\t<path d=\"M21 15v4a2 2 0 01-2 2H5a2 2 0 01-2-2v-4m4-5l5 5 5-5m-5 5V3\" stroke=\"#D71920\" stroke-width=\"2\" stroke-linecap=\"round\" stroke-linejoin=\"round\"\/>\n\t\t\t\t\t\t\t\t\t\t\t\t\t\t<\/svg> Download\t\t\t\t\t\t\t\t\t\t\t\t\t\t<\/a>\n\t\t\t\t\t\t\t\t\t\t\t\t\t\t\n\t\t\t\t\t\t\t\t\t\t\t\t\t\t<button type=\"button\" class=\"catalogs-list__btn catalogs-list__btn--modal\" data-toggle=\"modal\" data-target=\"#catalog-modal-0\">Ver<\/button>\n\t\t\t\t\t\t\t\t\t\t\t\t\t<\/div>\n\t\t\t\t\t\t\t\t\t\t\t\t<\/div>\n\t\t\t\t\t\t\t\t\t\t\t<\/div>\n\t\t\t\t\t\t\t\t\t\t<\/div>\n\t\t\t\t\t\t\t\t\t\t\t\t\t\t\t\t\t<\/div>\n\t\t\t\t\t\t<\/div>\n\t\t\t\t\t<\/div>\n\t\t\t\t<\/div>\n\t\t\t<\/div>\n\t\t<\/section>\n\n\t\t\t\t\t\t<dialog class=\"catalog-modal\" id=\"catalog-modal-0\" tabindex=\"-1\" role=\"dialog\" aria-labelledby=\"exampleModalLabel\" aria-hidden=\"true\">\n\t\t\t\t\t<div class=\"catalog-modal__wrapper\" role=\"document\">\n\t\t\t\t\t\t<div class=\"catalog-modal__modal-body\">\n\n\t\t\t\t\t\t\t<div class=\"catalog-modal__header\">\n\t\t\t\t\t\t\t\t<div>\n\t\t\t\t\t\t\t\t\t\t\t\t\t\t\t\t\t\t<span>Catalogo 2025<\/span>\n\t\t\t\t\t\t\t\t\t\t\t\t\t\t\t\t\t\t\n\t\t\t\t\t\t\t\t\t\t\t\t\t\t\t\t\t\t<span>TYTAN PROFESSIONAL<\/span>\n\t\t\t\t\t\t\t\t\t\t\t\t\t\t\t\t\t<\/div>\n\t\t\t\t\t\t\t\t\t\n\t\t\t\t\t\t\t\t<button type=\"button\" class=\"close catalog-modal__close-button\" data-dismiss=\"modal\" aria-label=\"Close\">\n\t\t\t\t\t\t\t\t\t<span>Sair<\/span>\n\t\t\t\t\t\t\t\t<\/button>\n\t\t\t\t\t\t\t<\/div>\n\t\t\t\t\t\t\t\t\t\n\t\t\t\t\t\t\t<div class=\"catalog-modal__iframe\">\n\t\t\t\t\t\t\t\t\t\t\t\t\t\t\t<\/div>\n\t\t\t\t\t\t<\/div>\n\t\t\t\t\t<\/div>\n\t\t\t\t<\/dialog>\n\t\t\t\t\n\n\t\t<section id=\"a5733d4c333f68eed0e98e9f17c39bed\" class=\"catalogs block catalogs alignwide \">\n\t\t\t<div class=\"container\">\n\t\t\t\t<div class=\"row\">\n\t\t\t\t\t<div class=\"col-12\">\n\t\t\t\t\t\t<div class=\"catalogs-list\">\n\t\t\t\t\t\t\t<div class=\"catalogs-list__row\">\n\t\t\t\t\t\t\t\t\t\t\t\t\t\t\t<\/div>\n\t\t\t\t\t\t<\/div>\n\t\t\t\t\t<\/div>\n\t\t\t\t<\/div>\n\t\t\t<\/div>\n\t\t<\/section>\n\n\t\t\n\n\n<div class=\"wp-block-columns is-layout-flex wp-container-core-columns-is-layout-9d6595d7 wp-block-columns-is-layout-flex\">\n<div class=\"wp-block-column is-layout-flow wp-block-column-is-layout-flow\" style=\"flex-basis:100%\">\n<h2 class=\"wp-block-heading\" id=\"h-\"><\/h2>\n\n\n\n<div class=\"wp-block-columns is-layout-flex wp-container-core-columns-is-layout-9d6595d7 wp-block-columns-is-layout-flex\">\n<div class=\"wp-block-column is-layout-flow wp-block-column-is-layout-flow\">\n<figure class=\"wp-block-image aligncenter size-large is-resized\"><img loading=\"lazy\" decoding=\"async\" width=\"1024\" height=\"1024\" src=\"https:\/\/tytan-cdn.tytan.com\/uploads\/sites\/5\/2025\/08\/CatalogoImage.pdf-1-1024x1024.png\" alt=\"\" class=\"wp-image-16491\" style=\"width:595px;height:auto\" \/><\/figure>\n\n\n\n<h2 class=\"wp-block-heading\" id=\"h-\"><\/h2>\n<\/div>\n<\/div>\n<\/div>\n<\/div>\n\n\n\n<p><\/p>\n","protected":false},"excerpt":{"rendered":"","protected":false},"author":49,"featured_media":0,"parent":0,"menu_order":0,"comment_status":"closed","ping_status":"closed","template":"page-gutenberg-page.php","meta":{"_acf_changed":false,"_joinchat":[],"footnotes":""},"class_list":["post-9190","page","type-page","status-publish","hentry"],"acf":[],"yoast_head":"<!-- This site is optimized with the Yoast SEO Premium plugin v27.2 (Yoast SEO v27.2) - https:\/\/yoast.com\/product\/yoast-seo-premium-wordpress\/ -->\n<title>Cat\u00e1logo - Tytan Professional Brasil<\/title>\n<meta name=\"description\" content=\"Descubra nossos produtos, temos linhas especiais para cada fun\u00e7\u00e3o!\" \/>\n<meta name=\"robots\" content=\"index, follow, max-snippet:-1, max-image-preview:large, max-video-preview:-1\" \/>\n<link rel=\"canonical\" href=\"https:\/\/tytan.com\/br\/catalogo\/\" \/>\n<meta property=\"og:locale\" content=\"pt_BR\" \/>\n<meta property=\"og:type\" content=\"article\" \/>\n<meta property=\"og:title\" content=\"Cat\u00e1logo\" \/>\n<meta property=\"og:description\" content=\"Descubra nossos produtos, temos linhas especiais para cada fun\u00e7\u00e3o!\" \/>\n<meta property=\"og:url\" content=\"https:\/\/tytan.com\/br\/catalogo\/\" \/>\n<meta property=\"og:site_name\" content=\"Tytan Professional Brasil\" \/>\n<meta property=\"article:publisher\" content=\"https:\/\/www.facebook.com\/tytanbrasil\" \/>\n<meta property=\"article:modified_time\" content=\"2025-09-04T19:50:50+00:00\" \/>\n<meta property=\"og:image\" content=\"https:\/\/tytan-cdn.tytan.com\/uploads\/sites\/5\/2025\/08\/CatalogoImage.pdf-1-e1757013624342.png\" \/>\n\t<meta property=\"og:image:width\" content=\"200\" \/>\n\t<meta property=\"og:image:height\" content=\"200\" \/>\n\t<meta property=\"og:image:type\" content=\"image\/png\" \/>\n<meta name=\"twitter:label1\" content=\"Est. reading time\" \/>\n\t<meta name=\"twitter:data1\" content=\"1 minute\" \/>\n<script type=\"application\/ld+json\" class=\"yoast-schema-graph\">{\"@context\":\"https:\/\/schema.org\",\"@graph\":[{\"@type\":\"WebPage\",\"@id\":\"https:\/\/tytan.com\/br\/catalogo\/\",\"url\":\"https:\/\/tytan.com\/br\/catalogo\/\",\"name\":\"Cat\u00e1logo - Tytan Professional Brasil\",\"isPartOf\":{\"@id\":\"https:\/\/tytan.com\/br\/#website\"},\"primaryImageOfPage\":{\"@id\":\"https:\/\/tytan.com\/br\/catalogo\/#primaryimage\"},\"image\":{\"@id\":\"https:\/\/tytan.com\/br\/catalogo\/#primaryimage\"},\"thumbnailUrl\":\"https:\/\/tytan-cdn.tytan.com\/uploads\/sites\/5\/2025\/08\/CatalogoImage.pdf-1-1024x1024.png\",\"datePublished\":\"2022-02-01T14:03:47+00:00\",\"dateModified\":\"2025-09-04T19:50:50+00:00\",\"description\":\"Descubra nossos produtos, temos linhas especiais para cada fun\u00e7\u00e3o!\",\"breadcrumb\":{\"@id\":\"https:\/\/tytan.com\/br\/catalogo\/#breadcrumb\"},\"inLanguage\":\"pt-BR\",\"potentialAction\":[{\"@type\":\"ReadAction\",\"target\":[\"https:\/\/tytan.com\/br\/catalogo\/\"]}]},{\"@type\":\"ImageObject\",\"inLanguage\":\"pt-BR\",\"@id\":\"https:\/\/tytan.com\/br\/catalogo\/#primaryimage\",\"url\":\"https:\/\/tytan-cdn.tytan.com\/uploads\/sites\/5\/2025\/08\/CatalogoImage.pdf-1-1024x1024.png\",\"contentUrl\":\"https:\/\/tytan-cdn.tytan.com\/uploads\/sites\/5\/2025\/08\/CatalogoImage.pdf-1-1024x1024.png\"},{\"@type\":\"BreadcrumbList\",\"@id\":\"https:\/\/tytan.com\/br\/catalogo\/#breadcrumb\",\"itemListElement\":[{\"@type\":\"ListItem\",\"position\":1,\"name\":\"Home\",\"item\":\"https:\/\/tytan.com\/br\/\"},{\"@type\":\"ListItem\",\"position\":2,\"name\":\"Cat\u00e1logo\"}]},{\"@type\":\"WebSite\",\"@id\":\"https:\/\/tytan.com\/br\/#website\",\"url\":\"https:\/\/tytan.com\/br\/\",\"name\":\"Tytan Professional Brasil\",\"description\":\"Tytan Professional \u00e9 uma marca do grupo Selena. No Brasil a Tytan Professional trabalha com produtos nas seguintes categorias: Espumas Expansivas de Poliuretano, Selantes e  Adesivos.\",\"potentialAction\":[{\"@type\":\"SearchAction\",\"target\":{\"@type\":\"EntryPoint\",\"urlTemplate\":\"https:\/\/tytan.com\/br\/?s={search_term_string}\"},\"query-input\":{\"@type\":\"PropertyValueSpecification\",\"valueRequired\":true,\"valueName\":\"search_term_string\"}}],\"inLanguage\":\"pt-BR\"}]}<\/script>\n<!-- \/ Yoast SEO Premium plugin. -->","yoast_head_json":{"title":"Cat\u00e1logo - Tytan Professional Brasil","description":"Descubra nossos produtos, temos linhas especiais para cada fun\u00e7\u00e3o!","robots":{"index":"index","follow":"follow","max-snippet":"max-snippet:-1","max-image-preview":"max-image-preview:large","max-video-preview":"max-video-preview:-1"},"canonical":"https:\/\/tytan.com\/br\/catalogo\/","og_locale":"pt_BR","og_type":"article","og_title":"Cat\u00e1logo","og_description":"Descubra nossos produtos, temos linhas especiais para cada fun\u00e7\u00e3o!","og_url":"https:\/\/tytan.com\/br\/catalogo\/","og_site_name":"Tytan Professional Brasil","article_publisher":"https:\/\/www.facebook.com\/tytanbrasil","article_modified_time":"2025-09-04T19:50:50+00:00","og_image":[{"width":200,"height":200,"url":"https:\/\/tytan-cdn.tytan.com\/uploads\/sites\/5\/2025\/08\/CatalogoImage.pdf-1-e1757013624342.png","type":"image\/png"}],"twitter_misc":{"Est. reading time":"1 minute"},"schema":{"@context":"https:\/\/schema.org","@graph":[{"@type":"WebPage","@id":"https:\/\/tytan.com\/br\/catalogo\/","url":"https:\/\/tytan.com\/br\/catalogo\/","name":"Cat\u00e1logo - Tytan Professional Brasil","isPartOf":{"@id":"https:\/\/tytan.com\/br\/#website"},"primaryImageOfPage":{"@id":"https:\/\/tytan.com\/br\/catalogo\/#primaryimage"},"image":{"@id":"https:\/\/tytan.com\/br\/catalogo\/#primaryimage"},"thumbnailUrl":"https:\/\/tytan-cdn.tytan.com\/uploads\/sites\/5\/2025\/08\/CatalogoImage.pdf-1-1024x1024.png","datePublished":"2022-02-01T14:03:47+00:00","dateModified":"2025-09-04T19:50:50+00:00","description":"Descubra nossos produtos, temos linhas especiais para cada fun\u00e7\u00e3o!","breadcrumb":{"@id":"https:\/\/tytan.com\/br\/catalogo\/#breadcrumb"},"inLanguage":"pt-BR","potentialAction":[{"@type":"ReadAction","target":["https:\/\/tytan.com\/br\/catalogo\/"]}]},{"@type":"ImageObject","inLanguage":"pt-BR","@id":"https:\/\/tytan.com\/br\/catalogo\/#primaryimage","url":"https:\/\/tytan-cdn.tytan.com\/uploads\/sites\/5\/2025\/08\/CatalogoImage.pdf-1-1024x1024.png","contentUrl":"https:\/\/tytan-cdn.tytan.com\/uploads\/sites\/5\/2025\/08\/CatalogoImage.pdf-1-1024x1024.png"},{"@type":"BreadcrumbList","@id":"https:\/\/tytan.com\/br\/catalogo\/#breadcrumb","itemListElement":[{"@type":"ListItem","position":1,"name":"Home","item":"https:\/\/tytan.com\/br\/"},{"@type":"ListItem","position":2,"name":"Cat\u00e1logo"}]},{"@type":"WebSite","@id":"https:\/\/tytan.com\/br\/#website","url":"https:\/\/tytan.com\/br\/","name":"Tytan Professional Brasil","description":"Tytan Professional \u00e9 uma marca do grupo Selena. No Brasil a Tytan Professional trabalha com produtos nas seguintes categorias: Espumas Expansivas de Poliuretano, Selantes e  Adesivos.","potentialAction":[{"@type":"SearchAction","target":{"@type":"EntryPoint","urlTemplate":"https:\/\/tytan.com\/br\/?s={search_term_string}"},"query-input":{"@type":"PropertyValueSpecification","valueRequired":true,"valueName":"search_term_string"}}],"inLanguage":"pt-BR"}]}},"_links":{"self":[{"href":"https:\/\/tytan.com\/br\/wp-json\/wp\/v2\/pages\/9190","targetHints":{"allow":["GET"]}}],"collection":[{"href":"https:\/\/tytan.com\/br\/wp-json\/wp\/v2\/pages"}],"about":[{"href":"https:\/\/tytan.com\/br\/wp-json\/wp\/v2\/types\/page"}],"author":[{"embeddable":true,"href":"https:\/\/tytan.com\/br\/wp-json\/wp\/v2\/users\/49"}],"replies":[{"embeddable":true,"href":"https:\/\/tytan.com\/br\/wp-json\/wp\/v2\/comments?post=9190"}],"version-history":[{"count":20,"href":"https:\/\/tytan.com\/br\/wp-json\/wp\/v2\/pages\/9190\/revisions"}],"predecessor-version":[{"id":16545,"href":"https:\/\/tytan.com\/br\/wp-json\/wp\/v2\/pages\/9190\/revisions\/16545"}],"wp:attachment":[{"href":"https:\/\/tytan.com\/br\/wp-json\/wp\/v2\/media?parent=9190"}],"curies":[{"name":"wp","href":"https:\/\/api.w.org\/{rel}","templated":true}]}}