{"id":6421,"date":"2020-01-04T12:08:53","date_gmt":"2020-01-04T12:08:53","guid":{"rendered":"http:\/\/wordpress-selena-lb.eu-central-1.elasticbeanstalk.com\/?page_id=36"},"modified":"2025-09-02T12:02:00","modified_gmt":"2025-09-02T15:02:00","slug":"contato","status":"publish","type":"page","link":"https:\/\/tytan.com\/br\/contato\/","title":{"rendered":"Contato"},"content":{"rendered":"","protected":false},"excerpt":{"rendered":"","protected":false},"author":3,"featured_media":0,"parent":0,"menu_order":0,"comment_status":"closed","ping_status":"closed","template":"page-contact.php","meta":{"_acf_changed":false,"_joinchat":[],"footnotes":""},"class_list":["post-6421","page","type-page","status-publish","hentry"],"acf":[],"yoast_head":"<!-- This site is optimized with the Yoast SEO Premium plugin v27.2 (Yoast SEO v27.2) - https:\/\/yoast.com\/product\/yoast-seo-premium-wordpress\/ -->\n<title>Contato - Tytan Professional Brasil<\/title>\n<meta name=\"description\" content=\"Voc\u00ea tem d\u00favidas sobre as solu\u00e7\u00f5es Tytan Professional? Ligue para tel:+5541992755078 se precisar de suporte.\" \/>\n<meta name=\"robots\" content=\"index, follow, max-snippet:-1, max-image-preview:large, max-video-preview:-1\" \/>\n<link rel=\"canonical\" href=\"https:\/\/tytan.com\/br\/contato\/\" \/>\n<meta property=\"og:locale\" content=\"pt_BR\" \/>\n<meta property=\"og:type\" content=\"article\" \/>\n<meta property=\"og:title\" content=\"Contato\" \/>\n<meta property=\"og:description\" content=\"Voc\u00ea tem d\u00favidas sobre as solu\u00e7\u00f5es Tytan Professional? Ligue para tel:+5541992755078 se precisar de suporte.\" \/>\n<meta property=\"og:url\" content=\"https:\/\/tytan.com\/br\/contato\/\" \/>\n<meta property=\"og:site_name\" content=\"Tytan Professional Brasil\" \/>\n<meta property=\"article:publisher\" content=\"https:\/\/www.facebook.com\/tytanbrasil\" \/>\n<meta property=\"article:modified_time\" content=\"2025-09-02T15:02:00+00:00\" \/>\n<meta property=\"og:image\" content=\"https:\/\/tytan-cdn.tytan.com\/uploads\/sites\/5\/2022\/03\/Tytan-Professional-building-chemistry.png\" \/>\n\t<meta property=\"og:image:width\" content=\"1200\" \/>\n\t<meta property=\"og:image:height\" content=\"600\" \/>\n\t<meta property=\"og:image:type\" content=\"image\/png\" \/>\n<meta name=\"twitter:label1\" content=\"Est. reading time\" \/>\n\t<meta name=\"twitter:data1\" content=\"8 minutes\" \/>\n<script type=\"application\/ld+json\" class=\"yoast-schema-graph\">{\"@context\":\"https:\/\/schema.org\",\"@graph\":[{\"@type\":\"WebPage\",\"@id\":\"https:\/\/tytan.com\/br\/contato\/\",\"url\":\"https:\/\/tytan.com\/br\/contato\/\",\"name\":\"Contato - Tytan Professional Brasil\",\"isPartOf\":{\"@id\":\"https:\/\/tytan.com\/br\/#website\"},\"datePublished\":\"2020-01-04T12:08:53+00:00\",\"dateModified\":\"2025-09-02T15:02:00+00:00\",\"description\":\"Voc\u00ea tem d\u00favidas sobre as solu\u00e7\u00f5es Tytan Professional? Ligue para tel:+5541992755078 se precisar de suporte.\",\"breadcrumb\":{\"@id\":\"https:\/\/tytan.com\/br\/contato\/#breadcrumb\"},\"inLanguage\":\"pt-BR\",\"potentialAction\":[{\"@type\":\"ReadAction\",\"target\":[\"https:\/\/tytan.com\/br\/contato\/\"]}]},{\"@type\":\"BreadcrumbList\",\"@id\":\"https:\/\/tytan.com\/br\/contato\/#breadcrumb\",\"itemListElement\":[{\"@type\":\"ListItem\",\"position\":1,\"name\":\"Home\",\"item\":\"https:\/\/tytan.com\/br\/\"},{\"@type\":\"ListItem\",\"position\":2,\"name\":\"Contato\"}]},{\"@type\":\"WebSite\",\"@id\":\"https:\/\/tytan.com\/br\/#website\",\"url\":\"https:\/\/tytan.com\/br\/\",\"name\":\"Tytan Professional Brasil\",\"description\":\"Tytan Professional \u00e9 uma marca do grupo Selena. No Brasil a Tytan Professional trabalha com produtos nas seguintes categorias: Espumas Expansivas de Poliuretano, Selantes e  Adesivos.\",\"potentialAction\":[{\"@type\":\"SearchAction\",\"target\":{\"@type\":\"EntryPoint\",\"urlTemplate\":\"https:\/\/tytan.com\/br\/?s={search_term_string}\"},\"query-input\":{\"@type\":\"PropertyValueSpecification\",\"valueRequired\":true,\"valueName\":\"search_term_string\"}}],\"inLanguage\":\"pt-BR\"}]}<\/script>\n<!-- \/ Yoast SEO Premium plugin. -->","yoast_head_json":{"title":"Contato - Tytan Professional Brasil","description":"Voc\u00ea tem d\u00favidas sobre as solu\u00e7\u00f5es Tytan Professional? Ligue para tel:+5541992755078 se precisar de suporte.","robots":{"index":"index","follow":"follow","max-snippet":"max-snippet:-1","max-image-preview":"max-image-preview:large","max-video-preview":"max-video-preview:-1"},"canonical":"https:\/\/tytan.com\/br\/contato\/","og_locale":"pt_BR","og_type":"article","og_title":"Contato","og_description":"Voc\u00ea tem d\u00favidas sobre as solu\u00e7\u00f5es Tytan Professional? Ligue para tel:+5541992755078 se precisar de suporte.","og_url":"https:\/\/tytan.com\/br\/contato\/","og_site_name":"Tytan Professional Brasil","article_publisher":"https:\/\/www.facebook.com\/tytanbrasil","article_modified_time":"2025-09-02T15:02:00+00:00","og_image":[{"width":1200,"height":600,"url":"https:\/\/tytan-cdn.tytan.com\/uploads\/sites\/5\/2022\/03\/Tytan-Professional-building-chemistry.png","type":"image\/png"}],"twitter_misc":{"Est. reading time":"8 minutes"},"schema":{"@context":"https:\/\/schema.org","@graph":[{"@type":"WebPage","@id":"https:\/\/tytan.com\/br\/contato\/","url":"https:\/\/tytan.com\/br\/contato\/","name":"Contato - Tytan Professional Brasil","isPartOf":{"@id":"https:\/\/tytan.com\/br\/#website"},"datePublished":"2020-01-04T12:08:53+00:00","dateModified":"2025-09-02T15:02:00+00:00","description":"Voc\u00ea tem d\u00favidas sobre as solu\u00e7\u00f5es Tytan Professional? Ligue para tel:+5541992755078 se precisar de suporte.","breadcrumb":{"@id":"https:\/\/tytan.com\/br\/contato\/#breadcrumb"},"inLanguage":"pt-BR","potentialAction":[{"@type":"ReadAction","target":["https:\/\/tytan.com\/br\/contato\/"]}]},{"@type":"BreadcrumbList","@id":"https:\/\/tytan.com\/br\/contato\/#breadcrumb","itemListElement":[{"@type":"ListItem","position":1,"name":"Home","item":"https:\/\/tytan.com\/br\/"},{"@type":"ListItem","position":2,"name":"Contato"}]},{"@type":"WebSite","@id":"https:\/\/tytan.com\/br\/#website","url":"https:\/\/tytan.com\/br\/","name":"Tytan Professional Brasil","description":"Tytan Professional \u00e9 uma marca do grupo Selena. No Brasil a Tytan Professional trabalha com produtos nas seguintes categorias: Espumas Expansivas de Poliuretano, Selantes e  Adesivos.","potentialAction":[{"@type":"SearchAction","target":{"@type":"EntryPoint","urlTemplate":"https:\/\/tytan.com\/br\/?s={search_term_string}"},"query-input":{"@type":"PropertyValueSpecification","valueRequired":true,"valueName":"search_term_string"}}],"inLanguage":"pt-BR"}]}},"_links":{"self":[{"href":"https:\/\/tytan.com\/br\/wp-json\/wp\/v2\/pages\/6421","targetHints":{"allow":["GET"]}}],"collection":[{"href":"https:\/\/tytan.com\/br\/wp-json\/wp\/v2\/pages"}],"about":[{"href":"https:\/\/tytan.com\/br\/wp-json\/wp\/v2\/types\/page"}],"author":[{"embeddable":true,"href":"https:\/\/tytan.com\/br\/wp-json\/wp\/v2\/users\/3"}],"replies":[{"embeddable":true,"href":"https:\/\/tytan.com\/br\/wp-json\/wp\/v2\/comments?post=6421"}],"version-history":[{"count":25,"href":"https:\/\/tytan.com\/br\/wp-json\/wp\/v2\/pages\/6421\/revisions"}],"predecessor-version":[{"id":16535,"href":"https:\/\/tytan.com\/br\/wp-json\/wp\/v2\/pages\/6421\/revisions\/16535"}],"wp:attachment":[{"href":"https:\/\/tytan.com\/br\/wp-json\/wp\/v2\/media?parent=6421"}],"curies":[{"name":"wp","href":"https:\/\/api.w.org\/{rel}","templated":true}]}}