{"id":6420,"date":"2020-01-04T12:08:22","date_gmt":"2020-01-04T12:08:22","guid":{"rendered":"http:\/\/wordpress-selena-lb.eu-central-1.elasticbeanstalk.com\/?page_id=32"},"modified":"2023-10-26T12:09:57","modified_gmt":"2023-10-26T15:09:57","slug":"sobre-a-tytan","status":"publish","type":"page","link":"https:\/\/tytan.com\/br\/sobre-a-tytan\/","title":{"rendered":"Sobre a Tytan"},"content":{"rendered":"","protected":false},"excerpt":{"rendered":"","protected":false},"author":3,"featured_media":0,"parent":0,"menu_order":0,"comment_status":"closed","ping_status":"closed","template":"","meta":{"_acf_changed":false,"_joinchat":[],"footnotes":""},"class_list":["post-6420","page","type-page","status-publish","hentry"],"acf":[],"yoast_head":"<!-- This site is optimized with the Yoast SEO Premium plugin v27.2 (Yoast SEO v27.2) - https:\/\/yoast.com\/product\/yoast-seo-premium-wordpress\/ -->\n<title>Sobre a Tytan - Tytan Professional Brasil<\/title>\n<meta name=\"description\" content=\"A Tytan Professional cria produtos para obras de constru\u00e7\u00e3o e acabamento, pensados \u200b\u200bpara todas as fases de constru\u00e7\u00e3o e renova\u00e7\u00e3o. Fazemos parte do Grupo Selena.\" \/>\n<meta name=\"robots\" content=\"index, follow, max-snippet:-1, max-image-preview:large, max-video-preview:-1\" \/>\n<link rel=\"canonical\" href=\"https:\/\/tytan.com\/br\/sobre-a-tytan\/\" \/>\n<meta property=\"og:locale\" content=\"pt_BR\" \/>\n<meta property=\"og:type\" content=\"article\" \/>\n<meta property=\"og:title\" content=\"Sobre a Tytan\" \/>\n<meta property=\"og:description\" content=\"A Tytan Professional cria produtos para obras de constru\u00e7\u00e3o e acabamento, pensados \u200b\u200bpara todas as fases de constru\u00e7\u00e3o e renova\u00e7\u00e3o. Fazemos parte do Grupo Selena.\" \/>\n<meta property=\"og:url\" content=\"https:\/\/tytan.com\/br\/sobre-a-tytan\/\" \/>\n<meta property=\"og:site_name\" content=\"Tytan Professional Brasil\" \/>\n<meta property=\"article:publisher\" content=\"https:\/\/www.facebook.com\/tytanbrasil\" \/>\n<meta property=\"article:modified_time\" content=\"2023-10-26T15:09:57+00:00\" \/>\n<meta property=\"og:image\" content=\"https:\/\/tytan-cdn.tytan.com\/uploads\/sites\/5\/2022\/03\/Tytan-Professional-building-chemistry.png\" \/>\n\t<meta property=\"og:image:width\" content=\"1200\" \/>\n\t<meta property=\"og:image:height\" content=\"600\" \/>\n\t<meta property=\"og:image:type\" content=\"image\/png\" \/>\n<script type=\"application\/ld+json\" class=\"yoast-schema-graph\">{\"@context\":\"https:\/\/schema.org\",\"@graph\":[{\"@type\":\"WebPage\",\"@id\":\"https:\/\/tytan.com\/br\/sobre-a-tytan\/\",\"url\":\"https:\/\/tytan.com\/br\/sobre-a-tytan\/\",\"name\":\"Sobre a Tytan - Tytan Professional Brasil\",\"isPartOf\":{\"@id\":\"https:\/\/tytan.com\/br\/#website\"},\"datePublished\":\"2020-01-04T12:08:22+00:00\",\"dateModified\":\"2023-10-26T15:09:57+00:00\",\"description\":\"A Tytan Professional cria produtos para obras de constru\u00e7\u00e3o e acabamento, pensados \u200b\u200bpara todas as fases de constru\u00e7\u00e3o e renova\u00e7\u00e3o. Fazemos parte do Grupo Selena.\",\"breadcrumb\":{\"@id\":\"https:\/\/tytan.com\/br\/sobre-a-tytan\/#breadcrumb\"},\"inLanguage\":\"pt-BR\",\"potentialAction\":[{\"@type\":\"ReadAction\",\"target\":[\"https:\/\/tytan.com\/br\/sobre-a-tytan\/\"]}]},{\"@type\":\"BreadcrumbList\",\"@id\":\"https:\/\/tytan.com\/br\/sobre-a-tytan\/#breadcrumb\",\"itemListElement\":[{\"@type\":\"ListItem\",\"position\":1,\"name\":\"Home\",\"item\":\"https:\/\/tytan.com\/br\/\"},{\"@type\":\"ListItem\",\"position\":2,\"name\":\"Sobre a Tytan\"}]},{\"@type\":\"WebSite\",\"@id\":\"https:\/\/tytan.com\/br\/#website\",\"url\":\"https:\/\/tytan.com\/br\/\",\"name\":\"Tytan Professional Brasil\",\"description\":\"Tytan Professional \u00e9 uma marca do grupo Selena. No Brasil a Tytan Professional trabalha com produtos nas seguintes categorias: Espumas Expansivas de Poliuretano, Selantes e  Adesivos.\",\"potentialAction\":[{\"@type\":\"SearchAction\",\"target\":{\"@type\":\"EntryPoint\",\"urlTemplate\":\"https:\/\/tytan.com\/br\/?s={search_term_string}\"},\"query-input\":{\"@type\":\"PropertyValueSpecification\",\"valueRequired\":true,\"valueName\":\"search_term_string\"}}],\"inLanguage\":\"pt-BR\"}]}<\/script>\n<!-- \/ Yoast SEO Premium plugin. -->","yoast_head_json":{"title":"Sobre a Tytan - Tytan Professional Brasil","description":"A Tytan Professional cria produtos para obras de constru\u00e7\u00e3o e acabamento, pensados \u200b\u200bpara todas as fases de constru\u00e7\u00e3o e renova\u00e7\u00e3o. Fazemos parte do Grupo Selena.","robots":{"index":"index","follow":"follow","max-snippet":"max-snippet:-1","max-image-preview":"max-image-preview:large","max-video-preview":"max-video-preview:-1"},"canonical":"https:\/\/tytan.com\/br\/sobre-a-tytan\/","og_locale":"pt_BR","og_type":"article","og_title":"Sobre a Tytan","og_description":"A Tytan Professional cria produtos para obras de constru\u00e7\u00e3o e acabamento, pensados \u200b\u200bpara todas as fases de constru\u00e7\u00e3o e renova\u00e7\u00e3o. Fazemos parte do Grupo Selena.","og_url":"https:\/\/tytan.com\/br\/sobre-a-tytan\/","og_site_name":"Tytan Professional Brasil","article_publisher":"https:\/\/www.facebook.com\/tytanbrasil","article_modified_time":"2023-10-26T15:09:57+00:00","og_image":[{"width":1200,"height":600,"url":"https:\/\/tytan-cdn.tytan.com\/uploads\/sites\/5\/2022\/03\/Tytan-Professional-building-chemistry.png","type":"image\/png"}],"schema":{"@context":"https:\/\/schema.org","@graph":[{"@type":"WebPage","@id":"https:\/\/tytan.com\/br\/sobre-a-tytan\/","url":"https:\/\/tytan.com\/br\/sobre-a-tytan\/","name":"Sobre a Tytan - Tytan Professional Brasil","isPartOf":{"@id":"https:\/\/tytan.com\/br\/#website"},"datePublished":"2020-01-04T12:08:22+00:00","dateModified":"2023-10-26T15:09:57+00:00","description":"A Tytan Professional cria produtos para obras de constru\u00e7\u00e3o e acabamento, pensados \u200b\u200bpara todas as fases de constru\u00e7\u00e3o e renova\u00e7\u00e3o. Fazemos parte do Grupo Selena.","breadcrumb":{"@id":"https:\/\/tytan.com\/br\/sobre-a-tytan\/#breadcrumb"},"inLanguage":"pt-BR","potentialAction":[{"@type":"ReadAction","target":["https:\/\/tytan.com\/br\/sobre-a-tytan\/"]}]},{"@type":"BreadcrumbList","@id":"https:\/\/tytan.com\/br\/sobre-a-tytan\/#breadcrumb","itemListElement":[{"@type":"ListItem","position":1,"name":"Home","item":"https:\/\/tytan.com\/br\/"},{"@type":"ListItem","position":2,"name":"Sobre a Tytan"}]},{"@type":"WebSite","@id":"https:\/\/tytan.com\/br\/#website","url":"https:\/\/tytan.com\/br\/","name":"Tytan Professional Brasil","description":"Tytan Professional \u00e9 uma marca do grupo Selena. No Brasil a Tytan Professional trabalha com produtos nas seguintes categorias: Espumas Expansivas de Poliuretano, Selantes e  Adesivos.","potentialAction":[{"@type":"SearchAction","target":{"@type":"EntryPoint","urlTemplate":"https:\/\/tytan.com\/br\/?s={search_term_string}"},"query-input":{"@type":"PropertyValueSpecification","valueRequired":true,"valueName":"search_term_string"}}],"inLanguage":"pt-BR"}]}},"_links":{"self":[{"href":"https:\/\/tytan.com\/br\/wp-json\/wp\/v2\/pages\/6420","targetHints":{"allow":["GET"]}}],"collection":[{"href":"https:\/\/tytan.com\/br\/wp-json\/wp\/v2\/pages"}],"about":[{"href":"https:\/\/tytan.com\/br\/wp-json\/wp\/v2\/types\/page"}],"author":[{"embeddable":true,"href":"https:\/\/tytan.com\/br\/wp-json\/wp\/v2\/users\/3"}],"replies":[{"embeddable":true,"href":"https:\/\/tytan.com\/br\/wp-json\/wp\/v2\/comments?post=6420"}],"version-history":[{"count":3,"href":"https:\/\/tytan.com\/br\/wp-json\/wp\/v2\/pages\/6420\/revisions"}],"predecessor-version":[{"id":16075,"href":"https:\/\/tytan.com\/br\/wp-json\/wp\/v2\/pages\/6420\/revisions\/16075"}],"wp:attachment":[{"href":"https:\/\/tytan.com\/br\/wp-json\/wp\/v2\/media?parent=6420"}],"curies":[{"name":"wp","href":"https:\/\/api.w.org\/{rel}","templated":true}]}}